{"id":1692,"date":"2020-04-12T07:51:46","date_gmt":"2020-04-12T07:51:46","guid":{"rendered":"https:\/\/www.airsoft.admaxstage.com\/?product=vapenvaska-svart"},"modified":"2025-12-18T20:01:23","modified_gmt":"2025-12-18T19:01:23","slug":"invader-gear-predator-combat-pant-atp-black","status":"publish","type":"product","link":"http:\/\/airsoftspecialisten.admaxstage.com\/en\/shop\/vapentillbehor-vapendelar-2\/vapen-vaskor-vapentillbehor-vapendelar-2\/invader-gear-predator-combat-pant-atp-black\/","title":{"rendered":"Weapon bag Black"},"content":{"rendered":"<p>Made of high-quality, lightweight and durable Aspen 500D material, the Primal Gear gun case has a maximum length of 1000 mm.<\/p>\n<p>The use of solid seams and high-quality accessories such as Velcro and buckles also increase resistance and durability.<\/p>\n<p>Inside the main compartment there are three stabilising belts and it has four pockets for two rifle magazines.<\/p>\n<p>The accessories are secured with an internal soft sponge.<\/p>\n<p>Additional accessories shown in the pictures are not included in the set.<\/p>","protected":false},"excerpt":{"rendered":"<p>Tillverkad av h\u00f6gkvalitativt, l\u00e4tt och h\u00e5llbart Aspen 500D-material, har Primal Gear-pistolv\u00e4skan en maximal l\u00e4ngd p\u00e5 1000 mm. Anv\u00e4ndningen av solida s\u00f6mmar och h\u00f6gkvalitativa tillbeh\u00f6r som kardborreband och sp\u00e4nnen \u00f6kar dessutom motst\u00e5ndet och h\u00e5llbarheten. Inuti huvudfacket finns tre stabiliserande b\u00e4lten och den har fyra fickor f\u00f6r tv\u00e5 gev\u00e4rsmagasin. Tillbeh\u00f6ren \u00e4r s\u00e4krade med en inv\u00e4ndig mjuk svamp. [&hellip;]<\/p>","protected":false},"featured_media":8072,"comment_status":"open","ping_status":"closed","template":"","meta":[],"product_brand":[],"product_cat":[1484],"product_tag":[662,661,660,663],"class_list":{"0":"post-1692","1":"product","2":"type-product","3":"status-publish","4":"has-post-thumbnail","6":"product_cat-vapen-vaskor-vapentillbehor-vapendelar-2","7":"product_tag-forvaring","8":"product_tag-gun-bag","9":"product_tag-vapenvaska","10":"product_tag-vasak-gun-bag","11":"product_shipping_class-1-3-arbetsdagar","13":"first","14":"instock","15":"taxable","16":"shipping-taxable","17":"purchasable","18":"product-type-simple","19":"add-to-wishlist-before_image"},"_links":{"self":[{"href":"http:\/\/airsoftspecialisten.admaxstage.com\/en\/wp-json\/wp\/v2\/product\/1692","targetHints":{"allow":["GET"]}}],"collection":[{"href":"http:\/\/airsoftspecialisten.admaxstage.com\/en\/wp-json\/wp\/v2\/product"}],"about":[{"href":"http:\/\/airsoftspecialisten.admaxstage.com\/en\/wp-json\/wp\/v2\/types\/product"}],"replies":[{"embeddable":true,"href":"http:\/\/airsoftspecialisten.admaxstage.com\/en\/wp-json\/wp\/v2\/comments?post=1692"}],"wp:featuredmedia":[{"embeddable":true,"href":"http:\/\/airsoftspecialisten.admaxstage.com\/en\/wp-json\/wp\/v2\/media\/8072"}],"wp:attachment":[{"href":"http:\/\/airsoftspecialisten.admaxstage.com\/en\/wp-json\/wp\/v2\/media?parent=1692"}],"wp:term":[{"taxonomy":"product_brand","embeddable":true,"href":"http:\/\/airsoftspecialisten.admaxstage.com\/en\/wp-json\/wp\/v2\/product_brand?post=1692"},{"taxonomy":"product_cat","embeddable":true,"href":"http:\/\/airsoftspecialisten.admaxstage.com\/en\/wp-json\/wp\/v2\/product_cat?post=1692"},{"taxonomy":"product_tag","embeddable":true,"href":"http:\/\/airsoftspecialisten.admaxstage.com\/en\/wp-json\/wp\/v2\/product_tag?post=1692"}],"curies":[{"name":"wp","href":"https:\/\/api.w.org\/{rel}","templated":true}]}}