{"id":2094,"date":"2024-11-23T00:28:00","date_gmt":"2024-11-23T00:28:00","guid":{"rendered":"https:\/\/www.airsoft.admaxstage.com\/?product=nar-de-doda-kom-till-herrgarden"},"modified":"2025-12-18T20:01:31","modified_gmt":"2025-12-18T19:01:31","slug":"nar-de-doda-kom-till-herrgarden","status":"publish","type":"product","link":"http:\/\/airsoftspecialisten.admaxstage.com\/en\/shop\/ammunition-drivmedel\/forfattare-mikael\/nar-de-doda-kom-till-herrgarden\/","title":{"rendered":"When the dead came to the mansion"},"content":{"rendered":"<p>Mikael Girnus has created an evil world right here in our midst:<\/p>\n<p>Who is good?<\/p>\n<p>Who is evil?<\/p>\n<p>Who is alive?<\/p>\n<p>Who is already dead?<\/p>\n<p>Hans Mansson is called to the Albert's Fort mental hospital. A life prisoner wants to tell a crazy story. Someone has murdered his entire family. Are the relatives really dead? Did the spirits perhaps help?<\/p>\n<p>Who is Hans Mansson?<\/p>\n<p>Who did he become afterwards?... or what?<br \/>Author: Mikael Girnus<br \/>Edition: 1<br \/>ISBN: 9789187297250<br \/>Language: Swedish<br \/>Published: 2017-05-11<br \/>Publisher: Selstam.se publishing house<br \/>Number of pages: 262<\/p>","protected":false},"excerpt":{"rendered":"<p>Mikael Girnus har skapat en ondskefull v\u00e4rld, h\u00e4r mitt ibland oss: Vem \u00e4r god? Vem \u00e4r ond? Vem \u00e4r levande? Vem \u00e4r redan d\u00f6d? Hans Mansson kallas till sinnessjukhuset Alberts Fort. En livstidsf\u00e5nge vill ber\u00e4tta en vansinnig historia. N\u00e5gon har m\u00f6rdat hela hans sl\u00e4kt. \u00c4r sl\u00e4ktingarna verkligen d\u00f6da? Hj\u00e4lpte kanske andarna till? Vem \u00e4r Hans [&hellip;]<\/p>","protected":false},"featured_media":2095,"comment_status":"open","ping_status":"closed","template":"","meta":[],"product_brand":[],"product_cat":[58],"product_tag":[792,791],"class_list":{"0":"post-2094","1":"product","2":"type-product","3":"status-publish","4":"has-post-thumbnail","6":"product_cat-forfattare-mikael","7":"product_tag-bocker","8":"product_tag-bok","9":"product_shipping_class-1-3-arbetsdagar","11":"first","12":"instock","13":"taxable","14":"shipping-taxable","15":"purchasable","16":"product-type-simple","17":"add-to-wishlist-before_image"},"_links":{"self":[{"href":"http:\/\/airsoftspecialisten.admaxstage.com\/en\/wp-json\/wp\/v2\/product\/2094","targetHints":{"allow":["GET"]}}],"collection":[{"href":"http:\/\/airsoftspecialisten.admaxstage.com\/en\/wp-json\/wp\/v2\/product"}],"about":[{"href":"http:\/\/airsoftspecialisten.admaxstage.com\/en\/wp-json\/wp\/v2\/types\/product"}],"replies":[{"embeddable":true,"href":"http:\/\/airsoftspecialisten.admaxstage.com\/en\/wp-json\/wp\/v2\/comments?post=2094"}],"wp:featuredmedia":[{"embeddable":true,"href":"http:\/\/airsoftspecialisten.admaxstage.com\/en\/wp-json\/wp\/v2\/media\/2095"}],"wp:attachment":[{"href":"http:\/\/airsoftspecialisten.admaxstage.com\/en\/wp-json\/wp\/v2\/media?parent=2094"}],"wp:term":[{"taxonomy":"product_brand","embeddable":true,"href":"http:\/\/airsoftspecialisten.admaxstage.com\/en\/wp-json\/wp\/v2\/product_brand?post=2094"},{"taxonomy":"product_cat","embeddable":true,"href":"http:\/\/airsoftspecialisten.admaxstage.com\/en\/wp-json\/wp\/v2\/product_cat?post=2094"},{"taxonomy":"product_tag","embeddable":true,"href":"http:\/\/airsoftspecialisten.admaxstage.com\/en\/wp-json\/wp\/v2\/product_tag?post=2094"}],"curies":[{"name":"wp","href":"https:\/\/api.w.org\/{rel}","templated":true}]}}