{"id":5076,"date":"2024-05-20T22:19:00","date_gmt":"2024-05-20T20:19:00","guid":{"rendered":"http:\/\/airsoftspecialisten.admaxstage.com\/?post_type=product&#038;p=5076"},"modified":"2025-12-18T20:01:56","modified_gmt":"2025-12-18T19:01:56","slug":"0-25g-bio-tracer-bb-professional-performance-2000rds","status":"publish","type":"product","link":"http:\/\/airsoftspecialisten.admaxstage.com\/en\/shop\/ammunition-drivmedel\/kulor\/kulor-tracer\/0-25g-bio-tracer-bb-professional-performance-2000rds\/","title":{"rendered":"0.25g Bio Tracer BB Professional Performance 2000rds"},"content":{"rendered":"<p>Bio Tracer BB - Professional Performance 2000rds<\/p>\n<p>Take your game to a new level of precision and style with these top quality biodegradable tracer balls! The Bio Tracer BB Professional Performance is designed to provide a smooth trajectory, high accuracy and is perfect to use in combination with a tracer unit for cool light trails in the dark or indoors.<\/p>\n<p>Vikt &amp; Kaliber: Tillg\u00e4ngliga i flera vikter, alltid 6mm<\/p>\n<p>Content: 2000 marbles<\/p>\n<p>Material: Biodegradable PLA plastic - environmentally friendly<\/p>\n<p>Surface: Polished for smooth feeding and reduced risk of jamming<\/p>\n<p>Compatibility: Fits most airsoft guns, both AEG and GBB<\/p>\n<p>Perfect for both serious gamers and night games where visibility and performance are crucial. Delivers professional performance without compromising the environment!<\/p>","protected":false},"excerpt":{"rendered":"<p>Bio Tracer BB \u2013 Professional Performance 2000rds Ge ditt spel en ny niv\u00e5 av precision och stil med dessa biologiskt nedbrytbara tracerkulor av h\u00f6gsta kvalitet! Bio Tracer BB Professional Performance \u00e4r utvecklade f\u00f6r att ge j\u00e4mn kulbana, h\u00f6g tr\u00e4ffs\u00e4kerhet och \u00e4r perfekta att anv\u00e4nda i kombination med en tracer-enhet f\u00f6r h\u00e4ftiga ljussp\u00e5r i m\u00f6rker eller [&hellip;]<\/p>","protected":false},"featured_media":5077,"comment_status":"closed","ping_status":"closed","template":"","meta":[],"product_brand":[378],"product_cat":[68],"product_tag":[544,1128,299,1129,380,546],"class_list":{"0":"post-5076","1":"product","2":"type-product","3":"status-publish","4":"has-post-thumbnail","6":"product_brand-nimrod","7":"product_cat-kulor-tracer","8":"product_tag-025g","9":"product_tag-1128","10":"product_tag-green","11":"product_tag-grona","12":"product_tag-nimrod","13":"product_tag-tracer","14":"product_shipping_class-1-3-arbetsdagar","16":"first","17":"instock","18":"sale","19":"taxable","20":"shipping-taxable","21":"purchasable","22":"product-type-simple","23":"add-to-wishlist-before_image"},"_links":{"self":[{"href":"http:\/\/airsoftspecialisten.admaxstage.com\/en\/wp-json\/wp\/v2\/product\/5076","targetHints":{"allow":["GET"]}}],"collection":[{"href":"http:\/\/airsoftspecialisten.admaxstage.com\/en\/wp-json\/wp\/v2\/product"}],"about":[{"href":"http:\/\/airsoftspecialisten.admaxstage.com\/en\/wp-json\/wp\/v2\/types\/product"}],"replies":[{"embeddable":true,"href":"http:\/\/airsoftspecialisten.admaxstage.com\/en\/wp-json\/wp\/v2\/comments?post=5076"}],"wp:featuredmedia":[{"embeddable":true,"href":"http:\/\/airsoftspecialisten.admaxstage.com\/en\/wp-json\/wp\/v2\/media\/5077"}],"wp:attachment":[{"href":"http:\/\/airsoftspecialisten.admaxstage.com\/en\/wp-json\/wp\/v2\/media?parent=5076"}],"wp:term":[{"taxonomy":"product_brand","embeddable":true,"href":"http:\/\/airsoftspecialisten.admaxstage.com\/en\/wp-json\/wp\/v2\/product_brand?post=5076"},{"taxonomy":"product_cat","embeddable":true,"href":"http:\/\/airsoftspecialisten.admaxstage.com\/en\/wp-json\/wp\/v2\/product_cat?post=5076"},{"taxonomy":"product_tag","embeddable":true,"href":"http:\/\/airsoftspecialisten.admaxstage.com\/en\/wp-json\/wp\/v2\/product_tag?post=5076"}],"curies":[{"name":"wp","href":"https:\/\/api.w.org\/{rel}","templated":true}]}}