{"id":6982,"date":"2025-11-15T22:17:48","date_gmt":"2025-11-15T21:17:48","guid":{"rendered":"http:\/\/airsoftspecialisten.admaxstage.com\/?post_type=product&#038;p=6982"},"modified":"2025-12-18T20:02:10","modified_gmt":"2025-12-18T19:02:10","slug":"nimrod-rifle-hard-case-100cm","status":"publish","type":"product","link":"http:\/\/airsoftspecialisten.admaxstage.com\/en\/shop\/vapentillbehor-vapendelar\/vapen-vaskor\/nimrod-rifle-hard-case-100cm\/","title":{"rendered":"Nimrod Rifle Hard Case 100cm"},"content":{"rendered":"<div class=\"n4sEPd\">\n<div class=\"QFw9Te BLojaf\">\n<div class=\"NQSJo\">\n<div class=\"n4sEPd\">\n<div class=\"QFw9Te BLojaf\">\n<div data-grammarly-part=\"button\">\n<div class=\"amkYk\">\n<div class=\"ptGJG\">\n<div><\/div>\n<\/div>\n<\/div>\n<\/div>\n<\/div>\n<div class=\"FFpbKc\">\n<div class=\"xMmqsf\"><span class=\"jCAhz ChMk0b\"><span class=\"ryNqvb\">H\u00e5rd v\u00e4ska f\u00f6r vapentransport fr\u00e5n Nimrod Tactical H\u00e5rd v\u00e4skan fr\u00e5n Nimrod Tactical \u00e4r den perfekta l\u00f6sningen f\u00f6r s\u00e4ker f\u00f6rvaring och transport av skjutvapen.<\/span><\/span> <span class=\"jCAhz ChMk0b\"><span class=\"ryNqvb\">Denna v\u00e4ska \u00e4r dammt\u00e4t och vattent\u00e4t (IP67), vilket garanterar tillf\u00f6rlitligt skydd under alla f\u00f6rh\u00e5llanden.<\/span><\/span><\/div>\n<div class=\"xMmqsf\"><span class=\"jCAhz ChMk0b\"><span class=\"ryNqvb\">Tack vare sp\u00e5r p\u00e5 ytan kan flera v\u00e4skor staplas s\u00e4kert f\u00f6r att spara utrymme n\u00e4r de f\u00f6rvaras eller transporteras tillsammans i ett fordon.<\/span><\/span> <span class=\"jCAhz ChMk0b\"><span class=\"ryNqvb\">V\u00e4skan har fyra skjutbara l\u00e5s och \u00f6ppningar f\u00f6r h\u00e4ngl\u00e5s f\u00f6r extra s\u00e4kerhet.<\/span><\/span><\/div>\n<div class=\"xMmqsf\"><span class=\"jCAhz ChMk0b\"><span class=\"ryNqvb\">Ett robust handtag, transport hjul och rept\u00e5lig plast konstruktion garanterar l\u00e5ngvarig h\u00e5llbarhet och enkel hantering.<\/span><\/span><span class=\"jCAhz ChMk0b\"><span class=\"ryNqvb\"> Insidan av v\u00e5g skum ger en t\u00e4t passform f\u00f6r ditt skjutvapen och skyddar det mot st\u00f6tar.<\/span><\/span><\/div>\n<div><\/div>\n<div class=\"xMmqsf\"><span class=\"jCAhz ChMk0b\"><span class=\"ryNqvb\">Skyddande skum varianter fr\u00e5n Nimrod V\u00e5g skum &#8211; <\/span><\/span><span class=\"jCAhz ChMk0b\"><span class=\"ryNqvb\">F\u00f6rskuret skum med v\u00e5gformad stoppning, vilket s\u00e4kerst\u00e4ller en s\u00e4ker och stabil placering av skjutvapen.<\/span><\/span><\/div>\n<div class=\"xMmqsf\"><span class=\"jCAhz ChMk0b\"><span class=\"ryNqvb\">PNP-skum &#8211; Pick and Pick-and-Pluck-kubskum som kan anpassas f\u00f6r att passa skjutvapen och tillbeh\u00f6r.<\/span><\/span><\/div>\n<div class=\"xMmqsf\"><span class=\"jCAhz ChMk0b\"><span class=\"ryNqvb\">F\u00f6rskuret skum &#8211; Finns i pistol v\u00e4skor, med f\u00f6rskurna sp\u00e5r f\u00f6r en fullstor eller kompakt pistol och ett magasin.<\/span><\/span><span class=\"jCAhz ChMk0b\"><span class=\"ryNqvb\"> Viktiga funktioner Rept\u00e5lig plast.<\/span><\/span><span class=\"jCAhz ChMk0b\"><span class=\"ryNqvb\"> S\u00e4ker transport med skyddande skum inredning.<\/span><\/span><span class=\"jCAhz ChMk0b\"><span class=\"ryNqvb\"> 4 skjutbara l\u00e5s och \u00f6ppningar f\u00f6r h\u00e4ngl\u00e5s.<\/span><\/span><span class=\"jCAhz ChMk0b\"><span class=\"ryNqvb\"> Stapelbar design med sammankopplade sp\u00e5r.<\/span><\/span><\/div>\n<div class=\"xMmqsf\"><span class=\"jCAhz ChMk0b\"><span class=\"ryNqvb\">IP67-certifiering (vattent\u00e4t och dammt\u00e4t).<\/span><\/span><span class=\"jCAhz ChMk0b\"><span class=\"ryNqvb\"> Robust handtag och transport hjul f\u00f6r enkel transport.<\/span><\/span><\/div>\n<div><\/div>\n<div class=\"xMmqsf\"><span class=\"jCAhz ChMk0b\"><span class=\"ryNqvb\">Tekniska specifikationer <\/span><\/span><\/div>\n<div class=\"xMmqsf\"><span class=\"jCAhz ChMk0b\"><span class=\"ryNqvb\">Ytterm\u00e5tt: 100 x 35 x 14 cm <\/span><\/span><\/div>\n<div class=\"xMmqsf\"><span class=\"jCAhz ChMk0b\"><span class=\"ryNqvb\">Innerm\u00e5tt: 93 x 29 x 9 cm <\/span><\/span><\/div>\n<div class=\"xMmqsf\"><span class=\"jCAhz ChMk0b\"><span class=\"ryNqvb\">Vikt: 4,72 kg <\/span><\/span><\/div>\n<div class=\"xMmqsf\"><span class=\"jCAhz ChMk0b\"><span class=\"ryNqvb\">Vattent\u00e4thets klassning: IP67 <\/span><\/span><\/div>\n<div class=\"xMmqsf\"><span class=\"jCAhz ChMk0b\"><span class=\"ryNqvb\">Skum typ: Waves <\/span><\/span><\/div>\n<div class=\"xMmqsf\"><span class=\"jCAhz ChMk0b\"><span class=\"ryNqvb\">Transporthandtag: Ja <\/span><\/span><\/div>\n<div class=\"xMmqsf\"><span class=\"jCAhz ChMk0b\"><span class=\"ryNqvb\">(topp och sida) Transporthjul: <\/span><\/span><\/div>\n<div class=\"xMmqsf\"><span class=\"jCAhz ChMk0b\"><span class=\"ryNqvb\">Ja F\u00f6rpackningens inneh\u00e5ll Nimrod Tactical Hard Case Vapentransportv\u00e4ska<\/span><\/span><\/div>\n<\/div>\n<\/div>\n<\/div>\n<\/div>\n<\/div>","protected":false},"excerpt":{"rendered":"<p>H\u00e5rd v\u00e4ska f\u00f6r vapentransport fr\u00e5n Nimrod Tactical H\u00e5rd v\u00e4skan fr\u00e5n Nimrod Tactical \u00e4r den perfekta l\u00f6sningen f\u00f6r s\u00e4ker f\u00f6rvaring och transport av skjutvapen. Denna v\u00e4ska \u00e4r dammt\u00e4t och vattent\u00e4t (IP67), vilket garanterar tillf\u00f6rlitligt skydd under alla f\u00f6rh\u00e5llanden. Tack vare sp\u00e5r p\u00e5 ytan kan flera v\u00e4skor staplas s\u00e4kert f\u00f6r att spara utrymme n\u00e4r de f\u00f6rvaras eller [&hellip;]<\/p>","protected":false},"featured_media":6984,"comment_status":"closed","ping_status":"closed","template":"","meta":[],"product_brand":[378],"product_cat":[85],"product_tag":[729,1433,1432,660,723],"class_list":{"0":"post-6982","1":"product","2":"type-product","3":"status-publish","4":"has-post-thumbnail","6":"product_brand-nimrod","7":"product_cat-vapen-vaskor","8":"product_tag-case","9":"product_tag-hard-case","10":"product_tag-transportvaska","11":"product_tag-vapenvaska","12":"product_tag-vaska","13":"product_shipping_class-1-3-arbetsdagar","15":"first","16":"instock","17":"taxable","18":"shipping-taxable","19":"purchasable","20":"product-type-simple","21":"add-to-wishlist-before_image"},"_links":{"self":[{"href":"http:\/\/airsoftspecialisten.admaxstage.com\/en\/wp-json\/wp\/v2\/product\/6982","targetHints":{"allow":["GET"]}}],"collection":[{"href":"http:\/\/airsoftspecialisten.admaxstage.com\/en\/wp-json\/wp\/v2\/product"}],"about":[{"href":"http:\/\/airsoftspecialisten.admaxstage.com\/en\/wp-json\/wp\/v2\/types\/product"}],"replies":[{"embeddable":true,"href":"http:\/\/airsoftspecialisten.admaxstage.com\/en\/wp-json\/wp\/v2\/comments?post=6982"}],"wp:featuredmedia":[{"embeddable":true,"href":"http:\/\/airsoftspecialisten.admaxstage.com\/en\/wp-json\/wp\/v2\/media\/6984"}],"wp:attachment":[{"href":"http:\/\/airsoftspecialisten.admaxstage.com\/en\/wp-json\/wp\/v2\/media?parent=6982"}],"wp:term":[{"taxonomy":"product_brand","embeddable":true,"href":"http:\/\/airsoftspecialisten.admaxstage.com\/en\/wp-json\/wp\/v2\/product_brand?post=6982"},{"taxonomy":"product_cat","embeddable":true,"href":"http:\/\/airsoftspecialisten.admaxstage.com\/en\/wp-json\/wp\/v2\/product_cat?post=6982"},{"taxonomy":"product_tag","embeddable":true,"href":"http:\/\/airsoftspecialisten.admaxstage.com\/en\/wp-json\/wp\/v2\/product_tag?post=6982"}],"curies":[{"name":"wp","href":"https:\/\/api.w.org\/{rel}","templated":true}]}}