{"id":998,"date":"2019-07-03T21:39:31","date_gmt":"2019-07-03T21:39:31","guid":{"rendered":"https:\/\/www.airsoft.admaxstage.com\/?product=a-hopup-gummi-vsrgbb"},"modified":"2025-12-18T20:01:12","modified_gmt":"2025-12-18T19:01:12","slug":"a-hopup-gummi-for-vsr-och-gbb-pipor","status":"publish","type":"product","link":"http:\/\/airsoftspecialisten.admaxstage.com\/en\/shop\/vapentillbehor-vapendelar-2\/interna-delar-gbb-vapentillbehor-vapendelar-2\/a-hopup-gummi-for-vsr-och-gbb-pipor\/","title":{"rendered":"A+ Hopup Rubber VSR\/GBB"},"content":{"rendered":"<p class=\"content\" data-hook=\"product-page-description-content\">Hopup rubber to fit GBB guns and VSR barrels. <\/p>\n<p>A+ Airsoft rubbers are made of high quality silicone rubber, the rounded shape of the contact surface allows the rubber to make better contact with the ball<br \/>giving it a better and more stable spin and ball trajectory.<\/p>\n<p>If you compare this rubber with an original rubber, you will see a big improvement in the accuracy and range of your pistol or rifle.<br \/>For optimal results, you need to use either a concave nub\/tensioner or a flat nub\/tensioner so that the contact surface retains its round shape when pressure is applied.<\/p>","protected":false},"excerpt":{"rendered":"<p>Hopup gummi som passar GBB pistoler och VSR pipor. A+ Airsoft gummin \u00e4r gjorda av h\u00f6gkvalitets silikongummi, Den rundade formen av kontaktytan g\u00f6r att gummin f\u00e5r b\u00e4ttre kontakt med kulanvilket ger den en b\u00e4ttre och stabilare spin och kulbana. J\u00e4mf\u00f6r du detta gummi med ett orginalgummi s\u00e5 kommer du se en stor f\u00f6rb\u00e4ttring i pricks\u00e4kerhet [&hellip;]<\/p>","protected":false},"featured_media":7655,"comment_status":"open","ping_status":"closed","template":"","meta":[],"product_brand":[],"product_cat":[1456,1457],"product_tag":[203,208,207,204,209,206,205],"class_list":{"0":"post-998","1":"product","2":"type-product","3":"status-publish","4":"has-post-thumbnail","6":"product_cat-interna-delar-gbb-vapentillbehor-vapendelar-2","7":"product_cat-interna-delar-sniper-vapentillbehor-vapendelar-2","8":"product_tag-a","9":"product_tag-gbb-gummi","10":"product_tag-gbb-hopup","11":"product_tag-hopup-gummi","12":"product_tag-vsr-gummi","13":"product_tag-vsr-hopup","14":"product_tag-vsr-rubber","15":"product_shipping_class-1-3-arbetsdagar","17":"first","18":"outofstock","19":"taxable","20":"shipping-taxable","21":"purchasable","22":"product-type-simple","23":"add-to-wishlist-before_image"},"_links":{"self":[{"href":"http:\/\/airsoftspecialisten.admaxstage.com\/en\/wp-json\/wp\/v2\/product\/998","targetHints":{"allow":["GET"]}}],"collection":[{"href":"http:\/\/airsoftspecialisten.admaxstage.com\/en\/wp-json\/wp\/v2\/product"}],"about":[{"href":"http:\/\/airsoftspecialisten.admaxstage.com\/en\/wp-json\/wp\/v2\/types\/product"}],"replies":[{"embeddable":true,"href":"http:\/\/airsoftspecialisten.admaxstage.com\/en\/wp-json\/wp\/v2\/comments?post=998"}],"wp:featuredmedia":[{"embeddable":true,"href":"http:\/\/airsoftspecialisten.admaxstage.com\/en\/wp-json\/wp\/v2\/media\/7655"}],"wp:attachment":[{"href":"http:\/\/airsoftspecialisten.admaxstage.com\/en\/wp-json\/wp\/v2\/media?parent=998"}],"wp:term":[{"taxonomy":"product_brand","embeddable":true,"href":"http:\/\/airsoftspecialisten.admaxstage.com\/en\/wp-json\/wp\/v2\/product_brand?post=998"},{"taxonomy":"product_cat","embeddable":true,"href":"http:\/\/airsoftspecialisten.admaxstage.com\/en\/wp-json\/wp\/v2\/product_cat?post=998"},{"taxonomy":"product_tag","embeddable":true,"href":"http:\/\/airsoftspecialisten.admaxstage.com\/en\/wp-json\/wp\/v2\/product_tag?post=998"}],"curies":[{"name":"wp","href":"https:\/\/api.w.org\/{rel}","templated":true}]}}