{"id":7455,"date":"2025-12-10T08:05:49","date_gmt":"2025-12-10T07:05:49","guid":{"rendered":"http:\/\/airsoftspecialisten.admaxstage.com\/?page_id=7455"},"modified":"2025-12-10T08:51:21","modified_gmt":"2025-12-10T07:51:21","slug":"fotograf","status":"publish","type":"page","link":"https:\/\/airsoftspecialisten.admaxstage.com\/en\/fotograf\/","title":{"rendered":"photographer"},"content":{"rendered":"<h1>photographer<\/h1>\n<h1>Inneh\u00e5ll<\/h1>\n<div>\n<p>Jag \u00e4r fotograf med specialisering inom airsoft och erbjuder h\u00f6gkvalitativ action- och event fotografering i samband med spel, tr\u00e4ningar och evenemang. Jag arbetar med lag, arrang\u00f6rer och enskilda spelare som vill ha professionella bilder med r\u00e4tt k\u00e4nsla och energi. F\u00f6r bokning eller mer information \u00e4r du varmt v\u00e4lkommen att kontakta mig via [<a href=\"mailto:info@airsoftspecialisten.se\" target=\"_blank\" rel=\"noopener noreferrer\">info@airsoftspecialisten.se<\/a>]<\/p>\n<p>Facebook: <a href=\"https:\/\/www.facebook.com\/groups\/329805081825085\" target=\"_blank\" rel=\"noopener\">Night Fury Airsoft Photographer<\/a> <a href=\"https:\/\/www.facebook.com\/groups\/329805081825085\" target=\"_blank\" rel=\"noopener noreferrer\"><\/a>\u00a0<br \/>Instagram: <a href=\"https:\/\/www.instagram.com\/callsign_nattfursten\/\" target=\"_blank\" rel=\"noopener\">Callsign_Nattfursten<\/a><\/p>\n<\/div>\n<p><!--more--><br \/>\n<!-- {\"type\":\"layout\",\"children\":[{\"type\":\"section\",\"props\":{\"image\":\"wp-content\\\/uploads\\\/2025\\\/11\\\/69120e4acf34e-IMG7279-2-1.jpg\",\"image_position\":\"center-center\",\"image_size\":\"cover\",\"media_overlay\":\"rgba(19, 30, 37, 0.88)\",\"padding\":\"small\",\"style\":\"secondary\",\"title_breakpoint\":\"xl\",\"title_position\":\"top-left\",\"title_rotation\":\"left\",\"vertical_align\":\"middle\",\"width\":\"default\"},\"children\":[{\"type\":\"row\",\"children\":[{\"type\":\"column\",\"props\":{\"image_position\":\"center-center\",\"position_sticky_breakpoint\":\"m\"},\"children\":[{\"type\":\"headline\",\"props\":{\"content\":\"Fotograf\",\"text_align\":\"center\",\"title_element\":\"h1\",\"title_style\":\"heading-medium\"},\"source\":{\"query\":{\"name\":\"productCats.taxonomyProductCat\"}}},{\"type\":\"breadcrumbs\",\"props\":{\"show_current\":true,\"show_home\":true,\"text_align\":\"center\"}}]}]}],\"name\":\"Section Heading\"},{\"type\":\"section\",\"props\":{\"image_position\":\"center-center\",\"style\":\"default\",\"title_breakpoint\":\"xl\",\"title_position\":\"top-left\",\"title_rotation\":\"left\",\"vertical_align\":\"middle\",\"width\":\"default\"},\"children\":[{\"type\":\"row\",\"children\":[{\"type\":\"column\",\"props\":{\"image_position\":\"center-center\",\"position_sticky_breakpoint\":\"m\"},\"children\":[{\"type\":\"headline\",\"props\":{\"content\":\"Inneh\\u00e5ll\",\"title_element\":\"h1\"}},{\"type\":\"text\",\"props\":{\"column_breakpoint\":\"m\",\"content\":\"\n\n<p>Jag \\u00e4r fotograf med specialisering inom airsoft och erbjuder h\\u00f6gkvalitativ action- och event fotografering i samband med spel, tr\\u00e4ningar och evenemang. Jag arbetar med lag, arrang\\u00f6rer och enskilda spelare som vill ha professionella bilder med r\\u00e4tt k\\u00e4nsla och energi. F\\u00f6r bokning eller mer information \\u00e4r du varmt v\\u00e4lkommen att kontakta mig via [<a href=\\\"mailto:info@airsoftspecialisten.se\\\" target=\\\"_blank\\\" rel=\\\"noopener noreferrer\\\">info@airsoftspecialisten.se<\\\/a>]<br \\\/><br \\\/>Facebook: <a href=\\\"https:\\\/\\\/www.facebook.com\\\/groups\\\/329805081825085\\\">Nattfursten Airsoft Fotograf<\\\/a> <a href=\\\"https:\\\/\\\/www.facebook.com\\\/groups\\\/329805081825085\\\" target=\\\"_blank\\\" rel=\\\"noopener noreferrer\\\"><\\\/a>\\u00a0<br \\\/>Instagram: <a href=\\\"https:\\\/\\\/www.instagram.com\\\/callsign_nattfursten\\\/\\\">Callsign_Nattfursten<\\\/a><\\\/p>\",\"margin\":\"default\"}}]}]}]}],\"version\":\"4.5.32\"} --><\/p>","protected":false},"excerpt":{"rendered":"<p>Fotograf Inneh\u00e5ll Jag \u00e4r fotograf med specialisering inom airsoft och erbjuder h\u00f6gkvalitativ action- och event fotografering i samband med spel, tr\u00e4ningar och evenemang. Jag arbetar med lag, arrang\u00f6rer och enskilda spelare som vill ha professionella bilder med r\u00e4tt k\u00e4nsla och energi. F\u00f6r bokning eller mer information \u00e4r du varmt v\u00e4lkommen att kontakta mig via [info@airsoftspecialisten.se] [&hellip;]<\/p>","protected":false},"author":1,"featured_media":0,"parent":0,"menu_order":0,"comment_status":"closed","ping_status":"closed","template":"","meta":{"footnotes":""},"class_list":["post-7455","page","type-page","status-publish","hentry"],"_links":{"self":[{"href":"https:\/\/airsoftspecialisten.admaxstage.com\/en\/wp-json\/wp\/v2\/pages\/7455","targetHints":{"allow":["GET"]}}],"collection":[{"href":"https:\/\/airsoftspecialisten.admaxstage.com\/en\/wp-json\/wp\/v2\/pages"}],"about":[{"href":"https:\/\/airsoftspecialisten.admaxstage.com\/en\/wp-json\/wp\/v2\/types\/page"}],"author":[{"embeddable":true,"href":"https:\/\/airsoftspecialisten.admaxstage.com\/en\/wp-json\/wp\/v2\/users\/1"}],"replies":[{"embeddable":true,"href":"https:\/\/airsoftspecialisten.admaxstage.com\/en\/wp-json\/wp\/v2\/comments?post=7455"}],"version-history":[{"count":5,"href":"https:\/\/airsoftspecialisten.admaxstage.com\/en\/wp-json\/wp\/v2\/pages\/7455\/revisions"}],"predecessor-version":[{"id":7466,"href":"https:\/\/airsoftspecialisten.admaxstage.com\/en\/wp-json\/wp\/v2\/pages\/7455\/revisions\/7466"}],"wp:attachment":[{"href":"https:\/\/airsoftspecialisten.admaxstage.com\/en\/wp-json\/wp\/v2\/media?parent=7455"}],"curies":[{"name":"wp","href":"https:\/\/api.w.org\/{rel}","templated":true}]}}