{"id":1026,"date":"2019-07-03T21:39:32","date_gmt":"2019-07-03T21:39:32","guid":{"rendered":"https:\/\/www.airsoft.admaxstage.com\/?product=pps-osprey-ljuddampare"},"modified":"2025-12-18T20:01:12","modified_gmt":"2025-12-18T19:01:12","slug":"ljuddampare-i-osprey-stil-185mm","status":"publish","type":"product","link":"https:\/\/airsoftspecialisten.admaxstage.com\/en\/shop\/vapentillbehor-vapendelar-2\/ljuddampare-vapentillbehor-vapendelar-2\/ljuddampare-i-osprey-stil-185mm\/","title":{"rendered":"PPS Osprey Silencer"},"content":{"rendered":"<p>Really nice \"Osprey-style\" silencer.\u00a0<\/p>\n<p>Fits 14mm CCW threads on a pistol or rifle.<\/p>\n<p>NOTE! This is a so-called Dummy silencer that does not have a silencing effect and is only for the sake of appearance. It is not for real firearms but only airsoft replicas.<\/p>","protected":false},"excerpt":{"rendered":"<p>Riktigt snygg ljudd\u00e4mpare i &#8221;Osprey-stil&#8221;.\u00a0 Passar p\u00e5 14mm CCW-g\u00e4ngor p\u00e5 pistol eller gev\u00e4r. OBS! Detta \u00e4r en s\u00e5 kallad Dummy-ljudd\u00e4mpare som inte har ljudd\u00e4mpande effekt och \u00e4r endast till f\u00f6r utseendets skull. Den \u00e4r ej till f\u00f6r riktiga skjutvapen utan endast\u00a0airsoft-replikor.<\/p>","protected":false},"featured_media":7675,"comment_status":"open","ping_status":"closed","template":"","meta":[],"product_brand":[],"product_cat":[1455],"product_tag":[160,229,230,161],"class_list":{"0":"post-1026","1":"product","2":"type-product","3":"status-publish","4":"has-post-thumbnail","6":"product_cat-ljuddampare-vapentillbehor-vapendelar-2","7":"product_tag-ljuddampare","8":"product_tag-osprey","9":"product_tag-pps","10":"product_tag-silencer","11":"product_shipping_class-1-3-arbetsdagar","13":"first","14":"instock","15":"taxable","16":"shipping-taxable","17":"purchasable","18":"product-type-simple","19":"add-to-wishlist-before_image"},"_links":{"self":[{"href":"https:\/\/airsoftspecialisten.admaxstage.com\/en\/wp-json\/wp\/v2\/product\/1026","targetHints":{"allow":["GET"]}}],"collection":[{"href":"https:\/\/airsoftspecialisten.admaxstage.com\/en\/wp-json\/wp\/v2\/product"}],"about":[{"href":"https:\/\/airsoftspecialisten.admaxstage.com\/en\/wp-json\/wp\/v2\/types\/product"}],"replies":[{"embeddable":true,"href":"https:\/\/airsoftspecialisten.admaxstage.com\/en\/wp-json\/wp\/v2\/comments?post=1026"}],"wp:featuredmedia":[{"embeddable":true,"href":"https:\/\/airsoftspecialisten.admaxstage.com\/en\/wp-json\/wp\/v2\/media\/7675"}],"wp:attachment":[{"href":"https:\/\/airsoftspecialisten.admaxstage.com\/en\/wp-json\/wp\/v2\/media?parent=1026"}],"wp:term":[{"taxonomy":"product_brand","embeddable":true,"href":"https:\/\/airsoftspecialisten.admaxstage.com\/en\/wp-json\/wp\/v2\/product_brand?post=1026"},{"taxonomy":"product_cat","embeddable":true,"href":"https:\/\/airsoftspecialisten.admaxstage.com\/en\/wp-json\/wp\/v2\/product_cat?post=1026"},{"taxonomy":"product_tag","embeddable":true,"href":"https:\/\/airsoftspecialisten.admaxstage.com\/en\/wp-json\/wp\/v2\/product_tag?post=1026"}],"curies":[{"name":"wp","href":"https:\/\/api.w.org\/{rel}","templated":true}]}}