{"id":1065,"date":"2019-07-03T21:39:34","date_gmt":"2019-07-03T21:39:34","guid":{"rendered":"https:\/\/www.airsoft.admaxstage.com\/?product=tc-1-1-modular-pouch-5569mm-black"},"modified":"2025-12-18T20:01:12","modified_gmt":"2025-12-18T19:01:12","slug":"tc-11-modular-pouch-5569mm-black","status":"publish","type":"product","link":"https:\/\/airsoftspecialisten.admaxstage.com\/en\/shop\/stridsutrustning\/taktiska-fickor\/templars-gear\/tc-11-modular-pouch-5569mm-black\/","title":{"rendered":"TC 1+1 Modular Pouch 5.56\/9MM - Black"},"content":{"rendered":"<p>A universal pocket that can hold several different types of magazines.<\/p>\n<p>The pocket is adapted to hold magazines for e.g. AK, M4 and AUG.<\/p>\n<p>In front of the large magazine pouch is a smaller one that can hold a pistol magazine.<\/p>\n<p>The entire pocket is fitted with a nylon cord that holds the magazine with pressure from all sides instead of the traditional pocket with a flap that folds over and holds the magazine.<\/p>","protected":false},"excerpt":{"rendered":"<p>En universiell ficka som kan h\u00e5lla flera olika sorters magasin. Fickan \u00e4r anpassad f\u00f6r att h\u00e5lla magasin till t.ex. AK, M4 och AUG. Framf\u00f6r den stora magasinfickar sitter en mindre som kan h\u00e5lla ett pistolmagasin. Hela fickan \u00e4r f\u00f6rsedd\u00a0 med nylon-sn\u00f6re som h\u00e5ller i magasinet med tryck fr\u00e5n alla sidor ist\u00e4llet f\u00f6r den traditionella fickan [&hellip;]<\/p>","protected":false},"featured_media":7703,"comment_status":"open","ping_status":"closed","template":"","meta":[],"product_brand":[],"product_cat":[35,83],"product_tag":[115,150,117,261,151],"class_list":{"0":"post-1065","1":"product","2":"type-product","3":"status-publish","4":"has-post-thumbnail","6":"product_cat-taktiska-fickor","7":"product_cat-templars-gear","8":"product_tag-9mm","9":"product_tag-m4-magasinficka","10":"product_tag-magasinficka","11":"product_tag-magasinficka-556","12":"product_tag-pistolmagasinficka","13":"product_shipping_class-1-3-arbetsdagar","15":"first","16":"instock","17":"taxable","18":"shipping-taxable","19":"purchasable","20":"product-type-simple","21":"add-to-wishlist-before_image"},"_links":{"self":[{"href":"https:\/\/airsoftspecialisten.admaxstage.com\/en\/wp-json\/wp\/v2\/product\/1065","targetHints":{"allow":["GET"]}}],"collection":[{"href":"https:\/\/airsoftspecialisten.admaxstage.com\/en\/wp-json\/wp\/v2\/product"}],"about":[{"href":"https:\/\/airsoftspecialisten.admaxstage.com\/en\/wp-json\/wp\/v2\/types\/product"}],"replies":[{"embeddable":true,"href":"https:\/\/airsoftspecialisten.admaxstage.com\/en\/wp-json\/wp\/v2\/comments?post=1065"}],"wp:featuredmedia":[{"embeddable":true,"href":"https:\/\/airsoftspecialisten.admaxstage.com\/en\/wp-json\/wp\/v2\/media\/7703"}],"wp:attachment":[{"href":"https:\/\/airsoftspecialisten.admaxstage.com\/en\/wp-json\/wp\/v2\/media?parent=1065"}],"wp:term":[{"taxonomy":"product_brand","embeddable":true,"href":"https:\/\/airsoftspecialisten.admaxstage.com\/en\/wp-json\/wp\/v2\/product_brand?post=1065"},{"taxonomy":"product_cat","embeddable":true,"href":"https:\/\/airsoftspecialisten.admaxstage.com\/en\/wp-json\/wp\/v2\/product_cat?post=1065"},{"taxonomy":"product_tag","embeddable":true,"href":"https:\/\/airsoftspecialisten.admaxstage.com\/en\/wp-json\/wp\/v2\/product_tag?post=1065"}],"curies":[{"name":"wp","href":"https:\/\/api.w.org\/{rel}","templated":true}]}}