{"id":1073,"date":"2019-07-03T21:39:34","date_gmt":"2019-07-03T21:39:34","guid":{"rendered":"https:\/\/www.airsoft.admaxstage.com\/?product=airsoft-innovations-xl-burst-grenade-resupply-kit"},"modified":"2025-12-18T20:01:13","modified_gmt":"2025-12-18T19:01:13","slug":"flare-cube-bt-tracer-unit","status":"publish","type":"product","link":"https:\/\/airsoftspecialisten.admaxstage.com\/en\/shop\/vapentillbehor-vapendelar-2\/tracer-vapentillbehor-vapendelar-2\/flare-cube-bt-tracer-unit\/","title":{"rendered":"Flare Cube BT Tracer Unit"},"content":{"rendered":"<p>Flare Cube BT Tracer Unit - Compact, Powerful &amp; Smart! <\/p>\n<p>The Flare Cube BT Tracer Unit is an advanced and compact tracer unit designed to take your airsoft game to the next level, especially in dark environments and night games. With Bluetooth connectivity and smart features, it offers a smooth and reliable performance.<\/p>\n<p>\ud83d\udd39 Kompakt &#038; l\u00e4ttviktig \u2013 Perfekt f\u00f6r b\u00e5de pistoler och gev\u00e4r utan att p\u00e5verka balansen.<br \/>\n\ud83d\udd39 H\u00f6gkvalitativ tracer-funktion \u2013 Lyser upp dina BBs f\u00f6r en h\u00e4ftig effekt och b\u00e4ttre sikt.<br \/>\n\ud83d\udd39 Bluetooth-anslutning \u2013 Enkel styrning och anpassning via app.<br \/>\n\ud83d\udd39 Snabb respons &#038; l\u00e5g energif\u00f6rbrukning \u2013 Spelar l\u00e4ngre utan avbrott.<br \/>\n\ud83d\udd39 T\u00e5lig konstruktion \u2013 Klarar tuffa airsoftmatcher.<\/p>\n<p>Whether you're playing CQB or outdoors, the Flare Cube BT gives you a tactical advantage and an epic visual effect. Perfect for players who want precision and style in every shot!<br \/>\nCan handle both Green and Red Tracing. <\/p>\n<p>10 colours to choose from: Red, orange, yellow, green, cyan, blue, purple, white, rainbow, dynamic.<br \/>\n3 types of colour adjustment: Solid colour, rainbow colour, RGB colour.<br \/>\n3 Mode options: Flame mode, Tracer with flame mode, Tracer mode.<br \/>\nLightweight and mini: 75 g and 60.5\u00d737.8\u00d725.5 mm.<br \/>\nUltra-long standby time: More than 3 months of standby after full charge, around 6 hours of working time.<br \/>\nWide range of applications: Compatible with standard beads, red\/green tracer beads and gel beads.<br \/>\nFast response: Supports up to 50+RPS (built-in sensor can achieve higher refresh rate and faster data transfer rate).<br \/>\nHigh brightness RGB LED: The light emitting lamp bead consists of 4 high brightness RGB LEDs, which have higher brightness and light efficiency.<br \/>\nWake up by shaking: Built-in vibration sensor, automatic sleep in 5 minutes, shake the product to wake up.<\/p>","protected":false},"excerpt":{"rendered":"<p>Lightweight and mini: 75 g and 60.5\u00d737.8\u00d725.5 mm.<\/p>","protected":false},"featured_media":7709,"comment_status":"open","ping_status":"closed","template":"","meta":[],"product_brand":[],"product_cat":[1464],"product_tag":[1245,1265,546,669],"class_list":{"0":"post-1073","1":"product","2":"type-product","3":"status-publish","4":"has-post-thumbnail","6":"product_cat-tracer-vapentillbehor-vapendelar-2","7":"product_tag-e-shooter","8":"product_tag-red-and-green","9":"product_tag-tracer","10":"product_tag-tracer-unit","11":"product_shipping_class-1-3-arbetsdagar","13":"first","14":"instock","15":"taxable","16":"shipping-taxable","17":"purchasable","18":"product-type-simple","19":"add-to-wishlist-before_image"},"_links":{"self":[{"href":"https:\/\/airsoftspecialisten.admaxstage.com\/en\/wp-json\/wp\/v2\/product\/1073","targetHints":{"allow":["GET"]}}],"collection":[{"href":"https:\/\/airsoftspecialisten.admaxstage.com\/en\/wp-json\/wp\/v2\/product"}],"about":[{"href":"https:\/\/airsoftspecialisten.admaxstage.com\/en\/wp-json\/wp\/v2\/types\/product"}],"replies":[{"embeddable":true,"href":"https:\/\/airsoftspecialisten.admaxstage.com\/en\/wp-json\/wp\/v2\/comments?post=1073"}],"wp:featuredmedia":[{"embeddable":true,"href":"https:\/\/airsoftspecialisten.admaxstage.com\/en\/wp-json\/wp\/v2\/media\/7709"}],"wp:attachment":[{"href":"https:\/\/airsoftspecialisten.admaxstage.com\/en\/wp-json\/wp\/v2\/media?parent=1073"}],"wp:term":[{"taxonomy":"product_brand","embeddable":true,"href":"https:\/\/airsoftspecialisten.admaxstage.com\/en\/wp-json\/wp\/v2\/product_brand?post=1073"},{"taxonomy":"product_cat","embeddable":true,"href":"https:\/\/airsoftspecialisten.admaxstage.com\/en\/wp-json\/wp\/v2\/product_cat?post=1073"},{"taxonomy":"product_tag","embeddable":true,"href":"https:\/\/airsoftspecialisten.admaxstage.com\/en\/wp-json\/wp\/v2\/product_tag?post=1073"}],"curies":[{"name":"wp","href":"https:\/\/api.w.org\/{rel}","templated":true}]}}