{"id":1087,"date":"2019-07-03T21:39:35","date_gmt":"2019-07-03T21:39:35","guid":{"rendered":"https:\/\/www.airsoft.admaxstage.com\/?product=gg-cold-resistant-green-bucking"},"modified":"2025-12-18T20:01:13","modified_gmt":"2025-12-18T19:01:13","slug":"gg-cold-resistant-green-bucking","status":"publish","type":"product","link":"https:\/\/airsoftspecialisten.admaxstage.com\/en\/shop\/vapentillbehor-vapendelar-2\/interna-delar-aeg-vapentillbehor-vapendelar-2\/hopuppipa-interna-delar-aeg-vapentillbehor-vapendelar-2\/gg-cold-resistant-green-bucking\/","title":{"rendered":"G&amp;G Cold Resistant Green Bucking"},"content":{"rendered":"<p>G&amp;G's favourite rubber used in many custom builds around the world. <\/p>\n<p>A very popular rubber to make a so-called \"Flat hop\" modification on as the rubber is of high quality.<\/p>\n<p>The rubber is highly resistant to low degrees, hence its name.<\/p>","protected":false},"excerpt":{"rendered":"<p>G&amp;G:s favoritgummi som anv\u00e4nds i m\u00e5nga custom byggen runtom i v\u00e4rlden. Ett mycket popul\u00e4rt gummi att g\u00f6ra en s\u00e5 kallad &#8221;Flat hop&#8221; modifikation p\u00e5 d\u00e5 gummit h\u00e5ller h\u00f6g kvalit\u00e9. Gummit \u00e4r mycket resistent mot l\u00e5ga grader d\u00e4rav dess namn.<\/p>","protected":false},"featured_media":7720,"comment_status":"open","ping_status":"closed","template":"","meta":[],"product_brand":[],"product_cat":[1454],"product_tag":[213,301,1467,299,300,214],"class_list":{"0":"post-1087","1":"product","2":"type-product","3":"status-publish","4":"has-post-thumbnail","6":"product_cat-hopuppipa-interna-delar-aeg-vapentillbehor-vapendelar-2","7":"product_tag-bucking","8":"product_tag-flat-hop","9":"product_tag-gg-2","10":"product_tag-green","11":"product_tag-gummi","12":"product_tag-hopup","13":"product_shipping_class-1-3-arbetsdagar","15":"first","16":"instock","17":"taxable","18":"shipping-taxable","19":"purchasable","20":"product-type-simple","21":"add-to-wishlist-before_image"},"_links":{"self":[{"href":"https:\/\/airsoftspecialisten.admaxstage.com\/en\/wp-json\/wp\/v2\/product\/1087","targetHints":{"allow":["GET"]}}],"collection":[{"href":"https:\/\/airsoftspecialisten.admaxstage.com\/en\/wp-json\/wp\/v2\/product"}],"about":[{"href":"https:\/\/airsoftspecialisten.admaxstage.com\/en\/wp-json\/wp\/v2\/types\/product"}],"replies":[{"embeddable":true,"href":"https:\/\/airsoftspecialisten.admaxstage.com\/en\/wp-json\/wp\/v2\/comments?post=1087"}],"wp:featuredmedia":[{"embeddable":true,"href":"https:\/\/airsoftspecialisten.admaxstage.com\/en\/wp-json\/wp\/v2\/media\/7720"}],"wp:attachment":[{"href":"https:\/\/airsoftspecialisten.admaxstage.com\/en\/wp-json\/wp\/v2\/media?parent=1087"}],"wp:term":[{"taxonomy":"product_brand","embeddable":true,"href":"https:\/\/airsoftspecialisten.admaxstage.com\/en\/wp-json\/wp\/v2\/product_brand?post=1087"},{"taxonomy":"product_cat","embeddable":true,"href":"https:\/\/airsoftspecialisten.admaxstage.com\/en\/wp-json\/wp\/v2\/product_cat?post=1087"},{"taxonomy":"product_tag","embeddable":true,"href":"https:\/\/airsoftspecialisten.admaxstage.com\/en\/wp-json\/wp\/v2\/product_tag?post=1087"}],"curies":[{"name":"wp","href":"https:\/\/api.w.org\/{rel}","templated":true}]}}