{"id":1097,"date":"2019-07-03T21:39:35","date_gmt":"2019-07-03T21:39:35","guid":{"rendered":"https:\/\/www.airsoft.admaxstage.com\/?product=maple-leaf-diamond-70-degree-well-l96"},"modified":"2025-12-18T20:01:13","modified_gmt":"2025-12-18T19:01:13","slug":"maple-leaf-diamond-70-degree-well-l96","status":"publish","type":"product","link":"https:\/\/airsoftspecialisten.admaxstage.com\/en\/shop\/vapentillbehor-vapendelar-2\/interna-delar-gbb-vapentillbehor-vapendelar-2\/maple-leaf-diamond-70-degree-well-l96\/","title":{"rendered":"Maple Leaf Diamond 70 Degree WELL L96"},"content":{"rendered":"<p class=\"content\" data-hook=\"product-page-description-content\">Maple Leaf hopup rubber for L96 models.<br \/>The rubber has a contact surface that looks like the Greek letter 'Delta'. <\/p>\n<p>It is also rounded which allows the rubber to make better contact with the ball resulting in better spin and more stable ball trajectory.<\/p>\n<p>This rubber works best with Maple Leaf's own concave \"Omega nub\" but also works well with a so-called \"flat nub\".<\/p>","protected":false},"excerpt":{"rendered":"<p>Maple Leaf hopup gummi till L96-modeller.Gummit har en kontaktyta som ser ut som den grekiska bokstaven &#8221;Delta&#8221;. Den \u00e4r \u00e4ven rundad vilket g\u00f6r att gummin f\u00e5r b\u00e4ttre kontakt med kulan vilket resulterar i b\u00e4ttre spin och stabilare kulbana. Detta gummi fungerar b\u00e4st med Maple Leafs egna konkava &#8221;Omega-nub&#8221; men funkar \u00e4ven bra med en s\u00e5 [&hellip;]<\/p>","protected":false},"featured_media":7725,"comment_status":"open","ping_status":"closed","template":"","meta":[],"product_brand":[],"product_cat":[1456],"product_tag":[213,300,214,316,215],"class_list":{"0":"post-1097","1":"product","2":"type-product","3":"status-publish","4":"has-post-thumbnail","6":"product_cat-interna-delar-gbb-vapentillbehor-vapendelar-2","7":"product_tag-bucking","8":"product_tag-gummi","9":"product_tag-hopup","10":"product_tag-l96","11":"product_tag-maple-leaf","12":"product_shipping_class-1-3-arbetsdagar","14":"first","15":"instock","16":"taxable","17":"shipping-taxable","18":"purchasable","19":"product-type-simple","20":"add-to-wishlist-before_image"},"_links":{"self":[{"href":"https:\/\/airsoftspecialisten.admaxstage.com\/en\/wp-json\/wp\/v2\/product\/1097","targetHints":{"allow":["GET"]}}],"collection":[{"href":"https:\/\/airsoftspecialisten.admaxstage.com\/en\/wp-json\/wp\/v2\/product"}],"about":[{"href":"https:\/\/airsoftspecialisten.admaxstage.com\/en\/wp-json\/wp\/v2\/types\/product"}],"replies":[{"embeddable":true,"href":"https:\/\/airsoftspecialisten.admaxstage.com\/en\/wp-json\/wp\/v2\/comments?post=1097"}],"wp:featuredmedia":[{"embeddable":true,"href":"https:\/\/airsoftspecialisten.admaxstage.com\/en\/wp-json\/wp\/v2\/media\/7725"}],"wp:attachment":[{"href":"https:\/\/airsoftspecialisten.admaxstage.com\/en\/wp-json\/wp\/v2\/media?parent=1097"}],"wp:term":[{"taxonomy":"product_brand","embeddable":true,"href":"https:\/\/airsoftspecialisten.admaxstage.com\/en\/wp-json\/wp\/v2\/product_brand?post=1097"},{"taxonomy":"product_cat","embeddable":true,"href":"https:\/\/airsoftspecialisten.admaxstage.com\/en\/wp-json\/wp\/v2\/product_cat?post=1097"},{"taxonomy":"product_tag","embeddable":true,"href":"https:\/\/airsoftspecialisten.admaxstage.com\/en\/wp-json\/wp\/v2\/product_tag?post=1097"}],"curies":[{"name":"wp","href":"https:\/\/api.w.org\/{rel}","templated":true}]}}