{"id":1108,"date":"2019-07-03T21:39:36","date_gmt":"2019-07-03T21:39:36","guid":{"rendered":"https:\/\/www.airsoft.admaxstage.com\/?product=krytac-trident-mk2-spr-foliage-green"},"modified":"2025-12-18T20:01:14","modified_gmt":"2025-12-18T19:01:14","slug":"krytac-trident-mk2-spr-foliage-green","status":"publish","type":"product","link":"https:\/\/airsoftspecialisten.admaxstage.com\/en\/shop\/airsoftvapen\/eldrivna-airsoftgevar\/krytac\/krytac-trident-mk2-spr-foliage-green\/","title":{"rendered":"Krytac Trident Mk2 SPR - Foliage Green"},"content":{"rendered":"<p><span style=\"font-size: 10pt;\"><strong>Other colour options:<\/strong><\/span><br \/><a href=\"https:\/\/www.airsoftkiosken.com\/krytac-trident-mk2-spr-dark-earth\" target=\"_blank\" rel=\"noopener\"><img loading=\"lazy\" decoding=\"async\" src=\"https:\/\/www.airsoft.admaxstage.com\/wp-content\/uploads\/images\/uploaded\/DarkEarth-test5.png\" alt=\"\" width=\"90\" height=\"25\" \/><\/a>\u00a0 \u00a0<a href=\"https:\/\/www.airsoftkiosken.com\/krytac-trident-mk2-spr-grey\" target=\"_blank\" rel=\"noopener\"><img loading=\"lazy\" decoding=\"async\" src=\"https:\/\/www.airsoft.admaxstage.com\/wp-content\/uploads\/images\/uploaded\/Grey-test4.png\" alt=\"\" width=\"44\" height=\"25\" \/><\/a>\u00a0 \u00a0<a href=\"https:\/\/www.airsoftkiosken.com\/krytac-trident-mk2-spr-black\" target=\"_blank\" rel=\"noopener\"><img loading=\"lazy\" decoding=\"async\" src=\"https:\/\/www.airsoft.admaxstage.com\/wp-content\/uploads\/images\/uploaded\/Black-test4.png\" alt=\"\" width=\"50\" height=\"25\" \/><\/a><\/p>\n<p>The Krytac Trident Mk2 SPR is the perfect rifle for the discerning player who wants a high-performance rifle but doesn't want to spend time and money upgrading it.<\/p>\n<p>The rifle shoots hard, long and fast right out of the box and has really strong internal and external parts resulting in one of the best rifles on the market in its price range.<\/p>\n<p>The rifle has a precision barrel straight from the factory and a really good hop-up housing that makes the bullets go straight and consistent.<\/p>\n<p>Information on the weapon from the manufacturer:<\/p>\n<p>EXTERNAL FEATURES<\/p>\n<p>Licensed DEFIANCE\u00ae TR113 Keymod Hand Guard<br \/>KRYTAC Metal Alloy Receivers<br \/>Licensed DEFIANCE\u00ae Pistol Grip<br \/>Licensed CMC Trigger<br \/>KRYTAC Battery Stock<br \/>Ambidextrous Fire Selector<br \/>MIL-STD 1913 Picatinny Top Rail<br \/>Locking Bolt and Bolt Release<br \/>Six-Position Numbered Buffer Tube<br \/>Ambidextrous Sling Loops<br \/>Adjustable Iron Sights<\/p>\n<p>INTERNAL FEATURES<\/p>\n<p>8mm Ball Bearing Nautilus Mechbox<br \/>Integrated FET System<br \/>Easy Spring Access<br \/>Padded Cylinder Head<br \/>Relief-cut Cylinder Window<br \/>Anti-corrosion Mechbox Coating<br \/>Adjustable Rotary Hop-Up<br \/>Temperature And Wear Resistant Hop-Up Bucking<br \/>KRYTAC 30k Neodymium Magnet High-Torque Motor<\/p>\n<p>\u00a0<\/p>\n<p>NOTE! See the terms of purchase for Airsoft weapons before purchase.<\/p>","protected":false},"excerpt":{"rendered":"<p>Andra F\u00e4rgalternativ:\u00a0 \u00a0\u00a0 \u00a0 Krytac Trident Mk2 SPR \u00e4r det perfekta gev\u00e4ret f\u00f6r den kr\u00e4sne spelaren som vill ha en h\u00f6gpresterande b\u00f6ssa men inte vill beh\u00f6va spendera tid och pengar p\u00e5 att uppgradera den. Gev\u00e4ret skjuter h\u00e5rt, l\u00e5ngt och snabbt direkt ur l\u00e5dan och har riktigt starka interna samt externa delar vilket resulterar i en [&hellip;]<\/p>","protected":false},"featured_media":7731,"comment_status":"open","ping_status":"closed","template":"","meta":[],"product_brand":[],"product_cat":[45,62],"product_tag":[330,329,327,269,332,331,333,328],"class_list":{"0":"post-1108","1":"product","2":"type-product","3":"status-publish","4":"has-post-thumbnail","6":"product_cat-eldrivna-airsoftgevar","7":"product_cat-krytac","8":"product_tag-aeg","9":"product_tag-ar15","10":"product_tag-krytac","11":"product_tag-m4","12":"product_tag-mk2","13":"product_tag-rifle","14":"product_tag-spr","15":"product_tag-trident","16":"product_shipping_class-bestallningsvara-5-till-14-dagar","18":"first","19":"instock","20":"taxable","21":"shipping-taxable","22":"purchasable","23":"product-type-simple","24":"add-to-wishlist-before_image"},"_links":{"self":[{"href":"https:\/\/airsoftspecialisten.admaxstage.com\/en\/wp-json\/wp\/v2\/product\/1108","targetHints":{"allow":["GET"]}}],"collection":[{"href":"https:\/\/airsoftspecialisten.admaxstage.com\/en\/wp-json\/wp\/v2\/product"}],"about":[{"href":"https:\/\/airsoftspecialisten.admaxstage.com\/en\/wp-json\/wp\/v2\/types\/product"}],"replies":[{"embeddable":true,"href":"https:\/\/airsoftspecialisten.admaxstage.com\/en\/wp-json\/wp\/v2\/comments?post=1108"}],"wp:featuredmedia":[{"embeddable":true,"href":"https:\/\/airsoftspecialisten.admaxstage.com\/en\/wp-json\/wp\/v2\/media\/7731"}],"wp:attachment":[{"href":"https:\/\/airsoftspecialisten.admaxstage.com\/en\/wp-json\/wp\/v2\/media?parent=1108"}],"wp:term":[{"taxonomy":"product_brand","embeddable":true,"href":"https:\/\/airsoftspecialisten.admaxstage.com\/en\/wp-json\/wp\/v2\/product_brand?post=1108"},{"taxonomy":"product_cat","embeddable":true,"href":"https:\/\/airsoftspecialisten.admaxstage.com\/en\/wp-json\/wp\/v2\/product_cat?post=1108"},{"taxonomy":"product_tag","embeddable":true,"href":"https:\/\/airsoftspecialisten.admaxstage.com\/en\/wp-json\/wp\/v2\/product_tag?post=1108"}],"curies":[{"name":"wp","href":"https:\/\/api.w.org\/{rel}","templated":true}]}}