{"id":1114,"date":"2019-07-03T21:39:37","date_gmt":"2019-07-03T21:39:37","guid":{"rendered":"https:\/\/www.airsoft.admaxstage.com\/?product=maple-leaf-macaron-hop-up-gummi-70%c2%b0"},"modified":"2025-12-18T20:01:14","modified_gmt":"2025-12-18T19:01:14","slug":"maple-leaf-macaron-hop-up-gummi-70","status":"publish","type":"product","link":"https:\/\/airsoftspecialisten.admaxstage.com\/en\/shop\/vapentillbehor-vapendelar-2\/interna-delar-aeg-vapentillbehor-vapendelar-2\/hopuppipa-interna-delar-aeg-vapentillbehor-vapendelar-2\/maple-leaf-macaron-hop-up-gummi-70\/","title":{"rendered":"Maple Leaf Macaron Hop-up gum 70\u00b0C"},"content":{"rendered":"<p data-hook=\"product-page-description-content\">A very well made and good hopup rubber from Maple Leaf made in soft rubber that is suitable for weapons with an output speed of about 90-100ms.<\/p>\n<p>The rubber is ribbed on the outside so that it seals well against the hop-up housing but also so that the rubber does not twist.<\/p>\n<p data-hook=\"product-page-description-content\">The rubber also has a contact surface shaped like the Greek letter \"DELTA\" for best precision.<\/p>\n<p>For optimal results, use a concave nub such as the Maple Leaf Omega nub.<\/p>\n<p>This hop-up combo results in a really good hop-up effect and gives your gun a long range and stable trajectory.<\/p>\n<p>The rubber fits on AEG pipes.<\/p>","protected":false},"excerpt":{"rendered":"<p>Ett mycket v\u00e4lgjort och bra hopupgummi fr\u00e5n Maple Leaf gjort i mjukt gummi som passar till vapen med en utg\u00e5ngshastighet p\u00e5 ca 90-100ms. Gummit har r\u00e4fflor p\u00e5 utsidan f\u00f6r att det skall t\u00e4ta bra mot hopup-huset men \u00e4ven f\u00f6r att gummit inte ska vrida sig. Gummit har \u00e4ven en kontaktyta som \u00e4r formad som grekiska [&hellip;]<\/p>","protected":false},"featured_media":7734,"comment_status":"open","ping_status":"closed","template":"","meta":[],"product_brand":[],"product_cat":[1454],"product_tag":[338,213,300,339,214,215,340],"class_list":{"0":"post-1114","1":"product","2":"type-product","3":"status-publish","4":"has-post-thumbnail","6":"product_cat-hopuppipa-interna-delar-aeg-vapentillbehor-vapendelar-2","7":"product_tag-70-grader","8":"product_tag-bucking","9":"product_tag-gummi","10":"product_tag-hop","11":"product_tag-hopup","12":"product_tag-maple-leaf","13":"product_tag-up","14":"product_shipping_class-1-3-arbetsdagar","16":"first","17":"instock","18":"taxable","19":"shipping-taxable","20":"purchasable","21":"product-type-simple","22":"add-to-wishlist-before_image"},"_links":{"self":[{"href":"https:\/\/airsoftspecialisten.admaxstage.com\/en\/wp-json\/wp\/v2\/product\/1114","targetHints":{"allow":["GET"]}}],"collection":[{"href":"https:\/\/airsoftspecialisten.admaxstage.com\/en\/wp-json\/wp\/v2\/product"}],"about":[{"href":"https:\/\/airsoftspecialisten.admaxstage.com\/en\/wp-json\/wp\/v2\/types\/product"}],"replies":[{"embeddable":true,"href":"https:\/\/airsoftspecialisten.admaxstage.com\/en\/wp-json\/wp\/v2\/comments?post=1114"}],"wp:featuredmedia":[{"embeddable":true,"href":"https:\/\/airsoftspecialisten.admaxstage.com\/en\/wp-json\/wp\/v2\/media\/7734"}],"wp:attachment":[{"href":"https:\/\/airsoftspecialisten.admaxstage.com\/en\/wp-json\/wp\/v2\/media?parent=1114"}],"wp:term":[{"taxonomy":"product_brand","embeddable":true,"href":"https:\/\/airsoftspecialisten.admaxstage.com\/en\/wp-json\/wp\/v2\/product_brand?post=1114"},{"taxonomy":"product_cat","embeddable":true,"href":"https:\/\/airsoftspecialisten.admaxstage.com\/en\/wp-json\/wp\/v2\/product_cat?post=1114"},{"taxonomy":"product_tag","embeddable":true,"href":"https:\/\/airsoftspecialisten.admaxstage.com\/en\/wp-json\/wp\/v2\/product_tag?post=1114"}],"curies":[{"name":"wp","href":"https:\/\/api.w.org\/{rel}","templated":true}]}}