{"id":1169,"date":"2019-07-03T21:39:40","date_gmt":"2019-07-03T21:39:40","guid":{"rendered":"https:\/\/www.airsoft.admaxstage.com\/?product=madbull-m16m4-3-in-1-hopup-unit"},"modified":"2025-12-18T20:01:15","modified_gmt":"2025-12-18T19:01:15","slug":"madbull-3-in-1-hopup-unit","status":"publish","type":"product","link":"https:\/\/airsoftspecialisten.admaxstage.com\/en\/shop\/vapentillbehor-vapendelar-2\/interna-delar-aeg-vapentillbehor-vapendelar-2\/hopuppipa-interna-delar-aeg-vapentillbehor-vapendelar-2\/madbull-3-in-1-hopup-unit\/","title":{"rendered":"Madbull M16\/M4 \"3 in 1\" Hopup Unit"},"content":{"rendered":"<p class=\"content\" data-hook=\"product-page-description-content\">Madbull's Hopup housing which is an affordable upgrade to M4\/M16 platforms.<\/p>\n<p>The Hopup housing makes your shots more consistent and thanks to the rotating wheel <br \/>you can adjust your Hopup with precision and when you're done adjusting, the wheel will hold the same position no matter how much you push.<\/p>\n<p>When you pull out your magazine, 3 bullets usually fall out of the hopup housing, this is not the case with this housing.<br \/>Madbull has designed the housing to retain the bullets that remain when you pull out the magazine, reducing bullet wastage.<\/p>\n<p>The package also includes a 60-degree rubber from Madbull.<\/p>","protected":false},"excerpt":{"rendered":"<p>Madbulls Hopup-hus som \u00e4r en prisv\u00e4rd uppgradering till M4\/M16-plattformer. Hopup-huset g\u00f6r att dina skott blir mer konsekventa och tack vare roterings-hjulet kan du justera din Hopup med precision och n\u00e4r du justerat klart s\u00e5 kommer hjulet h\u00e5lla samma position oavsett hur mycket du skjuter. N\u00e4r du drar ur ditt magasin s\u00e5 ramlar det vanligtvis ut [&hellip;]<\/p>","protected":false},"featured_media":7764,"comment_status":"open","ping_status":"closed","template":"","meta":[],"product_brand":[],"product_cat":[1454],"product_tag":[375,373,214,371,372,269,374,370],"class_list":{"0":"post-1169","1":"product","2":"type-product","3":"status-publish","4":"has-post-thumbnail","6":"product_cat-hopuppipa-interna-delar-aeg-vapentillbehor-vapendelar-2","7":"product_tag-3in1","8":"product_tag-chamber","9":"product_tag-hopup","10":"product_tag-hopup-unit","11":"product_tag-hus","12":"product_tag-m4","13":"product_tag-m4m16","14":"product_tag-madbull","15":"product_shipping_class-1-3-arbetsdagar","17":"first","18":"instock","19":"taxable","20":"shipping-taxable","21":"purchasable","22":"product-type-simple","23":"add-to-wishlist-before_image"},"_links":{"self":[{"href":"https:\/\/airsoftspecialisten.admaxstage.com\/en\/wp-json\/wp\/v2\/product\/1169","targetHints":{"allow":["GET"]}}],"collection":[{"href":"https:\/\/airsoftspecialisten.admaxstage.com\/en\/wp-json\/wp\/v2\/product"}],"about":[{"href":"https:\/\/airsoftspecialisten.admaxstage.com\/en\/wp-json\/wp\/v2\/types\/product"}],"replies":[{"embeddable":true,"href":"https:\/\/airsoftspecialisten.admaxstage.com\/en\/wp-json\/wp\/v2\/comments?post=1169"}],"wp:featuredmedia":[{"embeddable":true,"href":"https:\/\/airsoftspecialisten.admaxstage.com\/en\/wp-json\/wp\/v2\/media\/7764"}],"wp:attachment":[{"href":"https:\/\/airsoftspecialisten.admaxstage.com\/en\/wp-json\/wp\/v2\/media?parent=1169"}],"wp:term":[{"taxonomy":"product_brand","embeddable":true,"href":"https:\/\/airsoftspecialisten.admaxstage.com\/en\/wp-json\/wp\/v2\/product_brand?post=1169"},{"taxonomy":"product_cat","embeddable":true,"href":"https:\/\/airsoftspecialisten.admaxstage.com\/en\/wp-json\/wp\/v2\/product_cat?post=1169"},{"taxonomy":"product_tag","embeddable":true,"href":"https:\/\/airsoftspecialisten.admaxstage.com\/en\/wp-json\/wp\/v2\/product_tag?post=1169"}],"curies":[{"name":"wp","href":"https:\/\/api.w.org\/{rel}","templated":true}]}}