{"id":1272,"date":"2019-07-03T21:39:45","date_gmt":"2019-07-03T21:39:45","guid":{"rendered":"https:\/\/www.airsoft.admaxstage.com\/?product=krytac-war-sport-lvoa-s-dark-earth"},"modified":"2025-12-18T20:01:16","modified_gmt":"2025-12-18T19:01:16","slug":"krytac-war-sport-lvoa-s-dark-earth","status":"publish","type":"product","link":"https:\/\/airsoftspecialisten.admaxstage.com\/en\/shop\/airsoftvapen\/eldrivna-airsoftgevar\/krytac\/krytac-war-sport-lvoa-s-dark-earth\/","title":{"rendered":"Krytac War Sport LVOA-S - Dark Earth"},"content":{"rendered":"<p><strong><span style=\"font-size: 10pt;\">Other colour options:<\/span><br \/><a href=\"https:\/\/airsoftkiosken.com\/krytac-war-sport-lvoa-s-foliage-green\" target=\"_blank\" rel=\"noopener\"><img loading=\"lazy\" decoding=\"async\" src=\"https:\/\/www.airsoft.admaxstage.com\/wp-content\/uploads\/images\/uploaded\/FoliageGreen-test4.png\" alt=\"\" width=\"112\" height=\"25\" \/><\/a>\u00a0 \u00a0<a href=\"https:\/\/airsoftkiosken.com\/krytac-war-sport-lvoa-s-grey\" target=\"_blank\" rel=\"noopener\"><img loading=\"lazy\" decoding=\"async\" src=\"https:\/\/www.airsoft.admaxstage.com\/wp-content\/uploads\/images\/uploaded\/Grey-test4.png\" alt=\"\" width=\"44\" height=\"25\" \/><\/a>\u00a0 \u00a0<a href=\"https:\/\/airsoftkiosken.com\/krytac-war-sport-lvoa-s-black\" target=\"_blank\" rel=\"noopener\"><img loading=\"lazy\" decoding=\"async\" src=\"https:\/\/www.airsoft.admaxstage.com\/wp-content\/uploads\/images\/uploaded\/Black-test4.png\" alt=\"\" width=\"50\" height=\"25\" \/><\/a><\/strong><\/p>\n<p>Krytac War Sport LVOA has a licensed LVOA metal body and rail from War Sport Manufacturing\u00ae that gives it an incredibly aggressive look that stands out from the crowd, as usual with Krytac you get incredible performance and high quality.<\/p>\n<p>The rifle shoots hard, long and fast right out of the box and has really strong internal and external parts resulting in one of the best rifles on the market in its price range.<\/p>\n<p>The rifle has a precision barrel straight from the factory and a really good hop-up housing that makes the bullets go straight and consistent.<\/p>\n<p>\u00a0<\/p>\n<p>Information from the manufacturer:<\/p>\n<p>\u00a0<\/p>\n<p>EXTERNAL FEATURES:<\/p>\n<p>\u00a0<\/p>\n<ul>\n<li>Licensed War Sport Manufacturing\u00ae LVOA Metal Alloy Receivers<\/li>\n<li>Licensed War Sport Manufacturing\u00ae LVOA-S Rail<\/li>\n<li>Licensed War Sport Manufacturing\u00ae Top Hat Flash Hider<\/li>\n<li>Licensed DEFIANCE\u00ae Pistol Grip<\/li>\n<li>Licensed CMC Trigger<\/li>\n<li>KRYTAC Battery Stock<\/li>\n<li>Ambidextrous Fire Selector<\/li>\n<li>MIL-STD 1913 Picatinny Top Rail<\/li>\n<li>Ambidextrous Sling Loops<\/li>\n<li>Adjustable iron Sights<\/li>\n<\/ul>\n<p>\u00a0<\/p>\n<p>INTERNAL FEATURES:\u00a0<\/p>\n<p>\u00a0<\/p>\n<ul>\n<li>8mm Ball Bearing Nautilus Mechbox<\/li>\n<li>Integrated FET System<\/li>\n<li>Easy Spring Access<\/li>\n<li>Padded Cylinder Head<\/li>\n<li>Relief-cut Cylinder Window<\/li>\n<li>Anti-corrosion Mechbox Coating<\/li>\n<li>Adjustable Rotary Hop-Up<\/li>\n<li>Temperature And Wear Resistant Hop-Up Bucking<\/li>\n<li>KRYTAC 30k Neodymium Magnet High-Torque Motor<\/li>\n<\/ul>\n<p>\u00a0<\/p>\n<p>NOTE! See purchase conditions for the purchase of Airsoft weapons.<\/p>","protected":false},"excerpt":{"rendered":"<p>Andra F\u00e4rgalternativ:\u00a0 \u00a0\u00a0 \u00a0 Krytac War Sport LVOA har en licensierad\u00a0LVOA metallkropp och rail fr\u00e5n War Sport Manufacturing\u00ae som ger den ett otroligt aggresivt utseende som sticker ut bland m\u00e4ngden, som vanligt med Krytac f\u00e5r du otrolig prestanda och h\u00f6g kvalit\u00e9. Gev\u00e4ret skjuter h\u00e5rt, l\u00e5ngt och snabbt direkt ur l\u00e5dan och har riktigt starka interna [&hellip;]<\/p>","protected":false},"featured_media":7817,"comment_status":"open","ping_status":"closed","template":"","meta":[],"product_brand":[],"product_cat":[45,62],"product_tag":[330,329,327,438,269,331,437],"class_list":{"0":"post-1272","1":"product","2":"type-product","3":"status-publish","4":"has-post-thumbnail","6":"product_cat-eldrivna-airsoftgevar","7":"product_cat-krytac","8":"product_tag-aeg","9":"product_tag-ar15","10":"product_tag-krytac","11":"product_tag-lvoa-s","12":"product_tag-m4","13":"product_tag-rifle","14":"product_tag-war-sport","15":"product_shipping_class-bestallningsvara-5-till-14-dagar","17":"first","18":"instock","19":"taxable","20":"shipping-taxable","21":"purchasable","22":"product-type-simple","23":"add-to-wishlist-before_image"},"_links":{"self":[{"href":"https:\/\/airsoftspecialisten.admaxstage.com\/en\/wp-json\/wp\/v2\/product\/1272","targetHints":{"allow":["GET"]}}],"collection":[{"href":"https:\/\/airsoftspecialisten.admaxstage.com\/en\/wp-json\/wp\/v2\/product"}],"about":[{"href":"https:\/\/airsoftspecialisten.admaxstage.com\/en\/wp-json\/wp\/v2\/types\/product"}],"replies":[{"embeddable":true,"href":"https:\/\/airsoftspecialisten.admaxstage.com\/en\/wp-json\/wp\/v2\/comments?post=1272"}],"wp:featuredmedia":[{"embeddable":true,"href":"https:\/\/airsoftspecialisten.admaxstage.com\/en\/wp-json\/wp\/v2\/media\/7817"}],"wp:attachment":[{"href":"https:\/\/airsoftspecialisten.admaxstage.com\/en\/wp-json\/wp\/v2\/media?parent=1272"}],"wp:term":[{"taxonomy":"product_brand","embeddable":true,"href":"https:\/\/airsoftspecialisten.admaxstage.com\/en\/wp-json\/wp\/v2\/product_brand?post=1272"},{"taxonomy":"product_cat","embeddable":true,"href":"https:\/\/airsoftspecialisten.admaxstage.com\/en\/wp-json\/wp\/v2\/product_cat?post=1272"},{"taxonomy":"product_tag","embeddable":true,"href":"https:\/\/airsoftspecialisten.admaxstage.com\/en\/wp-json\/wp\/v2\/product_tag?post=1272"}],"curies":[{"name":"wp","href":"https:\/\/api.w.org\/{rel}","templated":true}]}}