{"id":1316,"date":"2019-05-04T17:39:22","date_gmt":"2019-05-04T17:39:22","guid":{"rendered":"https:\/\/www.airsoft.admaxstage.com\/?product=krytac-trident-mk2-sprpdw-bundle-dark-earth"},"modified":"2025-12-18T20:01:18","modified_gmt":"2025-12-18T19:01:18","slug":"krytac-trident-mk2-sprpdw-bundle-dark-earth","status":"publish","type":"product","link":"https:\/\/airsoftspecialisten.admaxstage.com\/en\/shop\/airsoftvapen\/eldrivna-airsoftgevar\/krytac\/krytac-trident-mk2-sprpdw-bundle-dark-earth\/","title":{"rendered":"Krytac Trident Mk2 SPR\/PDW Bundle - Dark Earth"},"content":{"rendered":"<p><span style=\"font-size: 10pt;\"><strong>Other colour options:<\/strong><\/span><br \/>\n<a href=\"https:\/\/www.airsoftkiosken.com\/krytac-trident-mk2-sprpdw-bundle-foliage-green\" target=\"_blank\" rel=\"noopener\"><img loading=\"lazy\" decoding=\"async\" src=\"https:\/\/www.airsoft.admaxstage.com\/wp-content\/uploads\/images\/uploaded\/FoliageGreen-test4.png\" alt=\"\" width=\"112\" height=\"25\" \/><\/a>\u00a0 \u00a0<a href=\"https:\/\/www.airsoftkiosken.com\/krytac-trident-mk2-sprpdw-bundle-grey\" target=\"_blank\" rel=\"noopener\"><img loading=\"lazy\" decoding=\"async\" src=\"https:\/\/www.airsoft.admaxstage.com\/wp-content\/uploads\/images\/uploaded\/Grey-test4.png\" alt=\"\" width=\"44\" height=\"25\" \/><\/a>\u00a0 \u00a0<a href=\"https:\/\/www.airsoftkiosken.com\/krytac-trident-mk2-sprpdw-bundle-black\" target=\"_blank\" rel=\"noopener\"><img loading=\"lazy\" decoding=\"async\" src=\"https:\/\/www.airsoft.admaxstage.com\/wp-content\/uploads\/images\/uploaded\/Black-test4.png\" alt=\"\" width=\"50\" height=\"25\" \/><\/a><\/p>\n<p>The Krytac Trident Mk2 SPR\/PDW is the perfect rifle for the discerning player who wants a high-performance rifle but doesn't want to spend time and money upgrading it.<\/p>\n<p>In this package you get two pieces of upper receivers, handguards+barrel assemblies, hopup combinations and pipes.<\/p>\n<p>That means you can convert the gun from a long forest gun to a short CQB monster in seconds.<\/p>\n<p>When we tested this bundle, the PDW front was clocking just over 100ms but if you \"break in\" the spring it should land just under 100ms and be perfect for CQB games.<\/p>\n<p>The rifle shoots hard, long and fast right out of the box and has really strong internal and external parts resulting in one of the best rifles on the market in its price range.<\/p>\n<p>The rifle has a precision barrel straight from the factory and a really good hop-up housing that makes the bullets go straight and consistent.<\/p>\n<p>Information on the weapon from the manufacturer:<\/p>\n<p>EXTERNAL FEATURES<\/p>\n<p>Licensed DEFIANCE\u00ae TR105 Keymod Hand Guard<br \/>\nLicensed DEFIANCE\u00ae TR113 Keymod Hand Guard<br \/>\nKRYTAC Metal Alloy Receivers<br \/>\nLicensed DEFIANCE\u00ae Pistol Grip<br \/>\nLicensed CMC Trigger<br \/>\nKRYTAC Battery Stock<br \/>\nAmbidextrous Fire Selector<br \/>\nMIL-STD 1913 Picatinny Top Rail<br \/>\nLocking Bolt and Bolt Release<br \/>\nSix-Position Numbered Buffer Tube<br \/>\nAmbidextrous Sling Loops<br \/>\nAdjustable Iron Sights<\/p>\n<p>INTERNAL FEATURES:<br \/>\n8mm Ball Bearing Nautilus Mechbox<br \/>\nIntegrated FET System<br \/>\nEasy Spring Access<br \/>\nPadded Cylinder Head<br \/>\nRelief-cut Cylinder Window<br \/>\nAnti-corrosion Mechbox Coating<br \/>\nAdjustable Rotary Hop-Up<br \/>\nTemperature And Wear Resistant Hop-Up Bucking<br \/>\nKRYTAC 30k Neodymium Magnet High-Torque Motor<\/p>\n<p>NOTE! See the terms of purchase for Airsoft weapons before purchase.<\/p>","protected":false},"excerpt":{"rendered":"<p>Andra F\u00e4rgalternativ: \u00a0 \u00a0\u00a0 \u00a0 Krytac Trident Mk2 SPR\/PDW \u00e4r det perfekta gev\u00e4ret f\u00f6r den kr\u00e4sne spelaren som vill ha en h\u00f6gpresterande b\u00f6ssa men inte vill beh\u00f6va spendera tid och pengar p\u00e5 att uppgradera den. I detta paket f\u00e5r du allts\u00e5 tv\u00e5stycken upper receivers, handguards+barrel assemblys, hopupkombinationer och pipor. Allts\u00e5 kan du p\u00e5 n\u00e5gra sekunder [&hellip;]<\/p>","protected":false},"featured_media":7839,"comment_status":"open","ping_status":"closed","template":"","meta":[],"product_brand":[],"product_cat":[45,62],"product_tag":[330,360,327,332,183,333,328],"class_list":{"0":"post-1316","1":"product","2":"type-product","3":"status-publish","4":"has-post-thumbnail","6":"product_cat-eldrivna-airsoftgevar","7":"product_cat-krytac","8":"product_tag-aeg","9":"product_tag-bundle","10":"product_tag-krytac","11":"product_tag-mk2","12":"product_tag-pdw","13":"product_tag-spr","14":"product_tag-trident","15":"product_shipping_class-bestallningsvara-5-till-14-dagar","17":"first","18":"outofstock","19":"taxable","20":"shipping-taxable","21":"purchasable","22":"product-type-simple","23":"add-to-wishlist-before_image"},"_links":{"self":[{"href":"https:\/\/airsoftspecialisten.admaxstage.com\/en\/wp-json\/wp\/v2\/product\/1316","targetHints":{"allow":["GET"]}}],"collection":[{"href":"https:\/\/airsoftspecialisten.admaxstage.com\/en\/wp-json\/wp\/v2\/product"}],"about":[{"href":"https:\/\/airsoftspecialisten.admaxstage.com\/en\/wp-json\/wp\/v2\/types\/product"}],"replies":[{"embeddable":true,"href":"https:\/\/airsoftspecialisten.admaxstage.com\/en\/wp-json\/wp\/v2\/comments?post=1316"}],"wp:featuredmedia":[{"embeddable":true,"href":"https:\/\/airsoftspecialisten.admaxstage.com\/en\/wp-json\/wp\/v2\/media\/7839"}],"wp:attachment":[{"href":"https:\/\/airsoftspecialisten.admaxstage.com\/en\/wp-json\/wp\/v2\/media?parent=1316"}],"wp:term":[{"taxonomy":"product_brand","embeddable":true,"href":"https:\/\/airsoftspecialisten.admaxstage.com\/en\/wp-json\/wp\/v2\/product_brand?post=1316"},{"taxonomy":"product_cat","embeddable":true,"href":"https:\/\/airsoftspecialisten.admaxstage.com\/en\/wp-json\/wp\/v2\/product_cat?post=1316"},{"taxonomy":"product_tag","embeddable":true,"href":"https:\/\/airsoftspecialisten.admaxstage.com\/en\/wp-json\/wp\/v2\/product_tag?post=1316"}],"curies":[{"name":"wp","href":"https:\/\/api.w.org\/{rel}","templated":true}]}}