{"id":1332,"date":"2000-01-01T00:00:00","date_gmt":"2000-01-01T00:00:00","guid":{"rendered":"https:\/\/www.airsoft.admaxstage.com\/?product=cyma-pistongset-15-tandad-steel-teeth"},"modified":"2025-12-18T20:01:18","modified_gmt":"2025-12-18T19:01:18","slug":"cyma-pistongset-15-tandad-steel-teeth","status":"publish","type":"product","link":"https:\/\/airsoftspecialisten.admaxstage.com\/en\/shop\/vapentillbehor-vapendelar-2\/interna-delar-aeg-vapentillbehor-vapendelar-2\/vaxellada-motor-interna-delar-aeg-vapentillbehor-vapendelar-2\/cyma-pistongset-15-tandad-steel-teeth\/","title":{"rendered":"Cyma Piston Set 15-Tanded Steel Teeth"},"content":{"rendered":"<p>Incredibly durable piston from Cyma that is popular and used by many experienced mechanics around the world.<\/p>\n<p>Comes complete with piston head and 15 steel teeth that give up nothing!<\/p>\n<p><span style=\"background-color: #3366ff;\"><strong><a href=\"https:\/\/www.youtube.com\/watch?v=aZUEYB4y7fc\" target=\"_blank\" rel=\"noopener\"><span style=\"background-color: #3366ff;\">Click here to watch a review video about the piston<\/span><\/a><\/strong><\/span><\/p>","protected":false},"excerpt":{"rendered":"<p>Otroligt h\u00e5llbar pistong fr\u00e5n Cyma som \u00e4r popul\u00e4r och anv\u00e4nds av m\u00e5nga erfarna mekaniker runtom i v\u00e4rlden. Kommer komplett med pistonhuvud och 15 stycken st\u00e5lt\u00e4nder som inte ger upp f\u00f6r n\u00e5got! Klicka h\u00e4r f\u00f6r att se en recensionsvideo om pistongen<\/p>","protected":false},"featured_media":7847,"comment_status":"open","ping_status":"closed","template":"","meta":[],"product_brand":[],"product_cat":[1461],"product_tag":[330,467,470,468,471,469],"class_list":{"0":"post-1332","1":"product","2":"type-product","3":"status-publish","4":"has-post-thumbnail","6":"product_cat-vaxellada-motor-interna-delar-aeg-vapentillbehor-vapendelar-2","7":"product_tag-aeg","8":"product_tag-cyma","9":"product_tag-full-metal","10":"product_tag-piston","11":"product_tag-pistonhead","12":"product_tag-steel-teeth","13":"product_shipping_class-1-3-arbetsdagar","15":"first","16":"instock","17":"taxable","18":"shipping-taxable","19":"purchasable","20":"product-type-simple","21":"add-to-wishlist-before_image"},"_links":{"self":[{"href":"https:\/\/airsoftspecialisten.admaxstage.com\/en\/wp-json\/wp\/v2\/product\/1332","targetHints":{"allow":["GET"]}}],"collection":[{"href":"https:\/\/airsoftspecialisten.admaxstage.com\/en\/wp-json\/wp\/v2\/product"}],"about":[{"href":"https:\/\/airsoftspecialisten.admaxstage.com\/en\/wp-json\/wp\/v2\/types\/product"}],"replies":[{"embeddable":true,"href":"https:\/\/airsoftspecialisten.admaxstage.com\/en\/wp-json\/wp\/v2\/comments?post=1332"}],"wp:featuredmedia":[{"embeddable":true,"href":"https:\/\/airsoftspecialisten.admaxstage.com\/en\/wp-json\/wp\/v2\/media\/7847"}],"wp:attachment":[{"href":"https:\/\/airsoftspecialisten.admaxstage.com\/en\/wp-json\/wp\/v2\/media?parent=1332"}],"wp:term":[{"taxonomy":"product_brand","embeddable":true,"href":"https:\/\/airsoftspecialisten.admaxstage.com\/en\/wp-json\/wp\/v2\/product_brand?post=1332"},{"taxonomy":"product_cat","embeddable":true,"href":"https:\/\/airsoftspecialisten.admaxstage.com\/en\/wp-json\/wp\/v2\/product_cat?post=1332"},{"taxonomy":"product_tag","embeddable":true,"href":"https:\/\/airsoftspecialisten.admaxstage.com\/en\/wp-json\/wp\/v2\/product_tag?post=1332"}],"curies":[{"name":"wp","href":"https:\/\/api.w.org\/{rel}","templated":true}]}}