{"id":1370,"date":"2000-01-01T00:00:00","date_gmt":"2000-01-01T00:00:00","guid":{"rendered":"https:\/\/www.airsoft.admaxstage.com\/?product=invader-gear-flannel-combat-shirt-red-storlek-l"},"modified":"2025-12-18T20:01:18","modified_gmt":"2025-12-18T19:01:18","slug":"invader-gear-flannel-combat-shirt-red-2","status":"publish","type":"product","link":"https:\/\/airsoftspecialisten.admaxstage.com\/en\/shop\/stridsutrustning\/stridsuniformer-klader-stridsutrustning\/invader-gear-stridsuniformer-klader-stridsutrustning\/invader-gear-flannel-combat-shirt-red-2\/","title":{"rendered":"Invader Gear Flannel Combat Shirt - Red size L"},"content":{"rendered":"<p class=\"content\" data-hook=\"product-page-description-content\">\n<p>Invader Gear's new Flannel Combat Shirt for you who want to maximise your tacticool factor and look sharp on the track!<\/p>\n<p class=\"content\" data-hook=\"product-page-description-content\">The jersey has a stretch material on the entire chest and stomach that allows you to move easily without the jersey riding up your trousers or struggling.<\/p>\n<p class=\"content\" data-hook=\"product-page-description-content\">\u00a0<\/p>\n<p class=\"content\" data-hook=\"product-page-description-content\">There are pockets on both upper arms that can be used to store a mat or similar, and the pockets have Velcro to hold patches.<\/p>\n<p class=\"content\" data-hook=\"product-page-description-content\">The jumper is reinforced at the elbows and the cuffs have Velcro that can be tightened so you don't have excess fabric flapping around.<\/p>\n<p class=\"content\" data-hook=\"product-page-description-content\">The collar of the combat shirt is high which can be comfortable as it protects the neck from bullets, chafing weapon straps and also from the cold.<\/p>\n<p class=\"content\" data-hook=\"product-page-description-content\">\u00a0<\/p>\n<p class=\"content\" data-hook=\"product-page-description-content\">For reference, one of us at Airsoftkiosken has this combat shirt in size medium with a weight of 83kg and length of 183cm and a \"normal\" shoulder width.<\/p>\n<p class=\"content\" data-hook=\"product-page-description-content\">Size table:<br \/>Small: Chest=92cm Arm=62cm<br \/>Medium: Chest=100cm Arm=64cm<br \/>Large: Chest=108cm Arm=66cm<br \/>XL: Chest=116cm Arm=68cm<\/p>","protected":false},"excerpt":{"rendered":"<p>Invader Gear:s nya Flannel Combat Shirt f\u00f6r dig som vill maxa din tacticool-faktor och se vassast ut p\u00e5 banan! Tr\u00f6jan hara stretchmaterial p\u00e5 hela br\u00f6stet och magen som g\u00f6r att du l\u00e4tt kan r\u00f6ra dig utan att tr\u00f6jan \u00e5ker upp ur byxan eller stretar emot. \u00a0 Fickor finns p\u00e5 b\u00e5da \u00f6verarmarna d\u00e4r tr\u00e4ffduk eller liknande [&hellip;]<\/p>","protected":false},"featured_media":7872,"comment_status":"open","ping_status":"closed","template":"","meta":[],"product_brand":[],"product_cat":[1475,1449],"product_tag":[279,499,498,376,500,497],"class_list":{"0":"post-1370","1":"product","2":"type-product","3":"status-publish","4":"has-post-thumbnail","6":"product_cat-invader-gear-stridsuniformer-klader-stridsutrustning","7":"product_cat-stridsuniformer-klader-stridsutrustning","8":"product_tag-combat","9":"product_tag-flanell","10":"product_tag-flannel","11":"product_tag-invader-gear","12":"product_tag-red","13":"product_tag-shirt","14":"product_shipping_class-1-3-arbetsdagar","16":"first","17":"outofstock","18":"taxable","19":"shipping-taxable","20":"purchasable","21":"product-type-simple","22":"add-to-wishlist-before_image"},"_links":{"self":[{"href":"https:\/\/airsoftspecialisten.admaxstage.com\/en\/wp-json\/wp\/v2\/product\/1370","targetHints":{"allow":["GET"]}}],"collection":[{"href":"https:\/\/airsoftspecialisten.admaxstage.com\/en\/wp-json\/wp\/v2\/product"}],"about":[{"href":"https:\/\/airsoftspecialisten.admaxstage.com\/en\/wp-json\/wp\/v2\/types\/product"}],"replies":[{"embeddable":true,"href":"https:\/\/airsoftspecialisten.admaxstage.com\/en\/wp-json\/wp\/v2\/comments?post=1370"}],"wp:featuredmedia":[{"embeddable":true,"href":"https:\/\/airsoftspecialisten.admaxstage.com\/en\/wp-json\/wp\/v2\/media\/7872"}],"wp:attachment":[{"href":"https:\/\/airsoftspecialisten.admaxstage.com\/en\/wp-json\/wp\/v2\/media?parent=1370"}],"wp:term":[{"taxonomy":"product_brand","embeddable":true,"href":"https:\/\/airsoftspecialisten.admaxstage.com\/en\/wp-json\/wp\/v2\/product_brand?post=1370"},{"taxonomy":"product_cat","embeddable":true,"href":"https:\/\/airsoftspecialisten.admaxstage.com\/en\/wp-json\/wp\/v2\/product_cat?post=1370"},{"taxonomy":"product_tag","embeddable":true,"href":"https:\/\/airsoftspecialisten.admaxstage.com\/en\/wp-json\/wp\/v2\/product_tag?post=1370"}],"curies":[{"name":"wp","href":"https:\/\/api.w.org\/{rel}","templated":true}]}}