{"id":1379,"date":"2000-01-01T00:00:00","date_gmt":"2000-01-01T00:00:00","guid":{"rendered":"https:\/\/www.airsoft.admaxstage.com\/?product=lancer-clear-black-swisseye"},"modified":"2025-12-18T20:01:19","modified_gmt":"2025-12-18T19:01:19","slug":"edge-ballistic-eyewear-fastlink-vapor-shield-clear","status":"publish","type":"product","link":"https:\/\/airsoftspecialisten.admaxstage.com\/en\/shop\/stridsutrustning\/skyddsutrustning\/edge-ballistic-eyewear-fastlink-vapor-shield-clear\/","title":{"rendered":"Lancer Clear Black (SwissEye)"},"content":{"rendered":"<p>Edge Eyewear manufactures ANSI-certified Polarised Safety Glasses that are made of a material that has vapor protection built into the lens instead of the surface treatment that many other glasses use, this is what Edge Eyewear calls \"Vapor Shield\".<\/p>\n<p>\u00a0<\/p>\n<p>These glasses have incredible resistance to fogging even in extreme temperature changes.<\/p>\n<p>\u00a0<\/p>\n<p>The glass complies with ANSI Z87.1+2010 and Military Ballistic MCEPS GL-PD 10-12 standards, which means that they are highly resistant and offer great security.<\/p>\n<p>This model has stylish slim &amp; lightweight frames to maximise the field of vision and extends far back on the sides to protect from all angles.<\/p>\n<p>\u00a0<\/p>\n<p>Edge Vapor Shield imtest:\u00a0<a href=\"https:\/\/www.youtube.com\/watch?v=1sLeckOapmg\" target=\"_blank\" rel=\"noopener\">https:\/\/www.youtube.com\/watch?v=1sLeckOapmg<\/a><\/p>","protected":false},"excerpt":{"rendered":"<p>Edge Eyewear tillverkar ANSI-certifierade Polariserade S\u00e4kerhetsglas\u00f6gon som \u00e4r gjorda i ett material som har imskydd inbyggt i linsen ist\u00e4llet f\u00f6r ytbehandling som m\u00e5nga andra glas\u00f6gon anv\u00e4nder, detta \u00e4r vad Edge Eyewear kallar &#8221;Vapor Shield&#8221;. \u00a0 Dessa glas\u00f6gonen har otrolig resistens mot imma \u00e4ven vid extrema temperaturskiftningar. \u00a0 Glaset f\u00f6ljer ANSI Z87.1+2010 samt Military Ballistic MCEPS [&hellip;]<\/p>","protected":false},"featured_media":7874,"comment_status":"open","ping_status":"closed","template":"","meta":[],"product_brand":[],"product_cat":[56],"product_tag":[489,486,485,492,487,491,490,488],"class_list":{"0":"post-1379","1":"product","2":"type-product","3":"status-publish","4":"has-post-thumbnail","6":"product_cat-skyddsutrustning","7":"product_tag-anti-fog","8":"product_tag-ballistic","9":"product_tag-edge-eyewear","10":"product_tag-eyeprotection","11":"product_tag-fastlink","12":"product_tag-glasogon","13":"product_tag-skyddsglasogon","14":"product_tag-vapor-shield","15":"product_shipping_class-1-3-arbetsdagar","17":"first","18":"instock","19":"taxable","20":"shipping-taxable","21":"purchasable","22":"product-type-simple","23":"add-to-wishlist-before_image"},"_links":{"self":[{"href":"https:\/\/airsoftspecialisten.admaxstage.com\/en\/wp-json\/wp\/v2\/product\/1379","targetHints":{"allow":["GET"]}}],"collection":[{"href":"https:\/\/airsoftspecialisten.admaxstage.com\/en\/wp-json\/wp\/v2\/product"}],"about":[{"href":"https:\/\/airsoftspecialisten.admaxstage.com\/en\/wp-json\/wp\/v2\/types\/product"}],"replies":[{"embeddable":true,"href":"https:\/\/airsoftspecialisten.admaxstage.com\/en\/wp-json\/wp\/v2\/comments?post=1379"}],"wp:featuredmedia":[{"embeddable":true,"href":"https:\/\/airsoftspecialisten.admaxstage.com\/en\/wp-json\/wp\/v2\/media\/7874"}],"wp:attachment":[{"href":"https:\/\/airsoftspecialisten.admaxstage.com\/en\/wp-json\/wp\/v2\/media?parent=1379"}],"wp:term":[{"taxonomy":"product_brand","embeddable":true,"href":"https:\/\/airsoftspecialisten.admaxstage.com\/en\/wp-json\/wp\/v2\/product_brand?post=1379"},{"taxonomy":"product_cat","embeddable":true,"href":"https:\/\/airsoftspecialisten.admaxstage.com\/en\/wp-json\/wp\/v2\/product_cat?post=1379"},{"taxonomy":"product_tag","embeddable":true,"href":"https:\/\/airsoftspecialisten.admaxstage.com\/en\/wp-json\/wp\/v2\/product_tag?post=1379"}],"curies":[{"name":"wp","href":"https:\/\/api.w.org\/{rel}","templated":true}]}}