{"id":1437,"date":"2000-01-01T00:00:00","date_gmt":"2000-01-01T00:00:00","guid":{"rendered":"https:\/\/www.airsoft.admaxstage.com\/?product=bls-perfect-bb-1kg-020g-tracer"},"modified":"2025-12-18T20:01:19","modified_gmt":"2025-12-18T19:01:19","slug":"bls-perfect-bb-1kg-020g-tracer","status":"publish","type":"product","link":"https:\/\/airsoftspecialisten.admaxstage.com\/en\/shop\/ammunition-drivmedel-2\/kulor-ammunition-drivmedel-2\/kulor-tracer-kulor-ammunition-drivmedel-2\/bls-perfect-bb-1kg-020g-tracer\/","title":{"rendered":"BLS Perfect BB 1kg 0,20g - Tracer BIO"},"content":{"rendered":"<p>High quality 6mm Tracer bullets, with these glow-in-the-dark bullets together with a tracer silencer you get a tracer light effect when the track is illuminated.<\/p>\n<p>Works in all kinds of airsoft replicas that use 6mm bullets.<\/p>\n<p>These are ideal if you have a tightbore precision pipe that requires high quality bullets.<br \/>\nBLS is a well-known brand that has been supplying high quality bullets for a long time and is also the OEM for many other well-known re-brands.<\/p>","protected":false},"excerpt":{"rendered":"<p>6mm Tracer-kulor som h\u00e5ller\u00a0h\u00f6g kvalit\u00e9, med dessa sj\u00e4lvlysande kulor tillsammans med en tracer-ljudd\u00e4mpare s\u00e5 f\u00e5r du sp\u00e5rljus-effekt d\u00e5 kulbanan lyses upp. Fungerar i alla sorters airsoftreplikor som anv\u00e4nder 6mm kulor. Dessa passar utm\u00e4rkt om du har tightbore precisionspipa som kr\u00e4ver kulor av h\u00f6g kvalit\u00e9. BLS \u00e4r ett v\u00e4lk\u00e4nt m\u00e4rke som \u00f6ver l\u00e4ngre tid levererat\u00a0kulor av [&hellip;]<\/p>","protected":false},"featured_media":7914,"comment_status":"open","ping_status":"closed","template":"","meta":[],"product_brand":[],"product_cat":[1477,1478],"product_tag":[548,545,543,547,546],"class_list":{"0":"post-1437","1":"product","2":"type-product","3":"status-publish","4":"has-post-thumbnail","6":"product_cat-kulor-ammunition-drivmedel-2","7":"product_cat-kulor-tracer-kulor-ammunition-drivmedel-2","8":"product_tag-020g","9":"product_tag-bbs","10":"product_tag-bls","11":"product_tag-sparljus","12":"product_tag-tracer","13":"product_shipping_class-1-3-arbetsdagar","15":"first","16":"instock","17":"taxable","18":"shipping-taxable","19":"purchasable","20":"product-type-simple","21":"add-to-wishlist-before_image"},"_links":{"self":[{"href":"https:\/\/airsoftspecialisten.admaxstage.com\/en\/wp-json\/wp\/v2\/product\/1437","targetHints":{"allow":["GET"]}}],"collection":[{"href":"https:\/\/airsoftspecialisten.admaxstage.com\/en\/wp-json\/wp\/v2\/product"}],"about":[{"href":"https:\/\/airsoftspecialisten.admaxstage.com\/en\/wp-json\/wp\/v2\/types\/product"}],"replies":[{"embeddable":true,"href":"https:\/\/airsoftspecialisten.admaxstage.com\/en\/wp-json\/wp\/v2\/comments?post=1437"}],"wp:featuredmedia":[{"embeddable":true,"href":"https:\/\/airsoftspecialisten.admaxstage.com\/en\/wp-json\/wp\/v2\/media\/7914"}],"wp:attachment":[{"href":"https:\/\/airsoftspecialisten.admaxstage.com\/en\/wp-json\/wp\/v2\/media?parent=1437"}],"wp:term":[{"taxonomy":"product_brand","embeddable":true,"href":"https:\/\/airsoftspecialisten.admaxstage.com\/en\/wp-json\/wp\/v2\/product_brand?post=1437"},{"taxonomy":"product_cat","embeddable":true,"href":"https:\/\/airsoftspecialisten.admaxstage.com\/en\/wp-json\/wp\/v2\/product_cat?post=1437"},{"taxonomy":"product_tag","embeddable":true,"href":"https:\/\/airsoftspecialisten.admaxstage.com\/en\/wp-json\/wp\/v2\/product_tag?post=1437"}],"curies":[{"name":"wp","href":"https:\/\/api.w.org\/{rel}","templated":true}]}}