{"id":1457,"date":"2000-01-01T00:00:00","date_gmt":"2000-01-01T00:00:00","guid":{"rendered":"https:\/\/www.airsoft.admaxstage.com\/?product=maple-leaf-wonder-hop-up-bucking-50-degree-vsrgbb-green"},"modified":"2025-12-18T20:01:20","modified_gmt":"2025-12-18T19:01:20","slug":"maple-leaf-wonder-hop-up-bucking-50-degree-vsrgbb-green","status":"publish","type":"product","link":"https:\/\/airsoftspecialisten.admaxstage.com\/en\/shop\/vapentillbehor-vapendelar-2\/interna-delar-gbb-vapentillbehor-vapendelar-2\/maple-leaf-wonder-hop-up-bucking-50-degree-vsrgbb-green\/","title":{"rendered":"Maple Leaf Wonder Hop Up Bucking 50 Degree VSR\/GBB - Green"},"content":{"rendered":"<p>A very well made and good hopup rubber from Maple Leaf made of soft rubber suitable for weapons with an output speed of less than 100 m\/s (works for higher output speeds up to about 160 m\/s but wears out faster).<\/p>\n<p>The difference between the Super &amp; Wonder rubbers is that the Wonder rubber is designed to maximise range while the Super rubber is designed to maximise precision.<\/p>\n<p>For optimal results, the rubber should be used with a concave nub such as the Maple Leaf Omega nub.<\/p>\n<p>This hop-up combo results in a really good hop-up effect and gives your gun a long range and stable trajectory.<\/p>\n<p>The rubber fits on VSR\/GBB barrels, so it works with almost all GBB pistols and sniper weapons that use VSR10 rubber.<\/p>","protected":false},"excerpt":{"rendered":"<p>Ett mycket v\u00e4lgjort och bra hopupgummi fr\u00e5n Maple Leaf gjort i mjukt gummi som passar till vapen med en utg\u00e5ngshastighet p\u00e5 under 100 m\/s(fungerar f\u00f6r h\u00f6gre utg\u00e5ngshastigheter upp till ca 160 m\/s men n\u00f6ts ut snabbare). Skillnaden mellan Super &amp; Wonder gummina \u00e4r att Wonder-gummit \u00e4r utformat f\u00f6r att maximera r\u00e4ckvidd medans Super-gummit \u00e4r utformat [&hellip;]<\/p>","protected":false},"featured_media":7926,"comment_status":"open","ping_status":"closed","template":"","meta":[],"product_brand":[],"product_cat":[1456,1457],"product_tag":[561,213,511,290,300,339,215,217,340,509],"class_list":{"0":"post-1457","1":"product","2":"type-product","3":"status-publish","4":"has-post-thumbnail","6":"product_cat-interna-delar-gbb-vapentillbehor-vapendelar-2","7":"product_cat-interna-delar-sniper-vapentillbehor-vapendelar-2","8":"product_tag-561","9":"product_tag-bucking","10":"product_tag-degree","11":"product_tag-gbb","12":"product_tag-gummi","13":"product_tag-hop","14":"product_tag-maple-leaf","15":"product_tag-rubber","16":"product_tag-up","17":"product_tag-vsr","18":"product_shipping_class-1-3-arbetsdagar","20":"first","21":"instock","22":"taxable","23":"shipping-taxable","24":"purchasable","25":"product-type-simple","26":"add-to-wishlist-before_image"},"_links":{"self":[{"href":"https:\/\/airsoftspecialisten.admaxstage.com\/en\/wp-json\/wp\/v2\/product\/1457","targetHints":{"allow":["GET"]}}],"collection":[{"href":"https:\/\/airsoftspecialisten.admaxstage.com\/en\/wp-json\/wp\/v2\/product"}],"about":[{"href":"https:\/\/airsoftspecialisten.admaxstage.com\/en\/wp-json\/wp\/v2\/types\/product"}],"replies":[{"embeddable":true,"href":"https:\/\/airsoftspecialisten.admaxstage.com\/en\/wp-json\/wp\/v2\/comments?post=1457"}],"wp:featuredmedia":[{"embeddable":true,"href":"https:\/\/airsoftspecialisten.admaxstage.com\/en\/wp-json\/wp\/v2\/media\/7926"}],"wp:attachment":[{"href":"https:\/\/airsoftspecialisten.admaxstage.com\/en\/wp-json\/wp\/v2\/media?parent=1457"}],"wp:term":[{"taxonomy":"product_brand","embeddable":true,"href":"https:\/\/airsoftspecialisten.admaxstage.com\/en\/wp-json\/wp\/v2\/product_brand?post=1457"},{"taxonomy":"product_cat","embeddable":true,"href":"https:\/\/airsoftspecialisten.admaxstage.com\/en\/wp-json\/wp\/v2\/product_cat?post=1457"},{"taxonomy":"product_tag","embeddable":true,"href":"https:\/\/airsoftspecialisten.admaxstage.com\/en\/wp-json\/wp\/v2\/product_tag?post=1457"}],"curies":[{"name":"wp","href":"https:\/\/api.w.org\/{rel}","templated":true}]}}