{"id":1531,"date":"2000-01-01T00:00:00","date_gmt":"2000-01-01T00:00:00","guid":{"rendered":"https:\/\/www.airsoft.admaxstage.com\/?product=pheos-cx2-protective-glasses-clear-uv400"},"modified":"2025-12-18T20:01:21","modified_gmt":"2025-12-18T19:01:21","slug":"pheos-cx2-protective-glasses-clear-uv400","status":"publish","type":"product","link":"https:\/\/airsoftspecialisten.admaxstage.com\/en\/shop\/stridsutrustning\/skyddsutrustning\/pheos-cx2-protective-glasses-clear-uv400\/","title":{"rendered":"Pheos CX2 Protective Glasses - Clear (UV400)"},"content":{"rendered":"<p>Pheos CX2 safety glasses - clear (UV400)<\/p>\n<p>The Uvex Pheos CX2 sets new standards in safety eyewear. Their innovative features make them ideal for the user's face. This was proven by numerous tightness and adhesion tests. X-Twist technology and the eyebrow protection system of the glasses provide complete protection for the area around the eyes and a stable fit of the glasses. This ensures full protection no matter what.<\/p>\n<p>The Uvex Pheos CX2 presents an innovative approach to comfort and safety. Thanks to new X-Twist technology, they will not slip down from the user's head and the eyebrow protection system fully protects the area around the eyes.<\/p>","protected":false},"excerpt":{"rendered":"<p>Pheos CX2 skyddsglas\u00f6gon &#8211; klar (UV400) Uvex Pheos CX2 s\u00e4tter nya standarder f\u00f6r skyddsglas\u00f6gon. Deras innovativa egenskaper g\u00f6r dem idealiska f\u00f6r anv\u00e4ndarens ansikte. Detta bevisades av m\u00e5nga t\u00e4thets- och vidh\u00e4ftningstester. X-Twist-teknik och \u00f6gonbrynsskyddssystem f\u00f6r glas\u00f6gonen ger fullst\u00e4ndigt skydd f\u00f6r omr\u00e5det runt \u00f6gonen och en stabil passform f\u00f6r glas\u00f6gonen. Detta garanterar fullt skydd oavsett vad. Uvex [&hellip;]<\/p>","protected":false},"featured_media":7974,"comment_status":"open","ping_status":"closed","template":"","meta":[],"product_brand":[],"product_cat":[56],"product_tag":[220,490],"class_list":{"0":"post-1531","1":"product","2":"type-product","3":"status-publish","4":"has-post-thumbnail","6":"product_cat-skyddsutrustning","7":"product_tag-skyddsglas","8":"product_tag-skyddsglasogon","9":"product_shipping_class-1-3-arbetsdagar","11":"first","12":"instock","13":"taxable","14":"shipping-taxable","15":"purchasable","16":"product-type-simple","17":"add-to-wishlist-before_image"},"_links":{"self":[{"href":"https:\/\/airsoftspecialisten.admaxstage.com\/en\/wp-json\/wp\/v2\/product\/1531","targetHints":{"allow":["GET"]}}],"collection":[{"href":"https:\/\/airsoftspecialisten.admaxstage.com\/en\/wp-json\/wp\/v2\/product"}],"about":[{"href":"https:\/\/airsoftspecialisten.admaxstage.com\/en\/wp-json\/wp\/v2\/types\/product"}],"replies":[{"embeddable":true,"href":"https:\/\/airsoftspecialisten.admaxstage.com\/en\/wp-json\/wp\/v2\/comments?post=1531"}],"wp:featuredmedia":[{"embeddable":true,"href":"https:\/\/airsoftspecialisten.admaxstage.com\/en\/wp-json\/wp\/v2\/media\/7974"}],"wp:attachment":[{"href":"https:\/\/airsoftspecialisten.admaxstage.com\/en\/wp-json\/wp\/v2\/media?parent=1531"}],"wp:term":[{"taxonomy":"product_brand","embeddable":true,"href":"https:\/\/airsoftspecialisten.admaxstage.com\/en\/wp-json\/wp\/v2\/product_brand?post=1531"},{"taxonomy":"product_cat","embeddable":true,"href":"https:\/\/airsoftspecialisten.admaxstage.com\/en\/wp-json\/wp\/v2\/product_cat?post=1531"},{"taxonomy":"product_tag","embeddable":true,"href":"https:\/\/airsoftspecialisten.admaxstage.com\/en\/wp-json\/wp\/v2\/product_tag?post=1531"}],"curies":[{"name":"wp","href":"https:\/\/api.w.org\/{rel}","templated":true}]}}