{"id":1539,"date":"2000-01-01T00:00:00","date_gmt":"2000-01-01T00:00:00","guid":{"rendered":"https:\/\/www.airsoft.admaxstage.com\/?product=jump-type-tactical-vest-olive"},"modified":"2025-12-18T20:01:21","modified_gmt":"2025-12-18T19:01:21","slug":"scout-chest-rig-tactical-vest-olive-2","status":"publish","type":"product","link":"https:\/\/airsoftspecialisten.admaxstage.com\/en\/shop\/stridsutrustning\/stridsvastar\/scout-chest-rig-tactical-vest-olive-2\/","title":{"rendered":"Jump type tactical vest - olive"},"content":{"rendered":"<p>Tactical vest<\/p>\n<p>\u00a0A very light and functional vest of plate holder made of durable nylon. It is made of two panels - front and back, which are connected with light skeletal leg straps, which are made only of stiffened straps. These straps can also accommodate additional accessories and bags.<\/p>\n<p>The plate holder has an integrated universal ammunition pouch that holds 3 M4\/M16 or AK type magazines. The magazines are secured by rubber bands with handles - such design allows quick change of magazines and also keeps the magazines firmly inside the pouch. Thanks to MOLLE modular system friends, additional pouches can be installed on the vest - on both front and back panels.<\/p>\n<p>The vest has two pouches for medium size ballistic inserts. Two copies of these inserts (made of thick foam) are included. On the chest is a flat pouch with hook and loop panels sewn on - useful for adding patches, badges, etc.<\/p>\n<p>The vest is fully adjustable, it can be regulated to meet all user builds and preferences.<\/p>\n<p><span style=\"color: #ff0000;\"><em><strong>Additional accessories shown in photographs are not included in the kit!<\/strong><\/em><\/span><\/p>","protected":false},"excerpt":{"rendered":"<p>Taktisk v\u00e4st \u00a0En v\u00e4ldigt l\u00e4tt och funktionell v\u00e4st av platth\u00e5llare av tillverkad av slitstark nylon. Den \u00e4r gjord av tv\u00e5 paneler &#8211; fram och bak, som \u00e4r anslutna med l\u00e4tt skelettbensband, som endast \u00e4r gjorda av f\u00f6rstyvade remmar. Dessa remmar kan ocks\u00e5 rymma ytterligare tillbeh\u00f6r och p\u00e5sar. Platth\u00e5llaren har en integrerad universell ammunitionsp\u00e5se som rymmer [&hellip;]<\/p>","protected":false},"featured_media":7979,"comment_status":"open","ping_status":"closed","template":"","meta":[],"product_brand":[],"product_cat":[36],"product_tag":[599,598,269,601,602],"class_list":{"0":"post-1539","1":"product","2":"type-product","3":"status-publish","4":"has-post-thumbnail","6":"product_cat-stridsvastar","7":"product_tag-chest","8":"product_tag-chest-rig","9":"product_tag-m4","10":"product_tag-scout-chest-rig","11":"product_tag-stridsvast","12":"product_shipping_class-1-3-arbetsdagar","14":"first","15":"instock","16":"taxable","17":"shipping-taxable","18":"purchasable","19":"product-type-simple","20":"add-to-wishlist-before_image"},"_links":{"self":[{"href":"https:\/\/airsoftspecialisten.admaxstage.com\/en\/wp-json\/wp\/v2\/product\/1539","targetHints":{"allow":["GET"]}}],"collection":[{"href":"https:\/\/airsoftspecialisten.admaxstage.com\/en\/wp-json\/wp\/v2\/product"}],"about":[{"href":"https:\/\/airsoftspecialisten.admaxstage.com\/en\/wp-json\/wp\/v2\/types\/product"}],"replies":[{"embeddable":true,"href":"https:\/\/airsoftspecialisten.admaxstage.com\/en\/wp-json\/wp\/v2\/comments?post=1539"}],"wp:featuredmedia":[{"embeddable":true,"href":"https:\/\/airsoftspecialisten.admaxstage.com\/en\/wp-json\/wp\/v2\/media\/7979"}],"wp:attachment":[{"href":"https:\/\/airsoftspecialisten.admaxstage.com\/en\/wp-json\/wp\/v2\/media?parent=1539"}],"wp:term":[{"taxonomy":"product_brand","embeddable":true,"href":"https:\/\/airsoftspecialisten.admaxstage.com\/en\/wp-json\/wp\/v2\/product_brand?post=1539"},{"taxonomy":"product_cat","embeddable":true,"href":"https:\/\/airsoftspecialisten.admaxstage.com\/en\/wp-json\/wp\/v2\/product_cat?post=1539"},{"taxonomy":"product_tag","embeddable":true,"href":"https:\/\/airsoftspecialisten.admaxstage.com\/en\/wp-json\/wp\/v2\/product_tag?post=1539"}],"curies":[{"name":"wp","href":"https:\/\/api.w.org\/{rel}","templated":true}]}}