{"id":1577,"date":"2000-01-01T00:00:00","date_gmt":"2000-01-01T00:00:00","guid":{"rendered":"https:\/\/www.airsoft.admaxstage.com\/?product=set-of-knee-protection-pads-sand"},"modified":"2025-12-18T20:01:22","modified_gmt":"2025-12-18T19:01:22","slug":"set-of-knee-protection-pads-sand","status":"publish","type":"product","link":"https:\/\/airsoftspecialisten.admaxstage.com\/en\/shop\/stridsutrustning\/skyddsutrustning\/set-of-knee-protection-pads-sand\/","title":{"rendered":"Set of knee protection pads - sand"},"content":{"rendered":"<p>Installation of knee protection pads\u00a0<\/p>\n<p>The knee pads are mostly made of nylon. The very durable knee protection shells are made of plastic and provide perfect protection against any injury. The shells are assembled using rivets thanks to which the kit is very durable. The knee protector pads are equipped with adjustable carrying straps that are equipped with adjustable plastic buckles which significantly improves user comfort.<\/p>","protected":false},"excerpt":{"rendered":"<p>Upps\u00e4ttning av kn\u00e4skyddskuddar\u00a0 Kn\u00e4skyddskuddarna \u00e4r mestadels gjorda av nylon. De mycket t\u00e5liga kn\u00e4skyddsh\u00f6ljena \u00e4r gjorda av plast och ger perfekt skydd mot alla skador. Skalen monteras med hj\u00e4lp av nitar tack vare vilken satsen \u00e4r mycket h\u00e5llbar. Kn\u00e4skyddskuddarna \u00e4r utrustade med justerbara b\u00e4rremmar som \u00e4r utrustade med justerbara plastsp\u00e4nnen vilket f\u00f6rb\u00e4ttrar anv\u00e4ndarkomforten avsev\u00e4rt.<\/p>","protected":false},"featured_media":8003,"comment_status":"open","ping_status":"closed","template":"","meta":[],"product_brand":[],"product_cat":[1449,56],"product_tag":[614,613],"class_list":{"0":"post-1577","1":"product","2":"type-product","3":"status-publish","4":"has-post-thumbnail","6":"product_cat-stridsuniformer-klader-stridsutrustning","7":"product_cat-skyddsutrustning","8":"product_tag-knaskydd","9":"product_tag-knee-protection","10":"product_shipping_class-1-3-arbetsdagar","12":"first","13":"instock","14":"taxable","15":"shipping-taxable","16":"purchasable","17":"product-type-simple","18":"add-to-wishlist-before_image"},"_links":{"self":[{"href":"https:\/\/airsoftspecialisten.admaxstage.com\/en\/wp-json\/wp\/v2\/product\/1577","targetHints":{"allow":["GET"]}}],"collection":[{"href":"https:\/\/airsoftspecialisten.admaxstage.com\/en\/wp-json\/wp\/v2\/product"}],"about":[{"href":"https:\/\/airsoftspecialisten.admaxstage.com\/en\/wp-json\/wp\/v2\/types\/product"}],"replies":[{"embeddable":true,"href":"https:\/\/airsoftspecialisten.admaxstage.com\/en\/wp-json\/wp\/v2\/comments?post=1577"}],"wp:featuredmedia":[{"embeddable":true,"href":"https:\/\/airsoftspecialisten.admaxstage.com\/en\/wp-json\/wp\/v2\/media\/8003"}],"wp:attachment":[{"href":"https:\/\/airsoftspecialisten.admaxstage.com\/en\/wp-json\/wp\/v2\/media?parent=1577"}],"wp:term":[{"taxonomy":"product_brand","embeddable":true,"href":"https:\/\/airsoftspecialisten.admaxstage.com\/en\/wp-json\/wp\/v2\/product_brand?post=1577"},{"taxonomy":"product_cat","embeddable":true,"href":"https:\/\/airsoftspecialisten.admaxstage.com\/en\/wp-json\/wp\/v2\/product_cat?post=1577"},{"taxonomy":"product_tag","embeddable":true,"href":"https:\/\/airsoftspecialisten.admaxstage.com\/en\/wp-json\/wp\/v2\/product_tag?post=1577"}],"curies":[{"name":"wp","href":"https:\/\/api.w.org\/{rel}","templated":true}]}}