{"id":1622,"date":"2000-01-01T00:00:00","date_gmt":"2000-01-01T00:00:00","guid":{"rendered":"https:\/\/www.airsoft.admaxstage.com\/?product=red-dot-1x40-reflex-sight-replica-black"},"modified":"2025-12-18T20:01:22","modified_gmt":"2025-12-18T19:01:22","slug":"red-dot-1x40-reflex-sight-replica-black","status":"publish","type":"product","link":"https:\/\/airsoftspecialisten.admaxstage.com\/en\/shop\/vapentillbehor-vapendelar-2\/sikten-vapentillbehor-vapendelar-2\/red-dot-1x40-reflex-sight-replica-black\/","title":{"rendered":"Red Dot 1\u00d740 Reflex Sight Replica - Black"},"content":{"rendered":"<p>Red Dot 1\u00d740 Reflex Sight Replica<\/p>\n<p>Enclosed in a metal housing and powered by a CR2032 battery, the Theta Optics\u2122 Red Dot 1\u00d740 reflex sight allows the use of a green or red dot during both day and night operations. The target point can be smoothly adjusted vertically and horizontally. It has multiple light options. Mounted on a standard 22 mm RIS rail, the sight allows for quick and accurate targeting.<\/p>\n<p>The purpose of Theta Optics\u2122 is not only to provide high quality optical equipment, but also to continuously broaden its offer with innovative solutions common to the highest quality products. Before being introduced to the market, each product undergoes a series of tests. Theta Optics\u2122 is a proposition for users seeking a high quality product at a reasonable price.<\/p>\n<p>The kit includes:<\/p>\n<p>- Red dot reflex sieve<\/p>\n<p>- Covers<\/p>\n<p>- User manual<\/p>\n<p>- Cleaning cloth<\/p>\n<p>- CR2032 battery<\/p>","protected":false},"excerpt":{"rendered":"<p>Red Dot 1&#215;40 Reflex Sight Replica Theta Optics \u2122 Red Dot 1&#215;40 reflexsikt \u00e4r innesluten i ett metallh\u00f6lje och drivs av ett CR2032-batteri samt g\u00f6r det m\u00f6jligt att anv\u00e4nda en gr\u00f6n eller r\u00f6d prick under b\u00e5de dag- och nattoperationer. M\u00e5lpunkten kan regleras smidigt vertikalt och horisontellt. Den har flera ljusalternativ. Monterad p\u00e5 en standard 22 [&hellip;]<\/p>","protected":false},"featured_media":8034,"comment_status":"open","ping_status":"closed","template":"","meta":[],"product_brand":[],"product_cat":[1452],"product_tag":[629,500,173,176,630,625],"class_list":{"0":"post-1622","1":"product","2":"type-product","3":"status-publish","4":"has-post-thumbnail","6":"product_cat-sikten-vapentillbehor-vapendelar-2","7":"product_tag-dot","8":"product_tag-red","9":"product_tag-red-dot-sight","10":"product_tag-rodpunktssikte","11":"product_tag-sigth","12":"product_tag-sikte","13":"product_shipping_class-1-3-arbetsdagar","15":"first","16":"outofstock","17":"taxable","18":"shipping-taxable","19":"purchasable","20":"product-type-simple","21":"add-to-wishlist-before_image"},"_links":{"self":[{"href":"https:\/\/airsoftspecialisten.admaxstage.com\/en\/wp-json\/wp\/v2\/product\/1622","targetHints":{"allow":["GET"]}}],"collection":[{"href":"https:\/\/airsoftspecialisten.admaxstage.com\/en\/wp-json\/wp\/v2\/product"}],"about":[{"href":"https:\/\/airsoftspecialisten.admaxstage.com\/en\/wp-json\/wp\/v2\/types\/product"}],"replies":[{"embeddable":true,"href":"https:\/\/airsoftspecialisten.admaxstage.com\/en\/wp-json\/wp\/v2\/comments?post=1622"}],"wp:featuredmedia":[{"embeddable":true,"href":"https:\/\/airsoftspecialisten.admaxstage.com\/en\/wp-json\/wp\/v2\/media\/8034"}],"wp:attachment":[{"href":"https:\/\/airsoftspecialisten.admaxstage.com\/en\/wp-json\/wp\/v2\/media?parent=1622"}],"wp:term":[{"taxonomy":"product_brand","embeddable":true,"href":"https:\/\/airsoftspecialisten.admaxstage.com\/en\/wp-json\/wp\/v2\/product_brand?post=1622"},{"taxonomy":"product_cat","embeddable":true,"href":"https:\/\/airsoftspecialisten.admaxstage.com\/en\/wp-json\/wp\/v2\/product_cat?post=1622"},{"taxonomy":"product_tag","embeddable":true,"href":"https:\/\/airsoftspecialisten.admaxstage.com\/en\/wp-json\/wp\/v2\/product_tag?post=1622"}],"curies":[{"name":"wp","href":"https:\/\/api.w.org\/{rel}","templated":true}]}}