{"id":1639,"date":"2000-01-01T00:00:00","date_gmt":"2000-01-01T00:00:00","guid":{"rendered":"https:\/\/www.airsoft.admaxstage.com\/?product=specna-arms-core-bio-020g-bbs-1-kg"},"modified":"2025-12-18T20:01:22","modified_gmt":"2025-12-18T19:01:22","slug":"specna-arms-core-bio-020g-bbs-3000-pcs-bottle","status":"publish","type":"product","link":"https:\/\/airsoftspecialisten.admaxstage.com\/en\/shop\/ammunition-drivmedel-2\/kulor-ammunition-drivmedel-2\/bio-kulor-kulor-ammunition-drivmedel-2\/specna-arms-core-bio-020g-bbs-3000-pcs-bottle\/","title":{"rendered":"Specna Arms CORE\u2122 BIO 0.20g BBs - 1 kg"},"content":{"rendered":"<p>Specna Arms CORE\u2122 BIO BB \"<\/p>\n<p>Specna Arms brand, known for its quality and innovative features of produced replicas, introduces a new series of BBs - Specna Arms CORE\u2122 which are characteristic for their exceptional craftsmanship and very good price-quality ratio.<\/p>\n<p>The diameter of a BB is 5.95mm (+\/- 0.005mm) and the weight difference between BBs does not exceed 0.01g. As a result, Specna Arms BBs work very well both with standard internal barrels and with precision barrels found in set replicas.<\/p>\n<p>In the final production phase, high polish is carefully applied to each BB manufactured by Specna Arms. Thanks to a complete control over the production process, the manufacturer gets the BB in perfect shape. This in turn guarantees seamless BB feeding of all types of magazines as well as a stable spinning from the Hop-Up system.<\/p>\n<p>Every effort was made to ensure that images taken with Specna Arms CORE\u2122 BBs are far-reaching and accurate.<\/p>","protected":false},"excerpt":{"rendered":"<p>Specna Arms CORE \u2122 BIO BB &#8221; Specna Arms varum\u00e4rke, k\u00e4nt f\u00f6r sin kvalitet och innovativa egenskaper hos producerade repliker, introducerar en ny serie BB: er &#8211; Specna Arms CORE \u2122 som \u00e4r karakteristiska f\u00f6r sitt exceptionella hantverk och mycket bra f\u00f6rh\u00e5llande mellan pris och kvalitet. Diametern p\u00e5 en BB \u00e4r 5,95 mm (+\/- 0,005 [&hellip;]<\/p>","protected":false},"featured_media":8043,"comment_status":"open","ping_status":"closed","template":"","meta":[],"product_brand":[],"product_cat":[1482,1477],"product_tag":[548,636,633,639,543,637],"class_list":{"0":"post-1639","1":"product","2":"type-product","3":"status-publish","4":"has-post-thumbnail","6":"product_cat-bio-kulor-kulor-ammunition-drivmedel-2","7":"product_cat-kulor-ammunition-drivmedel-2","8":"product_tag-020g","9":"product_tag-bb","10":"product_tag-bio","11":"product_tag-bio-bbs","12":"product_tag-bls","13":"product_tag-vita-kulor","14":"product_shipping_class-1-3-arbetsdagar","16":"first","17":"instock","18":"taxable","19":"shipping-taxable","20":"purchasable","21":"product-type-simple","22":"add-to-wishlist-before_image"},"_links":{"self":[{"href":"https:\/\/airsoftspecialisten.admaxstage.com\/en\/wp-json\/wp\/v2\/product\/1639","targetHints":{"allow":["GET"]}}],"collection":[{"href":"https:\/\/airsoftspecialisten.admaxstage.com\/en\/wp-json\/wp\/v2\/product"}],"about":[{"href":"https:\/\/airsoftspecialisten.admaxstage.com\/en\/wp-json\/wp\/v2\/types\/product"}],"replies":[{"embeddable":true,"href":"https:\/\/airsoftspecialisten.admaxstage.com\/en\/wp-json\/wp\/v2\/comments?post=1639"}],"wp:featuredmedia":[{"embeddable":true,"href":"https:\/\/airsoftspecialisten.admaxstage.com\/en\/wp-json\/wp\/v2\/media\/8043"}],"wp:attachment":[{"href":"https:\/\/airsoftspecialisten.admaxstage.com\/en\/wp-json\/wp\/v2\/media?parent=1639"}],"wp:term":[{"taxonomy":"product_brand","embeddable":true,"href":"https:\/\/airsoftspecialisten.admaxstage.com\/en\/wp-json\/wp\/v2\/product_brand?post=1639"},{"taxonomy":"product_cat","embeddable":true,"href":"https:\/\/airsoftspecialisten.admaxstage.com\/en\/wp-json\/wp\/v2\/product_cat?post=1639"},{"taxonomy":"product_tag","embeddable":true,"href":"https:\/\/airsoftspecialisten.admaxstage.com\/en\/wp-json\/wp\/v2\/product_tag?post=1639"}],"curies":[{"name":"wp","href":"https:\/\/api.w.org\/{rel}","templated":true}]}}