{"id":1662,"date":"2000-01-01T00:00:00","date_gmt":"2000-01-01T00:00:00","guid":{"rendered":"https:\/\/www.airsoft.admaxstage.com\/?product=p90-smg-gbr"},"modified":"2025-12-18T20:01:23","modified_gmt":"2025-12-18T19:01:23","slug":"p90-gbb-airsoft-ta-2015","status":"publish","type":"product","link":"https:\/\/airsoftspecialisten.admaxstage.com\/en\/shop\/airsoftvapen\/gbb-airsoft\/p90-gbb-airsoft-ta-2015\/","title":{"rendered":"P90 SMG GBR"},"content":{"rendered":"<p>Basic copy of a modern automatic weapon P90. Original P90 was developed at the request of NATO. It is the compact and very useful, mainly in battles in cities, settlements. P90 is adapted to be able to use both left- and right-handed as well. VI produces unique gas blowing replica. It has typical horizontal two row 50Bbs magazine. The rifle is filled with green gas and can fire half or full aito. Which is really impressive! Large BB loader included. Polymer upper receiver with metal 20mm mil-spec Top Rail and Slide Rail For tactical scope, red dot, laser and flashlight...etc. Fully ambidextrous - charging handle, magazine release. Loader.<\/p>","protected":false},"excerpt":{"rendered":"<p>Baskopi av ett modernt automatiskt vapen P90. Original P90 utvecklades p\u00e5 beg\u00e4ran av Nato. Det \u00e4r det kompakta och mycket anv\u00e4ndbart, fr\u00e4mst i strider i st\u00e4der, bos\u00e4ttningar. P90 \u00e4r anpassad f\u00f6r att kunna anv\u00e4nda b\u00e5de v\u00e4nster- och h\u00f6gerh\u00e4nt ocks\u00e5. VI producerar unik gasbl\u00e5sningsreplikat. Den har typisk horisontell tv\u00e5 rad 50Bbs magasin. Gev\u00e4ret fylls med gr\u00f6n [&hellip;]<\/p>","protected":false},"featured_media":8056,"comment_status":"open","ping_status":"closed","template":"","meta":[],"product_brand":[],"product_cat":[69],"product_tag":[290,653],"class_list":{"0":"post-1662","1":"product","2":"type-product","3":"status-publish","4":"has-post-thumbnail","6":"product_cat-gbb-airsoft","7":"product_tag-gbb","8":"product_tag-p90","9":"product_shipping_class-bestallningsvara-5-till-14-dagar","11":"first","12":"instock","13":"taxable","14":"shipping-taxable","15":"purchasable","16":"product-type-simple","17":"add-to-wishlist-before_image"},"_links":{"self":[{"href":"https:\/\/airsoftspecialisten.admaxstage.com\/en\/wp-json\/wp\/v2\/product\/1662","targetHints":{"allow":["GET"]}}],"collection":[{"href":"https:\/\/airsoftspecialisten.admaxstage.com\/en\/wp-json\/wp\/v2\/product"}],"about":[{"href":"https:\/\/airsoftspecialisten.admaxstage.com\/en\/wp-json\/wp\/v2\/types\/product"}],"replies":[{"embeddable":true,"href":"https:\/\/airsoftspecialisten.admaxstage.com\/en\/wp-json\/wp\/v2\/comments?post=1662"}],"wp:featuredmedia":[{"embeddable":true,"href":"https:\/\/airsoftspecialisten.admaxstage.com\/en\/wp-json\/wp\/v2\/media\/8056"}],"wp:attachment":[{"href":"https:\/\/airsoftspecialisten.admaxstage.com\/en\/wp-json\/wp\/v2\/media?parent=1662"}],"wp:term":[{"taxonomy":"product_brand","embeddable":true,"href":"https:\/\/airsoftspecialisten.admaxstage.com\/en\/wp-json\/wp\/v2\/product_brand?post=1662"},{"taxonomy":"product_cat","embeddable":true,"href":"https:\/\/airsoftspecialisten.admaxstage.com\/en\/wp-json\/wp\/v2\/product_cat?post=1662"},{"taxonomy":"product_tag","embeddable":true,"href":"https:\/\/airsoftspecialisten.admaxstage.com\/en\/wp-json\/wp\/v2\/product_tag?post=1662"}],"curies":[{"name":"wp","href":"https:\/\/api.w.org\/{rel}","templated":true}]}}