{"id":1717,"date":"2020-07-12T17:39:41","date_gmt":"2020-07-12T17:39:41","guid":{"rendered":"https:\/\/www.airsoft.admaxstage.com\/?product=serpent-tactical-belt-tan"},"modified":"2025-12-18T20:01:24","modified_gmt":"2025-12-18T19:01:24","slug":"balte-tan","status":"publish","type":"product","link":"https:\/\/airsoftspecialisten.admaxstage.com\/en\/shop\/stridsutrustning\/balten-stridsbalten-stridsutrustning\/balte-tan\/","title":{"rendered":"Serpent Tactical Belt - Tan"},"content":{"rendered":"<p>Serpent Tactical Belt<\/p>\n<p>A tactical belt with simple, functional construction for trousers. Made of two connected nylon straps, which makes them more rigid and durable. The belt has no metal elements, making it excellent for members of services prone to frequent and direct contact with metal detection gates. The belt is 4 cm wide, which allows it to fit into the majority of the belt loops used.<\/p>\n<p>It is 115 cm long and is attached and adjusted with a polymer frame.<\/p>","protected":false},"excerpt":{"rendered":"<p>Serpent Tactical Belt Ett taktiskt b\u00e4lte med enkel, funktionell konstruktion f\u00f6r byxor. Tillverkad av tv\u00e5 anslutna nylonband, vilket g\u00f6r dem mer styva och h\u00e5llbara. B\u00e4ltet har inga metallelement, vilket g\u00f6r det utm\u00e4rkt f\u00f6r medlemmar av tj\u00e4nster som \u00e4r ben\u00e4gna att frekvent och direkt kontakt med metalldetekteringsgrindar. B\u00e4ltet \u00e4r 4 cm brett, vilket g\u00f6r att det [&hellip;]<\/p>","protected":false},"featured_media":8085,"comment_status":"open","ping_status":"closed","template":"","meta":[],"product_brand":[],"product_cat":[1451],"product_tag":[146,145,311],"class_list":{"0":"post-1717","1":"product","2":"type-product","3":"status-publish","4":"has-post-thumbnail","6":"product_cat-balten-stridsbalten-stridsutrustning","7":"product_tag-balte","8":"product_tag-stridsbalte","9":"product_tag-tactical","10":"product_shipping_class-1-3-arbetsdagar","12":"first","13":"instock","14":"taxable","15":"shipping-taxable","16":"purchasable","17":"product-type-simple","18":"add-to-wishlist-before_image"},"_links":{"self":[{"href":"https:\/\/airsoftspecialisten.admaxstage.com\/en\/wp-json\/wp\/v2\/product\/1717","targetHints":{"allow":["GET"]}}],"collection":[{"href":"https:\/\/airsoftspecialisten.admaxstage.com\/en\/wp-json\/wp\/v2\/product"}],"about":[{"href":"https:\/\/airsoftspecialisten.admaxstage.com\/en\/wp-json\/wp\/v2\/types\/product"}],"replies":[{"embeddable":true,"href":"https:\/\/airsoftspecialisten.admaxstage.com\/en\/wp-json\/wp\/v2\/comments?post=1717"}],"wp:featuredmedia":[{"embeddable":true,"href":"https:\/\/airsoftspecialisten.admaxstage.com\/en\/wp-json\/wp\/v2\/media\/8085"}],"wp:attachment":[{"href":"https:\/\/airsoftspecialisten.admaxstage.com\/en\/wp-json\/wp\/v2\/media?parent=1717"}],"wp:term":[{"taxonomy":"product_brand","embeddable":true,"href":"https:\/\/airsoftspecialisten.admaxstage.com\/en\/wp-json\/wp\/v2\/product_brand?post=1717"},{"taxonomy":"product_cat","embeddable":true,"href":"https:\/\/airsoftspecialisten.admaxstage.com\/en\/wp-json\/wp\/v2\/product_cat?post=1717"},{"taxonomy":"product_tag","embeddable":true,"href":"https:\/\/airsoftspecialisten.admaxstage.com\/en\/wp-json\/wp\/v2\/product_tag?post=1717"}],"curies":[{"name":"wp","href":"https:\/\/api.w.org\/{rel}","templated":true}]}}