{"id":2003,"date":"2000-01-01T00:00:00","date_gmt":"2000-01-01T00:00:00","guid":{"rendered":"https:\/\/www.airsoft.admaxstage.com\/?product=mesh-mask-tan"},"modified":"2025-12-18T20:01:29","modified_gmt":"2025-12-18T19:01:29","slug":"mesh-mask-tan","status":"publish","type":"product","link":"https:\/\/airsoftspecialisten.admaxstage.com\/en\/shop\/stridsutrustning\/skyddsutrustning\/mesh-mask-tan\/","title":{"rendered":"Mesh mask Tan"},"content":{"rendered":"<p>A simple mesh mask to protect your mouth and face from incoming bullets.<\/p>\n<p>Make sure you protect your face or it can be costly, teeth being knocked out is a common occurrence in the sport so it's good to have a mesh mask to absorb the blows.<\/p>\n<p>This product comes in the colour tan<\/p>","protected":false},"excerpt":{"rendered":"<p>En simpel n\u00e4tmask f\u00f6r att skydda din mun och ditt ansikte fr\u00e5n inkommande kulor. Se till att skydda ditt ansikte annars kan det bli kostsamt, utskjutna t\u00e4nder \u00e4r n\u00e5got som f\u00f6rekommer i sporten d\u00e4rf\u00f6r kan det vara bra att ha en n\u00e4tmask som absorberar sm\u00e4llarna. Denna produkt kommer i f\u00e4rgen tan<\/p>","protected":false},"featured_media":2004,"comment_status":"open","ping_status":"closed","template":"","meta":[],"product_brand":[],"product_cat":[56],"product_tag":[582,120,644],"class_list":{"0":"post-2003","1":"product","2":"type-product","3":"status-publish","4":"has-post-thumbnail","6":"product_cat-skyddsutrustning","7":"product_tag-mesh","8":"product_tag-mesh-mask","9":"product_tag-tan","10":"product_shipping_class-1-3-arbetsdagar","12":"first","13":"instock","14":"taxable","15":"shipping-taxable","16":"purchasable","17":"product-type-simple","18":"add-to-wishlist-before_image"},"_links":{"self":[{"href":"https:\/\/airsoftspecialisten.admaxstage.com\/en\/wp-json\/wp\/v2\/product\/2003","targetHints":{"allow":["GET"]}}],"collection":[{"href":"https:\/\/airsoftspecialisten.admaxstage.com\/en\/wp-json\/wp\/v2\/product"}],"about":[{"href":"https:\/\/airsoftspecialisten.admaxstage.com\/en\/wp-json\/wp\/v2\/types\/product"}],"replies":[{"embeddable":true,"href":"https:\/\/airsoftspecialisten.admaxstage.com\/en\/wp-json\/wp\/v2\/comments?post=2003"}],"wp:featuredmedia":[{"embeddable":true,"href":"https:\/\/airsoftspecialisten.admaxstage.com\/en\/wp-json\/wp\/v2\/media\/2004"}],"wp:attachment":[{"href":"https:\/\/airsoftspecialisten.admaxstage.com\/en\/wp-json\/wp\/v2\/media?parent=2003"}],"wp:term":[{"taxonomy":"product_brand","embeddable":true,"href":"https:\/\/airsoftspecialisten.admaxstage.com\/en\/wp-json\/wp\/v2\/product_brand?post=2003"},{"taxonomy":"product_cat","embeddable":true,"href":"https:\/\/airsoftspecialisten.admaxstage.com\/en\/wp-json\/wp\/v2\/product_cat?post=2003"},{"taxonomy":"product_tag","embeddable":true,"href":"https:\/\/airsoftspecialisten.admaxstage.com\/en\/wp-json\/wp\/v2\/product_tag?post=2003"}],"curies":[{"name":"wp","href":"https:\/\/api.w.org\/{rel}","templated":true}]}}