{"id":2012,"date":"2000-01-01T00:00:00","date_gmt":"2000-01-01T00:00:00","guid":{"rendered":"https:\/\/www.airsoft.admaxstage.com\/?product=steel-half-face-mask-black-invader-gear"},"modified":"2025-12-18T20:01:29","modified_gmt":"2025-12-18T19:01:29","slug":"steel-half-face-mask-black-invader-gear","status":"publish","type":"product","link":"https:\/\/airsoftspecialisten.admaxstage.com\/en\/shop\/stridsutrustning\/skyddsutrustning\/steel-half-face-mask-black-invader-gear\/","title":{"rendered":"Steel Half Face Mask Black (Invader Gear)"},"content":{"rendered":"<p>A simple mesh mask to protect your mouth and face from incoming bullets.<\/p>\n<p>Make sure you protect your face or it can be costly, teeth being knocked out is a common occurrence in the sport so it's good to have a mesh mask to absorb the blows.<\/p>\n<p>This product comes in the colour Black<\/p>","protected":false},"excerpt":{"rendered":"<p>En simpel n\u00e4tmask f\u00f6r att skydda din mun och ditt ansikte fr\u00e5n inkommande kulor. Se till att skydda ditt ansikte annars kan det bli kostsamt, utskjutna t\u00e4nder \u00e4r n\u00e5got som f\u00f6rekommer i sporten d\u00e4rf\u00f6r kan det vara bra att ha en n\u00e4tmask som absorberar sm\u00e4llarna. Denna produkt kommer i f\u00e4rgen Svart<\/p>","protected":false},"featured_media":2013,"comment_status":"open","ping_status":"closed","template":"","meta":[],"product_brand":[273],"product_cat":[56],"product_tag":[376,583,749,181],"class_list":{"0":"post-2012","1":"product","2":"type-product","3":"status-publish","4":"has-post-thumbnail","6":"product_brand-invader-gear","7":"product_cat-skyddsutrustning","8":"product_tag-invader-gear","9":"product_tag-mask","10":"product_tag-skyddsmask","11":"product_tag-skyddsnat","12":"product_shipping_class-1-3-arbetsdagar","14":"first","15":"instock","16":"taxable","17":"shipping-taxable","18":"purchasable","19":"product-type-simple","20":"add-to-wishlist-before_image"},"_links":{"self":[{"href":"https:\/\/airsoftspecialisten.admaxstage.com\/en\/wp-json\/wp\/v2\/product\/2012","targetHints":{"allow":["GET"]}}],"collection":[{"href":"https:\/\/airsoftspecialisten.admaxstage.com\/en\/wp-json\/wp\/v2\/product"}],"about":[{"href":"https:\/\/airsoftspecialisten.admaxstage.com\/en\/wp-json\/wp\/v2\/types\/product"}],"replies":[{"embeddable":true,"href":"https:\/\/airsoftspecialisten.admaxstage.com\/en\/wp-json\/wp\/v2\/comments?post=2012"}],"wp:featuredmedia":[{"embeddable":true,"href":"https:\/\/airsoftspecialisten.admaxstage.com\/en\/wp-json\/wp\/v2\/media\/2013"}],"wp:attachment":[{"href":"https:\/\/airsoftspecialisten.admaxstage.com\/en\/wp-json\/wp\/v2\/media?parent=2012"}],"wp:term":[{"taxonomy":"product_brand","embeddable":true,"href":"https:\/\/airsoftspecialisten.admaxstage.com\/en\/wp-json\/wp\/v2\/product_brand?post=2012"},{"taxonomy":"product_cat","embeddable":true,"href":"https:\/\/airsoftspecialisten.admaxstage.com\/en\/wp-json\/wp\/v2\/product_cat?post=2012"},{"taxonomy":"product_tag","embeddable":true,"href":"https:\/\/airsoftspecialisten.admaxstage.com\/en\/wp-json\/wp\/v2\/product_tag?post=2012"}],"curies":[{"name":"wp","href":"https:\/\/api.w.org\/{rel}","templated":true}]}}