{"id":2128,"date":"2000-01-01T00:00:00","date_gmt":"2000-01-01T00:00:00","guid":{"rendered":"https:\/\/www.airsoft.admaxstage.com\/?product=invader-gear-predator-combat-pant-black-l"},"modified":"2025-12-18T20:01:32","modified_gmt":"2025-12-18T19:01:32","slug":"invader-gear-predator-combat-pant-black-l","status":"publish","type":"product","link":"https:\/\/airsoftspecialisten.admaxstage.com\/en\/shop\/stridsutrustning\/stridsuniformer-klader\/invader-gear\/invader-gear-predator-combat-pant-black-l\/","title":{"rendered":"Invader Gear Predator Combat Pant - black L"},"content":{"rendered":"<p>Predator Combat Pants<\/p>\n<p>Comfortable tactical trousers in durable material with a Rip-Stop weave in the Combat Pants type. Numerous pockets allow you to fit all necessary equipment and a set of knee pads protects your knees from impacts.<\/p>\n<p>Features of Preadtor trousers:<\/p>\n<p>- Polycotton material reinforced with a Rip-Stop fabric, which increases tear resistance.<br \/>- YKK\u00ae zips<br \/>- a set of knee pads<br \/>- as many as 10 pockets in trousers, including spacious side pockets<br \/>- elastic and inserts with a mixture of stretch<br \/>- Leg circumference at the bottom adjustable with Velcro straps<br \/>- adjustment of the knee circumference with Velcro tape<\/p>","protected":false},"excerpt":{"rendered":"<p>Predator Combat Pants Bekv\u00e4ma taktiska byxor i slitstarkt material med en Rip-Stop-v\u00e4vning i typen Combat Pants. M\u00e5nga fickor g\u00f6r att du kan passa all n\u00f6dv\u00e4ndig utrustning och en upps\u00e4ttning kn\u00e4skydd skyddar dina kn\u00e4n fr\u00e5n st\u00f6tar. Funktioner i Preadtor-byxor: &#8211; Polykottmaterial f\u00f6rst\u00e4rkt med en Rip-Stop-v\u00e4v, vilket \u00f6kar rivh\u00e5llfastheten&#8211; YKK\u00ae-blixtl\u00e5s&#8211; en upps\u00e4ttning kn\u00e4skydd&#8211; s\u00e5 m\u00e5nga som 10 [&hellip;]<\/p>","protected":false},"featured_media":2129,"comment_status":"open","ping_status":"closed","template":"","meta":[],"product_brand":[273],"product_cat":[70,51],"product_tag":[135,131,376],"class_list":{"0":"post-2128","1":"product","2":"type-product","3":"status-publish","4":"has-post-thumbnail","6":"product_brand-invader-gear","7":"product_cat-invader-gear","8":"product_cat-stridsuniformer-klader","9":"product_tag-combat-pants","10":"product_tag-combat-uniform","11":"product_tag-invader-gear","12":"product_shipping_class-1-3-arbetsdagar","14":"first","15":"instock","16":"taxable","17":"shipping-taxable","18":"purchasable","19":"product-type-simple","20":"add-to-wishlist-before_image"},"_links":{"self":[{"href":"https:\/\/airsoftspecialisten.admaxstage.com\/en\/wp-json\/wp\/v2\/product\/2128","targetHints":{"allow":["GET"]}}],"collection":[{"href":"https:\/\/airsoftspecialisten.admaxstage.com\/en\/wp-json\/wp\/v2\/product"}],"about":[{"href":"https:\/\/airsoftspecialisten.admaxstage.com\/en\/wp-json\/wp\/v2\/types\/product"}],"replies":[{"embeddable":true,"href":"https:\/\/airsoftspecialisten.admaxstage.com\/en\/wp-json\/wp\/v2\/comments?post=2128"}],"wp:featuredmedia":[{"embeddable":true,"href":"https:\/\/airsoftspecialisten.admaxstage.com\/en\/wp-json\/wp\/v2\/media\/2129"}],"wp:attachment":[{"href":"https:\/\/airsoftspecialisten.admaxstage.com\/en\/wp-json\/wp\/v2\/media?parent=2128"}],"wp:term":[{"taxonomy":"product_brand","embeddable":true,"href":"https:\/\/airsoftspecialisten.admaxstage.com\/en\/wp-json\/wp\/v2\/product_brand?post=2128"},{"taxonomy":"product_cat","embeddable":true,"href":"https:\/\/airsoftspecialisten.admaxstage.com\/en\/wp-json\/wp\/v2\/product_cat?post=2128"},{"taxonomy":"product_tag","embeddable":true,"href":"https:\/\/airsoftspecialisten.admaxstage.com\/en\/wp-json\/wp\/v2\/product_tag?post=2128"}],"curies":[{"name":"wp","href":"https:\/\/api.w.org\/{rel}","templated":true}]}}