{"id":2134,"date":"2000-01-01T00:00:00","date_gmt":"2000-01-01T00:00:00","guid":{"rendered":"https:\/\/www.airsoft.admaxstage.com\/?product=invader-gear-combat-shirt-black-l"},"modified":"2025-12-18T20:01:32","modified_gmt":"2025-12-18T19:01:32","slug":"invader-gear-combat-shirt-black-l","status":"publish","type":"product","link":"https:\/\/airsoftspecialisten.admaxstage.com\/en\/shop\/stridsutrustning\/stridsuniformer-klader\/invader-gear\/invader-gear-combat-shirt-black-l\/","title":{"rendered":"Invader Gear Combat Shirt - black L"},"content":{"rendered":"<p>Combat shirt<\/p>\n<p>Comfortable combat shirt, thanks to the advanced cut, will be perfect for any dynamic military operations. The shirt is adapted to be used comfortably with tactical flat vests.<\/p>\n<p>Combat Shirt features:<\/p>\n<p>- Polycotton material reinforced with a Rip-Stop fabric, which increases tear resistance.<br \/>- YKK\u00ae zips<br \/>- pockets for foam plates<br \/>- 2 pockets on the jersey, closed with Velcro flaps<br \/>- additional Velcro panels on the pocket flaps for labelling \/ patches \/ moral patches<br \/>- zipped stand-up collar sweater<br \/>- Adjustable cuffs with Velcro straps<br \/>- a small pocket for a flashlight\/knife with a clip<\/p>","protected":false},"excerpt":{"rendered":"<p>Stridskjorta Bekv\u00e4m stridskjorta, tack vare den avancerade snittet, kommer att vara perfekt f\u00f6r alla dynamiska milit\u00e4ra operationer. Tr\u00f6jan \u00e4r anpassad f\u00f6r att anv\u00e4ndas bekv\u00e4mt med taktiska plattv\u00e4st. Combat Shirt funktioner: &#8211; Polykottmaterial f\u00f6rst\u00e4rkt med en Rip-Stop-v\u00e4v, vilket \u00f6kar rivh\u00e5llfastheten&#8211; YKK\u00ae-blixtl\u00e5s&#8211; fickor f\u00f6r skumplattor&#8211; 2 fickor p\u00e5 tr\u00f6jan, st\u00e4ngda med kardborrklaffar&#8211; ytterligare kardborrepaneler p\u00e5 fickflikarna f\u00f6r [&hellip;]<\/p>","protected":false},"featured_media":2135,"comment_status":"open","ping_status":"closed","template":"","meta":[],"product_brand":[273],"product_cat":[70,51],"product_tag":[134,131,376],"class_list":{"0":"post-2134","1":"product","2":"type-product","3":"status-publish","4":"has-post-thumbnail","6":"product_brand-invader-gear","7":"product_cat-invader-gear","8":"product_cat-stridsuniformer-klader","9":"product_tag-combat-shirt","10":"product_tag-combat-uniform","11":"product_tag-invader-gear","12":"product_shipping_class-1-3-arbetsdagar","14":"first","15":"instock","16":"taxable","17":"shipping-taxable","18":"purchasable","19":"product-type-simple","20":"add-to-wishlist-before_image"},"_links":{"self":[{"href":"https:\/\/airsoftspecialisten.admaxstage.com\/en\/wp-json\/wp\/v2\/product\/2134","targetHints":{"allow":["GET"]}}],"collection":[{"href":"https:\/\/airsoftspecialisten.admaxstage.com\/en\/wp-json\/wp\/v2\/product"}],"about":[{"href":"https:\/\/airsoftspecialisten.admaxstage.com\/en\/wp-json\/wp\/v2\/types\/product"}],"replies":[{"embeddable":true,"href":"https:\/\/airsoftspecialisten.admaxstage.com\/en\/wp-json\/wp\/v2\/comments?post=2134"}],"wp:featuredmedia":[{"embeddable":true,"href":"https:\/\/airsoftspecialisten.admaxstage.com\/en\/wp-json\/wp\/v2\/media\/2135"}],"wp:attachment":[{"href":"https:\/\/airsoftspecialisten.admaxstage.com\/en\/wp-json\/wp\/v2\/media?parent=2134"}],"wp:term":[{"taxonomy":"product_brand","embeddable":true,"href":"https:\/\/airsoftspecialisten.admaxstage.com\/en\/wp-json\/wp\/v2\/product_brand?post=2134"},{"taxonomy":"product_cat","embeddable":true,"href":"https:\/\/airsoftspecialisten.admaxstage.com\/en\/wp-json\/wp\/v2\/product_cat?post=2134"},{"taxonomy":"product_tag","embeddable":true,"href":"https:\/\/airsoftspecialisten.admaxstage.com\/en\/wp-json\/wp\/v2\/product_tag?post=2134"}],"curies":[{"name":"wp","href":"https:\/\/api.w.org\/{rel}","templated":true}]}}