{"id":2235,"date":"2021-02-09T12:36:37","date_gmt":"2021-02-09T12:36:37","guid":{"rendered":"https:\/\/www.airsoft.admaxstage.com\/?product=mechanix-fast-fit-gen-ii-coyote-l"},"modified":"2025-12-18T20:01:33","modified_gmt":"2025-12-18T19:01:33","slug":"mechanix-fast-fit-gen-ii-coyote-l","status":"publish","type":"product","link":"https:\/\/airsoftspecialisten.admaxstage.com\/en\/shop\/stridsutrustning\/handskar\/mechanix-fast-fit-gen-ii-coyote-l\/","title":{"rendered":"Mechanix Fast Fit Gen II Coyote L"},"content":{"rendered":"<p>A comfortable glove made of Trejdry material.<br \/>They work just as well in the garage as they do in the field.<\/p>\n<p>The glove has a good grip and the elastic around the wrist ensures that the glove can be quickly pulled on and stays in place once on.<\/p>","protected":false},"excerpt":{"rendered":"<p>En bekv\u00e4m handske av Trejdry-material.Passar lika bra i garaget som de g\u00f6r ute i f\u00e4lt. Handsken har ett bra grepp och res\u00e5ren runt handleden ser till att handsken snabbt kan dras p\u00e5 och stannar p\u00e5 plats n\u00e4r de v\u00e4l \u00e4r p\u00e5.<\/p>","protected":false},"featured_media":2236,"comment_status":"open","ping_status":"closed","template":"","meta":[],"product_brand":[385],"product_cat":[52],"product_tag":[389,390,391,386,387,388],"class_list":{"0":"post-2235","1":"product","2":"type-product","3":"status-publish","4":"has-post-thumbnail","6":"product_brand-mechanix-wear","7":"product_cat-handskar","8":"product_tag-covert","9":"product_tag-fast-fit","10":"product_tag-glove","11":"product_tag-gloves","12":"product_tag-handskar","13":"product_tag-mechanix","14":"product_shipping_class-1-3-arbetsdagar","16":"first","17":"instock","18":"taxable","19":"shipping-taxable","20":"purchasable","21":"product-type-simple","22":"add-to-wishlist-before_image"},"_links":{"self":[{"href":"https:\/\/airsoftspecialisten.admaxstage.com\/en\/wp-json\/wp\/v2\/product\/2235","targetHints":{"allow":["GET"]}}],"collection":[{"href":"https:\/\/airsoftspecialisten.admaxstage.com\/en\/wp-json\/wp\/v2\/product"}],"about":[{"href":"https:\/\/airsoftspecialisten.admaxstage.com\/en\/wp-json\/wp\/v2\/types\/product"}],"replies":[{"embeddable":true,"href":"https:\/\/airsoftspecialisten.admaxstage.com\/en\/wp-json\/wp\/v2\/comments?post=2235"}],"wp:featuredmedia":[{"embeddable":true,"href":"https:\/\/airsoftspecialisten.admaxstage.com\/en\/wp-json\/wp\/v2\/media\/2236"}],"wp:attachment":[{"href":"https:\/\/airsoftspecialisten.admaxstage.com\/en\/wp-json\/wp\/v2\/media?parent=2235"}],"wp:term":[{"taxonomy":"product_brand","embeddable":true,"href":"https:\/\/airsoftspecialisten.admaxstage.com\/en\/wp-json\/wp\/v2\/product_brand?post=2235"},{"taxonomy":"product_cat","embeddable":true,"href":"https:\/\/airsoftspecialisten.admaxstage.com\/en\/wp-json\/wp\/v2\/product_cat?post=2235"},{"taxonomy":"product_tag","embeddable":true,"href":"https:\/\/airsoftspecialisten.admaxstage.com\/en\/wp-json\/wp\/v2\/product_tag?post=2235"}],"curies":[{"name":"wp","href":"https:\/\/api.w.org\/{rel}","templated":true}]}}