{"id":2400,"date":"2000-01-01T00:00:00","date_gmt":"2000-01-01T00:00:00","guid":{"rendered":"https:\/\/www.airsoft.admaxstage.com\/?product=foldable-grip-for-ris-rail"},"modified":"2025-12-18T20:01:37","modified_gmt":"2025-12-18T19:01:37","slug":"foldable-grip-for-ris-rail","status":"publish","type":"product","link":"https:\/\/airsoftspecialisten.admaxstage.com\/en\/shop\/vapentillbehor-vapendelar\/externa-vapendelar-vapentillbehor\/foldable-grip-for-ris-rail\/","title":{"rendered":"Foldable Grip for RIS Rail"},"content":{"rendered":"<p>Made of plastic, foldable grip designed for mounting on the RIS rail. The profiling of the grip ensures good control of the rope on which the grip is mounted. <br \/>A small button located on the side allows for quick folding\/unfolding of the handle.<\/p>\n<p>The grip can be quickly assembled.<\/p>","protected":false},"excerpt":{"rendered":"<p>Tillverkad av plast, vikbart grepp designat f\u00f6r montering p\u00e5 RIS-skenan. Profileringen av greppet s\u00e4kerst\u00e4ller god kontroll \u00f6ver repliken som greppet \u00e4r monterat p\u00e5. En liten knapp placerad p\u00e5 sidan g\u00f6r det m\u00f6jligt f\u00f6r snabb invikning\/uppf\u00e4llning av greppet. Greppet kan snabbt monteras.<\/p>","protected":false},"featured_media":2401,"comment_status":"open","ping_status":"closed","template":"","meta":[],"product_brand":[],"product_cat":[53],"product_tag":[248,247],"class_list":{"0":"post-2400","1":"product","2":"type-product","3":"status-publish","4":"has-post-thumbnail","6":"product_cat-externa-vapendelar-vapentillbehor","7":"product_tag-grepp","8":"product_tag-grip","9":"product_shipping_class-1-3-arbetsdagar","11":"first","12":"instock","13":"taxable","14":"shipping-taxable","15":"purchasable","16":"product-type-simple","17":"add-to-wishlist-before_image"},"_links":{"self":[{"href":"https:\/\/airsoftspecialisten.admaxstage.com\/en\/wp-json\/wp\/v2\/product\/2400","targetHints":{"allow":["GET"]}}],"collection":[{"href":"https:\/\/airsoftspecialisten.admaxstage.com\/en\/wp-json\/wp\/v2\/product"}],"about":[{"href":"https:\/\/airsoftspecialisten.admaxstage.com\/en\/wp-json\/wp\/v2\/types\/product"}],"replies":[{"embeddable":true,"href":"https:\/\/airsoftspecialisten.admaxstage.com\/en\/wp-json\/wp\/v2\/comments?post=2400"}],"wp:featuredmedia":[{"embeddable":true,"href":"https:\/\/airsoftspecialisten.admaxstage.com\/en\/wp-json\/wp\/v2\/media\/2401"}],"wp:attachment":[{"href":"https:\/\/airsoftspecialisten.admaxstage.com\/en\/wp-json\/wp\/v2\/media?parent=2400"}],"wp:term":[{"taxonomy":"product_brand","embeddable":true,"href":"https:\/\/airsoftspecialisten.admaxstage.com\/en\/wp-json\/wp\/v2\/product_brand?post=2400"},{"taxonomy":"product_cat","embeddable":true,"href":"https:\/\/airsoftspecialisten.admaxstage.com\/en\/wp-json\/wp\/v2\/product_cat?post=2400"},{"taxonomy":"product_tag","embeddable":true,"href":"https:\/\/airsoftspecialisten.admaxstage.com\/en\/wp-json\/wp\/v2\/product_tag?post=2400"}],"curies":[{"name":"wp","href":"https:\/\/api.w.org\/{rel}","templated":true}]}}