{"id":2434,"date":"2000-01-01T00:00:00","date_gmt":"2000-01-01T00:00:00","guid":{"rendered":"https:\/\/www.airsoft.admaxstage.com\/?product=set-of-springs-for-gearbox-v2"},"modified":"2025-12-18T20:01:38","modified_gmt":"2025-12-18T19:01:38","slug":"set-of-springs-for-gearbox-v2","status":"publish","type":"product","link":"https:\/\/airsoftspecialisten.admaxstage.com\/en\/shop\/vapentillbehor-vapendelar\/interna-delar-aeg\/vaxellada-motor\/set-of-springs-for-gearbox-v2\/","title":{"rendered":"Set of Springs for Gearbox V2"},"content":{"rendered":"<p>Specna Arms is a well-known brand in the airsoft market. We fulfil our customers' expectations and introduce high quality internal parts as separate products. From now on, pistons, cylinders, nozzle, gearbox frames and many others will be available for purchase. This allows you to create a replica with maximum performance. Specna Arms does not fall behind - they are constantly growing and perfecting their products to provide their customers with optimal solutions in the airsoft market.<\/p>\n<p>A steel spring kit designed for installation in replicas with a V2 gearbox.<\/p>","protected":false},"excerpt":{"rendered":"<p>Specna Arms \u00e4r ett v\u00e4lk\u00e4nt varum\u00e4rke p\u00e5 airsoftmarknaden. Vi uppfyller v\u00e5ra kunders f\u00f6rv\u00e4ntningar och introducerar interna delar av h\u00f6g kvalitet som separata produkter. Fr\u00e5n och med nu kommer kolvar, cylindrar, munstycke, v\u00e4xell\u00e5dsramar och m\u00e5nga andra att finnas att k\u00f6pa. Detta g\u00f6r att du kan skapa en replik med maximal prestanda. Specna Arms hamnar inte p\u00e5 [&hellip;]<\/p>","protected":false},"featured_media":2435,"comment_status":"open","ping_status":"closed","template":"","meta":[],"product_brand":[],"product_cat":[43],"product_tag":[281,819,879],"class_list":{"0":"post-2434","1":"product","2":"type-product","3":"status-publish","4":"has-post-thumbnail","6":"product_cat-vaxellada-motor","7":"product_tag-gear","8":"product_tag-kit","9":"product_tag-springs","10":"product_shipping_class-1-3-arbetsdagar","12":"first","13":"instock","14":"taxable","15":"shipping-taxable","16":"purchasable","17":"product-type-simple","18":"add-to-wishlist-before_image"},"_links":{"self":[{"href":"https:\/\/airsoftspecialisten.admaxstage.com\/en\/wp-json\/wp\/v2\/product\/2434","targetHints":{"allow":["GET"]}}],"collection":[{"href":"https:\/\/airsoftspecialisten.admaxstage.com\/en\/wp-json\/wp\/v2\/product"}],"about":[{"href":"https:\/\/airsoftspecialisten.admaxstage.com\/en\/wp-json\/wp\/v2\/types\/product"}],"replies":[{"embeddable":true,"href":"https:\/\/airsoftspecialisten.admaxstage.com\/en\/wp-json\/wp\/v2\/comments?post=2434"}],"wp:featuredmedia":[{"embeddable":true,"href":"https:\/\/airsoftspecialisten.admaxstage.com\/en\/wp-json\/wp\/v2\/media\/2435"}],"wp:attachment":[{"href":"https:\/\/airsoftspecialisten.admaxstage.com\/en\/wp-json\/wp\/v2\/media?parent=2434"}],"wp:term":[{"taxonomy":"product_brand","embeddable":true,"href":"https:\/\/airsoftspecialisten.admaxstage.com\/en\/wp-json\/wp\/v2\/product_brand?post=2434"},{"taxonomy":"product_cat","embeddable":true,"href":"https:\/\/airsoftspecialisten.admaxstage.com\/en\/wp-json\/wp\/v2\/product_cat?post=2434"},{"taxonomy":"product_tag","embeddable":true,"href":"https:\/\/airsoftspecialisten.admaxstage.com\/en\/wp-json\/wp\/v2\/product_tag?post=2434"}],"curies":[{"name":"wp","href":"https:\/\/api.w.org\/{rel}","templated":true}]}}