{"id":2438,"date":"2022-04-08T13:10:43","date_gmt":"2022-04-08T13:10:43","guid":{"rendered":"https:\/\/www.airsoft.admaxstage.com\/?product=reaper-qrb-plate-carrier-ranger-green"},"modified":"2025-12-18T20:01:38","modified_gmt":"2025-12-18T19:01:38","slug":"reaper-qrb-plate-carrier-ranger-green","status":"publish","type":"product","link":"https:\/\/airsoftspecialisten.admaxstage.com\/en\/shop\/stridsutrustning\/stridsvastar\/reaper-qrb-plate-carrier-ranger-green\/","title":{"rendered":"Reaper QRB Plate Carrier Ranger Green"},"content":{"rendered":"<p>An upgraded version of the Reaper vest. Here you also get fasteners that make it very easy for you to get the vest on and off. <br \/>Very affordable and high quality.<\/p>\n<p>The adjustable fasteners available for the shoulders make it easy to adjust them quickly and easily.<\/p>\n<p>Modern Plate Carrier from Invader Gear that fits comfortably and feels very light with the lightweight plates. <br \/>The vest is of high quality and has elasticated bands on both sides, which means that the vest fits very well against the body when you tighten it. <br \/>So your equipment on the vest fits well and the vest feels stable when you move.<\/p>\n<p>The vest has the side built in so you can have two extra m4 magazines. There is plenty of room to build up the vest that will suit you.<\/p>\n<p>The vest is fully compatible with the Molle system so all standard pockets etc. fit directly. There is also some velcro on the vest for the accessories that require it. It also gives you the opportunity to put the patches you want.<\/p>\n<p>It is a one size vest that is adjustable so it actually fits most people.<\/p>","protected":false},"excerpt":{"rendered":"<p>En uppgraderad version av Reaper v\u00e4sten. H\u00e4r f\u00e5r du \u00e4ven snabbf\u00e4sten som g\u00f6r det v\u00e4ldigt enkelt f\u00f6r dig att f\u00e5 p\u00e5 och av v\u00e4sten. Mycket prisv\u00e4rd och h\u00e5ller h\u00f6g kvalit\u00e9. Det st\u00e4llbara snabbf\u00e4sterna som finns f\u00f6r axlarna g\u00f6r det enkelt att st\u00e4lla in dem snabbt och l\u00e4tt. Modern Plate Carrier fr\u00e5n Invader Gear som sitter [&hellip;]<\/p>","protected":false},"featured_media":2439,"comment_status":"open","ping_status":"closed","template":"","meta":[],"product_brand":[273],"product_cat":[36],"product_tag":[376,602,603,600],"class_list":{"0":"post-2438","1":"product","2":"type-product","3":"status-publish","4":"has-post-thumbnail","6":"product_brand-invader-gear","7":"product_cat-stridsvastar","8":"product_tag-invader-gear","9":"product_tag-stridsvast","10":"product_tag-vast","11":"product_tag-vest","12":"product_shipping_class-1-3-arbetsdagar","14":"first","15":"instock","16":"taxable","17":"shipping-taxable","18":"purchasable","19":"product-type-simple","20":"add-to-wishlist-before_image"},"_links":{"self":[{"href":"https:\/\/airsoftspecialisten.admaxstage.com\/en\/wp-json\/wp\/v2\/product\/2438","targetHints":{"allow":["GET"]}}],"collection":[{"href":"https:\/\/airsoftspecialisten.admaxstage.com\/en\/wp-json\/wp\/v2\/product"}],"about":[{"href":"https:\/\/airsoftspecialisten.admaxstage.com\/en\/wp-json\/wp\/v2\/types\/product"}],"replies":[{"embeddable":true,"href":"https:\/\/airsoftspecialisten.admaxstage.com\/en\/wp-json\/wp\/v2\/comments?post=2438"}],"wp:featuredmedia":[{"embeddable":true,"href":"https:\/\/airsoftspecialisten.admaxstage.com\/en\/wp-json\/wp\/v2\/media\/2439"}],"wp:attachment":[{"href":"https:\/\/airsoftspecialisten.admaxstage.com\/en\/wp-json\/wp\/v2\/media?parent=2438"}],"wp:term":[{"taxonomy":"product_brand","embeddable":true,"href":"https:\/\/airsoftspecialisten.admaxstage.com\/en\/wp-json\/wp\/v2\/product_brand?post=2438"},{"taxonomy":"product_cat","embeddable":true,"href":"https:\/\/airsoftspecialisten.admaxstage.com\/en\/wp-json\/wp\/v2\/product_cat?post=2438"},{"taxonomy":"product_tag","embeddable":true,"href":"https:\/\/airsoftspecialisten.admaxstage.com\/en\/wp-json\/wp\/v2\/product_tag?post=2438"}],"curies":[{"name":"wp","href":"https:\/\/api.w.org\/{rel}","templated":true}]}}