{"id":2467,"date":"2000-01-01T00:00:00","date_gmt":"2000-01-01T00:00:00","guid":{"rendered":"https:\/\/www.airsoft.admaxstage.com\/?product=super-hop-up-rubber-80%c2%b0-for-vsr-10-gbb-maple-leaf"},"modified":"2025-12-18T20:01:39","modified_gmt":"2025-12-18T19:01:39","slug":"super-hop-up-rubber-80-for-vsr-10-gbb-maple-leaf","status":"publish","type":"product","link":"https:\/\/airsoftspecialisten.admaxstage.com\/en\/shop\/vapentillbehor-vapendelar\/interna-delar-gbb\/super-hop-up-rubber-80-for-vsr-10-gbb-maple-leaf\/","title":{"rendered":"Super Hop Up Rubber 80\u00b0 for VSR-10 &amp; GBB (Maple Leaf)"},"content":{"rendered":"<p>A very well made and good hopup rubber from Maple Leaf made of soft rubber suitable for weapons with an output speed of about 110-140 m\/s (works for higher output speeds up to about 180 m\/s but wears out faster).<\/p>\n<p>The difference between the Super &amp; Wonder rubbers is that the Wonder rubber is designed to maximise range while the Super rubber is designed to maximise precision.<\/p>\n<p>For optimal results, the rubber should be used with a concave nub such as the Maple Leaf Omega nub.<\/p>\n<p>This hop-up combo results in a really good hop-up effect and gives your gun a long range and stable trajectory.<\/p>\n<p>The rubber fits on VSR\/GBB barrels, so it works with almost all GBB pistols and sniper weapons that use VSR10 rubber.<\/p>","protected":false},"excerpt":{"rendered":"<p>Ett mycket v\u00e4lgjort och bra hopupgummi fr\u00e5n Maple Leaf gjort i mjukt gummi som passar till vapen med en utg\u00e5ngshastighet p\u00e5 ca 110-140 m\/s(fungerar f\u00f6r h\u00f6gre utg\u00e5ngshastigheter upp till ca 180 m\/s men n\u00f6ts ut snabbare). Skillnaden mellan Super &amp; Wonder gummina \u00e4r att Wonder-gummit \u00e4r utformat f\u00f6r att maximera r\u00e4ckvidd medans Super-gummit \u00e4r utformat [&hellip;]<\/p>","protected":false},"featured_media":2468,"comment_status":"open","ping_status":"closed","template":"","meta":[],"product_brand":[212],"product_cat":[39],"product_tag":[755,290,208,204,215,888,509,209],"class_list":{"0":"post-2467","1":"product","2":"type-product","3":"status-publish","4":"has-post-thumbnail","6":"product_brand-maple-leaf","7":"product_cat-interna-delar-gbb","8":"product_tag-755","9":"product_tag-gbb","10":"product_tag-gbb-gummi","11":"product_tag-hopup-gummi","12":"product_tag-maple-leaf","13":"product_tag-super","14":"product_tag-vsr","15":"product_tag-vsr-gummi","16":"product_shipping_class-1-3-arbetsdagar","18":"first","19":"instock","20":"taxable","21":"shipping-taxable","22":"purchasable","23":"product-type-simple","24":"add-to-wishlist-before_image"},"_links":{"self":[{"href":"https:\/\/airsoftspecialisten.admaxstage.com\/en\/wp-json\/wp\/v2\/product\/2467","targetHints":{"allow":["GET"]}}],"collection":[{"href":"https:\/\/airsoftspecialisten.admaxstage.com\/en\/wp-json\/wp\/v2\/product"}],"about":[{"href":"https:\/\/airsoftspecialisten.admaxstage.com\/en\/wp-json\/wp\/v2\/types\/product"}],"replies":[{"embeddable":true,"href":"https:\/\/airsoftspecialisten.admaxstage.com\/en\/wp-json\/wp\/v2\/comments?post=2467"}],"wp:featuredmedia":[{"embeddable":true,"href":"https:\/\/airsoftspecialisten.admaxstage.com\/en\/wp-json\/wp\/v2\/media\/2468"}],"wp:attachment":[{"href":"https:\/\/airsoftspecialisten.admaxstage.com\/en\/wp-json\/wp\/v2\/media?parent=2467"}],"wp:term":[{"taxonomy":"product_brand","embeddable":true,"href":"https:\/\/airsoftspecialisten.admaxstage.com\/en\/wp-json\/wp\/v2\/product_brand?post=2467"},{"taxonomy":"product_cat","embeddable":true,"href":"https:\/\/airsoftspecialisten.admaxstage.com\/en\/wp-json\/wp\/v2\/product_cat?post=2467"},{"taxonomy":"product_tag","embeddable":true,"href":"https:\/\/airsoftspecialisten.admaxstage.com\/en\/wp-json\/wp\/v2\/product_tag?post=2467"}],"curies":[{"name":"wp","href":"https:\/\/api.w.org\/{rel}","templated":true}]}}