{"id":2544,"date":"2000-01-01T00:00:00","date_gmt":"2000-01-01T00:00:00","guid":{"rendered":"https:\/\/www.airsoft.admaxstage.com\/?product=maxx-hopup-chamber-m4a-pro"},"modified":"2025-12-18T20:01:40","modified_gmt":"2025-12-18T19:01:40","slug":"maxx-hopup-chamber-m4a-pro","status":"publish","type":"product","link":"https:\/\/airsoftspecialisten.admaxstage.com\/en\/shop\/vapentillbehor-vapendelar\/interna-delar-aeg\/hopuppipa\/maxx-hopup-chamber-m4a-pro\/","title":{"rendered":"MAXX Hopup Chamber M4A PRO"},"content":{"rendered":"<p>Best pop-up house?<br \/>Extremely well-made housing made of CNC-milled aluminium. Precise tolerances and a range of innovative solutions give the housing superior performance.<br \/>Equipped with a BB latching system to prevent bullets from falling out when changing the magazine.<br \/>Made for optimal sealing and hop-up. Fits most M4\/M16 weapons with V2 gearbox of Tokyo Marui design, including Krytac and G&amp;G (but not KWA or ICS).<\/p>\n<p>Rotary design which gives by far the most precise adjustment of the hop-up, the whole hop-up system is also specially made to fit with different nubs and rubbers such as R-hop.<br \/>Fits together with nozzle 21.00-21.25 mm.<\/p>\n<p>What is included:<br \/>1 x CNC Aluminium Hopup Chamber M4A Pro (with BB Latching System) unit<br \/>2 x CNC Acrylic Side Cover<br \/>2 x CNC Brass 2.5mm Side Wing<br \/>1 x CNC Steel Pivot Pin<br \/>1 x CNC Aluminium Hopup Lever<br \/>1 x CNC Aluminium Soft Round Nub<br \/>1 x CNC Aluminium Soft Flat Nub (4mm)<br \/>1 x CNC Aluminium Hard Concave Nub (4mm)<br \/>3 x Steel Nub Spring<br \/>1 x CNC Steel Spring Guide<br \/>1 x Steel Upper Compression Spring<br \/>1 x Steel Centre Compression Spring<br \/>1 x CNC Delrin Locking C-Clip<br \/>1 x CNC Brass Barrel Spacer<br \/>1 x Brass Barrel Spacer Holder Oring<br \/>1 x CNC Aluminium Rotary Dial Knob<br \/>1 x CNC Aluminium Inlet Adaptor (OD11mm)<br \/>1 x CNC Brass Inlet Spacer<\/p>\n<p>Length: 51.65mm<br \/>Height: 37.75mm<br \/>Inlet Adaptor Outer Diameter (to fit into Gear Box): 11mm<br \/>Hub Outer Diameter (to fit into Outer Barrel): 12mm<br \/>Hub Inner Diameter (to fit Nozzle): 8mm<br \/>Feeder Outer Diameter (to fit magazine): 8.85mm<br \/>Feeder Length (to fit magazine): 6mm<br \/>Material: Aluminium 6061<\/p>","protected":false},"excerpt":{"rendered":"<p>B\u00e4sta hopup-hus?Extremt v\u00e4lgjort hus av CNC-fr\u00e4st aluminium. Exakta tolleranser och en rad innovativa l\u00f6sningar ger huset \u00f6verl\u00e4gsen funktion.F\u00f6rsedd med BB latching system s\u00e5 att det inte trillar ut kulor n\u00e4r du byter magasin.Tillverkad f\u00f6r optimal t\u00e4tning och hop-up. Passar de flesta M4\/M16 vapen med V2-gearbox av Tokyo Marui-design, inklusive Krytac och G&amp;G (dock ej KWA [&hellip;]<\/p>","protected":false},"featured_media":2545,"comment_status":"open","ping_status":"closed","template":"","meta":[],"product_brand":[1100],"product_cat":[42],"product_tag":[920,747,916,918],"class_list":{"0":"post-2544","1":"product","2":"type-product","3":"status-publish","4":"has-post-thumbnail","6":"product_brand-maxx","7":"product_cat-hopuppipa","8":"product_tag-m4a","9":"product_tag-maxx","10":"product_tag-maxxhopup","11":"product_tag-pro","12":"product_shipping_class-1-3-arbetsdagar","14":"first","15":"instock","16":"taxable","17":"shipping-taxable","18":"purchasable","19":"product-type-simple","20":"add-to-wishlist-before_image"},"_links":{"self":[{"href":"https:\/\/airsoftspecialisten.admaxstage.com\/en\/wp-json\/wp\/v2\/product\/2544","targetHints":{"allow":["GET"]}}],"collection":[{"href":"https:\/\/airsoftspecialisten.admaxstage.com\/en\/wp-json\/wp\/v2\/product"}],"about":[{"href":"https:\/\/airsoftspecialisten.admaxstage.com\/en\/wp-json\/wp\/v2\/types\/product"}],"replies":[{"embeddable":true,"href":"https:\/\/airsoftspecialisten.admaxstage.com\/en\/wp-json\/wp\/v2\/comments?post=2544"}],"wp:featuredmedia":[{"embeddable":true,"href":"https:\/\/airsoftspecialisten.admaxstage.com\/en\/wp-json\/wp\/v2\/media\/2545"}],"wp:attachment":[{"href":"https:\/\/airsoftspecialisten.admaxstage.com\/en\/wp-json\/wp\/v2\/media?parent=2544"}],"wp:term":[{"taxonomy":"product_brand","embeddable":true,"href":"https:\/\/airsoftspecialisten.admaxstage.com\/en\/wp-json\/wp\/v2\/product_brand?post=2544"},{"taxonomy":"product_cat","embeddable":true,"href":"https:\/\/airsoftspecialisten.admaxstage.com\/en\/wp-json\/wp\/v2\/product_cat?post=2544"},{"taxonomy":"product_tag","embeddable":true,"href":"https:\/\/airsoftspecialisten.admaxstage.com\/en\/wp-json\/wp\/v2\/product_tag?post=2544"}],"curies":[{"name":"wp","href":"https:\/\/api.w.org\/{rel}","templated":true}]}}