{"id":2749,"date":"2023-05-09T19:01:01","date_gmt":"2023-05-09T19:01:01","guid":{"rendered":"https:\/\/www.airsoft.admaxstage.com\/?product=krinkovs-premium-bbs-025g-bio"},"modified":"2025-12-18T20:01:45","modified_gmt":"2025-12-18T19:01:45","slug":"krinkovs-premium-bbs-025g-bio","status":"publish","type":"product","link":"https:\/\/airsoftspecialisten.admaxstage.com\/en\/shop\/ammunition-drivmedel\/kulor\/bio-kulor\/krinkovs-premium-bbs-025g-bio\/","title":{"rendered":"KRINKOV'S PREMIUM BB'S 0.25G BIO"},"content":{"rendered":"<p>0.25g biodegradable bbs<br \/>\nWe present our bio balls which are of the same quality as our regular ones.<br \/>\nThese remain white in colour to increase visibility.<br \/>\nNumber: 3000 bbs<br \/>\nManufacturer: Krinkov's Armory Bb's<\/p>","protected":false},"excerpt":{"rendered":"<p>0.25g biodegradable bbs Vi presenterar v\u00e5ra bio kulor som h\u00e5ller samma kvalit\u00e9 som v\u00e5ra vanliga. Dessa har kvar sin vita f\u00e4rg f\u00f6r \u00f6kad siktbana. Antal: 3000 bbs Tillverkare: Krinkov&#8217;s Armory Bb&#8217;s<\/p>","protected":false},"featured_media":2750,"comment_status":"open","ping_status":"closed","template":"","meta":[],"product_brand":[1198],"product_cat":[60],"product_tag":[544,636,639,1199,998],"class_list":{"0":"post-2749","1":"product","2":"type-product","3":"status-publish","4":"has-post-thumbnail","6":"product_brand-krinkovs-armory","7":"product_cat-bio-kulor","8":"product_tag-025g","9":"product_tag-bb","10":"product_tag-bio-bbs","11":"product_tag-krinkovs-premium","12":"product_tag-krinkovsarmory","13":"product_shipping_class-1-3-arbetsdagar","15":"first","16":"instock","17":"taxable","18":"shipping-taxable","19":"purchasable","20":"product-type-simple","21":"add-to-wishlist-before_image"},"_links":{"self":[{"href":"https:\/\/airsoftspecialisten.admaxstage.com\/en\/wp-json\/wp\/v2\/product\/2749","targetHints":{"allow":["GET"]}}],"collection":[{"href":"https:\/\/airsoftspecialisten.admaxstage.com\/en\/wp-json\/wp\/v2\/product"}],"about":[{"href":"https:\/\/airsoftspecialisten.admaxstage.com\/en\/wp-json\/wp\/v2\/types\/product"}],"replies":[{"embeddable":true,"href":"https:\/\/airsoftspecialisten.admaxstage.com\/en\/wp-json\/wp\/v2\/comments?post=2749"}],"wp:featuredmedia":[{"embeddable":true,"href":"https:\/\/airsoftspecialisten.admaxstage.com\/en\/wp-json\/wp\/v2\/media\/2750"}],"wp:attachment":[{"href":"https:\/\/airsoftspecialisten.admaxstage.com\/en\/wp-json\/wp\/v2\/media?parent=2749"}],"wp:term":[{"taxonomy":"product_brand","embeddable":true,"href":"https:\/\/airsoftspecialisten.admaxstage.com\/en\/wp-json\/wp\/v2\/product_brand?post=2749"},{"taxonomy":"product_cat","embeddable":true,"href":"https:\/\/airsoftspecialisten.admaxstage.com\/en\/wp-json\/wp\/v2\/product_cat?post=2749"},{"taxonomy":"product_tag","embeddable":true,"href":"https:\/\/airsoftspecialisten.admaxstage.com\/en\/wp-json\/wp\/v2\/product_tag?post=2749"}],"curies":[{"name":"wp","href":"https:\/\/api.w.org\/{rel}","templated":true}]}}