{"id":5163,"date":"2024-06-20T21:49:26","date_gmt":"2024-06-20T19:49:26","guid":{"rendered":"http:\/\/airsoftspecialisten.admaxstage.com\/?post_type=product&#038;p=5163"},"modified":"2025-12-18T20:01:57","modified_gmt":"2025-12-18T19:01:57","slug":"magazin-g-force-17-18-24rds","status":"publish","type":"product","link":"https:\/\/airsoftspecialisten.admaxstage.com\/en\/shop\/vapentillbehor-vapendelar\/magasin\/gbb-magasin\/magazin-g-force-17-18-24rds\/","title":{"rendered":"Magazine G-Force 17\/18 24rds"},"content":{"rendered":"<p class=\"content\" data-hook=\"product-page-description-content\">Magazine for WE G17\/G18C models, the magazine also fits the Tokyo Marui version of the Glock 17\/Glock 18C.<br \/>The magazine can hold a maximum of 24 bullets.<\/p>\n<p>NOTE! Magazines that hold gas need constant maintenance, so make sure you lubricate and clean the valves with a suitable lubricant between each game, otherwise you risk having a leaking magazine.<br \/>We will not replace products where the customer has not taken proper care of the magazine.<\/p>","protected":false},"excerpt":{"rendered":"<p>Magasin till WE G17\/G18C modeller.Magasinet passar \u00e4ven i Tokyo Marui:s version av Glock 17\/Glock 18C.Magasinet kan h\u00e5lla max 24 kulor. OBS! Magasin som h\u00e5ller gas beh\u00f6ver konstant underh\u00e5ll s\u00e5 se till att du sm\u00f6rjer och g\u00f6r rent ventilerna med l\u00e4mpligt sm\u00f6rjmedel mellan varje spel d\u00e5 du annars riskerar att \u00e5ka p\u00e5 ett l\u00e4ckande magasin.Vi ers\u00e4tter [&hellip;]<\/p>","protected":false},"featured_media":5164,"comment_status":"open","ping_status":"closed","template":"","meta":[],"product_brand":[285],"product_cat":[96,29],"product_tag":[289,291,290,288,286,287,292,293],"class_list":{"0":"post-5163","1":"product","2":"type-product","3":"status-publish","4":"has-post-thumbnail","6":"product_brand-we","7":"product_cat-gbb-magasin","8":"product_cat-magasin","9":"product_tag-g17","10":"product_tag-g18c","11":"product_tag-gbb","12":"product_tag-glock","13":"product_tag-magasin","14":"product_tag-magazine","15":"product_tag-we17","16":"product_tag-we18c","17":"product_shipping_class-1-3-arbetsdagar","19":"first","20":"instock","21":"taxable","22":"shipping-taxable","23":"purchasable","24":"product-type-simple","25":"add-to-wishlist-before_image"},"_links":{"self":[{"href":"https:\/\/airsoftspecialisten.admaxstage.com\/en\/wp-json\/wp\/v2\/product\/5163","targetHints":{"allow":["GET"]}}],"collection":[{"href":"https:\/\/airsoftspecialisten.admaxstage.com\/en\/wp-json\/wp\/v2\/product"}],"about":[{"href":"https:\/\/airsoftspecialisten.admaxstage.com\/en\/wp-json\/wp\/v2\/types\/product"}],"replies":[{"embeddable":true,"href":"https:\/\/airsoftspecialisten.admaxstage.com\/en\/wp-json\/wp\/v2\/comments?post=5163"}],"wp:featuredmedia":[{"embeddable":true,"href":"https:\/\/airsoftspecialisten.admaxstage.com\/en\/wp-json\/wp\/v2\/media\/5164"}],"wp:attachment":[{"href":"https:\/\/airsoftspecialisten.admaxstage.com\/en\/wp-json\/wp\/v2\/media?parent=5163"}],"wp:term":[{"taxonomy":"product_brand","embeddable":true,"href":"https:\/\/airsoftspecialisten.admaxstage.com\/en\/wp-json\/wp\/v2\/product_brand?post=5163"},{"taxonomy":"product_cat","embeddable":true,"href":"https:\/\/airsoftspecialisten.admaxstage.com\/en\/wp-json\/wp\/v2\/product_cat?post=5163"},{"taxonomy":"product_tag","embeddable":true,"href":"https:\/\/airsoftspecialisten.admaxstage.com\/en\/wp-json\/wp\/v2\/product_tag?post=5163"}],"curies":[{"name":"wp","href":"https:\/\/api.w.org\/{rel}","templated":true}]}}