{"id":5298,"date":"2024-07-17T15:56:22","date_gmt":"2024-07-17T13:56:22","guid":{"rendered":"http:\/\/airsoftspecialisten.admaxstage.com\/?post_type=product&#038;p=5298"},"modified":"2025-12-18T20:01:58","modified_gmt":"2025-12-18T19:01:58","slug":"m170-spring-snk","status":"publish","type":"product","link":"https:\/\/airsoftspecialisten.admaxstage.com\/en\/shop\/vapentillbehor-vapendelar\/interna-delar-aeg\/vaxellada-motor\/m170-spring-snk\/","title":{"rendered":"M170 Spring SNK"},"content":{"rendered":"<p>Description<br \/>SNK M170 spring<\/p>\n<p>SNK is a well-known brand in the airsoft market. To meet customer expectations, we introduce high-quality internal parts as separate products. From now on, pistons, cylinders, nozzles, gearbox shells and much more will be sold. This allows you to get maximum performance for the replica. Specna Arms never lags behind - it constantly develops and improves its products to provide customers with optimal solutions in the airsoft field.<\/p>\n<p>SNK springs are made of the highest quality steel wire. Thanks to this, they are durable and also carefully finished as they have polished tips. The spring has an irregular pitch of coils, which means that the system increases the service life by significantly reducing the effect of \"breaking\" the spring.<\/p>\n<p>The SNK is a great choice for any airsoft player striving to achieve a strictly defined speed, perfect for setting up any type of AEG replica or Sniper replica.<\/p>","protected":false},"excerpt":{"rendered":"<p>BeskrivningSNK M170 fj\u00e4der SNK \u00e4r ett v\u00e4lk\u00e4nt varum\u00e4rke p\u00e5 airsoft-marknaden. F\u00f6r att m\u00f6ta kundernas f\u00f6rv\u00e4ntningar introducerar vi h\u00f6gkvalitativa interna delar som separata produkter. Fr\u00e5n och med nu kommer kolvar, cylindrar, munstycken, v\u00e4xell\u00e5dsskal och mycket mer att s\u00e4ljas. Detta g\u00f6r att du kan f\u00e5 maximal prestanda f\u00f6r repliken. Specna Arms hamnar aldrig efter &#8211; det utvecklar [&hellip;]<\/p>","protected":false},"featured_media":2032,"comment_status":"open","ping_status":"closed","template":"","meta":[],"product_brand":[1187,537],"product_cat":[43],"product_tag":[753,807,1189,344],"class_list":{"0":"post-5298","1":"product","2":"type-product","3":"status-publish","4":"has-post-thumbnail","6":"product_brand-snk","7":"product_brand-specna-arms","8":"product_cat-vaxellada-motor","9":"product_tag-fjader","10":"product_tag-m170","11":"product_tag-snk","12":"product_tag-spring","13":"product_shipping_class-1-3-arbetsdagar","15":"first","16":"instock","17":"taxable","18":"shipping-taxable","19":"purchasable","20":"product-type-simple","21":"add-to-wishlist-before_image"},"_links":{"self":[{"href":"https:\/\/airsoftspecialisten.admaxstage.com\/en\/wp-json\/wp\/v2\/product\/5298","targetHints":{"allow":["GET"]}}],"collection":[{"href":"https:\/\/airsoftspecialisten.admaxstage.com\/en\/wp-json\/wp\/v2\/product"}],"about":[{"href":"https:\/\/airsoftspecialisten.admaxstage.com\/en\/wp-json\/wp\/v2\/types\/product"}],"replies":[{"embeddable":true,"href":"https:\/\/airsoftspecialisten.admaxstage.com\/en\/wp-json\/wp\/v2\/comments?post=5298"}],"wp:featuredmedia":[{"embeddable":true,"href":"https:\/\/airsoftspecialisten.admaxstage.com\/en\/wp-json\/wp\/v2\/media\/2032"}],"wp:attachment":[{"href":"https:\/\/airsoftspecialisten.admaxstage.com\/en\/wp-json\/wp\/v2\/media?parent=5298"}],"wp:term":[{"taxonomy":"product_brand","embeddable":true,"href":"https:\/\/airsoftspecialisten.admaxstage.com\/en\/wp-json\/wp\/v2\/product_brand?post=5298"},{"taxonomy":"product_cat","embeddable":true,"href":"https:\/\/airsoftspecialisten.admaxstage.com\/en\/wp-json\/wp\/v2\/product_cat?post=5298"},{"taxonomy":"product_tag","embeddable":true,"href":"https:\/\/airsoftspecialisten.admaxstage.com\/en\/wp-json\/wp\/v2\/product_tag?post=5298"}],"curies":[{"name":"wp","href":"https:\/\/api.w.org\/{rel}","templated":true}]}}