{"id":5831,"date":"2025-01-15T09:27:58","date_gmt":"2025-01-15T08:27:58","guid":{"rendered":"http:\/\/airsoftspecialisten.admaxstage.com\/?post_type=product&#038;p=5831"},"modified":"2025-12-18T20:02:03","modified_gmt":"2025-12-18T19:02:03","slug":"e-shooter-tracer-unit-flare-m-bt","status":"publish","type":"product","link":"https:\/\/airsoftspecialisten.admaxstage.com\/en\/shop\/vapentillbehor-vapendelar\/tracer\/e-shooter-tracer-unit-flare-m-bt\/","title":{"rendered":"E-shooter Tracer unit FLARE M BT"},"content":{"rendered":"<p>The advanced version of the E-shooter Tracer Unit! It is not only tracer but also a chronograph. With connect Eshooter APP, this tracer will give you many custom settings, one touch to get unique tracking beams.<\/p>\n<p>10 colours for options: red, orange, yellow, green, cyan, blue, purple, white, rainbow, dynamic.<br \/>\n3 Types of Colour Adjustment: Solid Colour, Rainbow Colour, RGB Colour.<br \/>\n3 mode options: Flame Mode, Tracer with Flame Mode, Tracer Mode.<br \/>\nLightweight &amp; Mini: 40g &amp; 28*54mm \u2205*L.<br \/>\nUltra-long standby time: More than 3 months of standby after full charge, around 6 hours of working time.<br \/>\nWide range of applications: Compatible with standard, red\/green tracer BBs and gel balls.<br \/>\nFast response: Supports up to 50+RPS (built-in sensor can achieve higher refresh rate and faster data transfer rate).<br \/>\nHigh brightness RGB LED: The light emitting lamp bead is composed of 4 high brightness RGB LEDs, which have higher brightness and light efficiency.<br \/>\nWake up by shaking: Built-in vibration sensor, automatic sleep in 5 minutes, shake the product to wake up.<\/p>","protected":false},"excerpt":{"rendered":"<p>Den avancerade versionen av E-shooter Tracer Unit! Det \u00e4r inte bara sp\u00e5r\u00e4mne utan ocks\u00e5 en chronograph. Med connect Eshooter APP kommer denna sp\u00e5rare att ge dig m\u00e5nga anpassade inst\u00e4llningar, en knapptryckning f\u00f6r att f\u00e5 unika sp\u00e5rnings str\u00e5lar. 10 f\u00e4rger f\u00f6r alternativ: r\u00f6d, orange, gul, gr\u00f6n, cyan, bl\u00e5, lila, vit, regnb\u00e5ge, dynamisk. 3 Typer F\u00e4rgjustering: Enf\u00e4rgad, [&hellip;]<\/p>","protected":false},"featured_media":5832,"comment_status":"closed","ping_status":"closed","template":"","meta":[],"product_brand":[1244],"product_cat":[73],"product_tag":[1245,1246,1247,546,669],"class_list":{"0":"post-5831","1":"product","2":"type-product","3":"status-publish","4":"has-post-thumbnail","6":"product_brand-e-shooter","7":"product_cat-tracer","8":"product_tag-e-shooter","9":"product_tag-flare","10":"product_tag-m-bt-tracer","11":"product_tag-tracer","12":"product_tag-tracer-unit","13":"product_shipping_class-1-3-arbetsdagar","15":"first","16":"instock","17":"taxable","18":"shipping-taxable","19":"purchasable","20":"product-type-simple","21":"add-to-wishlist-before_image"},"_links":{"self":[{"href":"https:\/\/airsoftspecialisten.admaxstage.com\/en\/wp-json\/wp\/v2\/product\/5831","targetHints":{"allow":["GET"]}}],"collection":[{"href":"https:\/\/airsoftspecialisten.admaxstage.com\/en\/wp-json\/wp\/v2\/product"}],"about":[{"href":"https:\/\/airsoftspecialisten.admaxstage.com\/en\/wp-json\/wp\/v2\/types\/product"}],"replies":[{"embeddable":true,"href":"https:\/\/airsoftspecialisten.admaxstage.com\/en\/wp-json\/wp\/v2\/comments?post=5831"}],"wp:featuredmedia":[{"embeddable":true,"href":"https:\/\/airsoftspecialisten.admaxstage.com\/en\/wp-json\/wp\/v2\/media\/5832"}],"wp:attachment":[{"href":"https:\/\/airsoftspecialisten.admaxstage.com\/en\/wp-json\/wp\/v2\/media?parent=5831"}],"wp:term":[{"taxonomy":"product_brand","embeddable":true,"href":"https:\/\/airsoftspecialisten.admaxstage.com\/en\/wp-json\/wp\/v2\/product_brand?post=5831"},{"taxonomy":"product_cat","embeddable":true,"href":"https:\/\/airsoftspecialisten.admaxstage.com\/en\/wp-json\/wp\/v2\/product_cat?post=5831"},{"taxonomy":"product_tag","embeddable":true,"href":"https:\/\/airsoftspecialisten.admaxstage.com\/en\/wp-json\/wp\/v2\/product_tag?post=5831"}],"curies":[{"name":"wp","href":"https:\/\/api.w.org\/{rel}","templated":true}]}}