{"id":5873,"date":"2025-01-15T11:56:12","date_gmt":"2025-01-15T10:56:12","guid":{"rendered":"http:\/\/airsoftspecialisten.admaxstage.com\/?post_type=product&#038;p=5873"},"modified":"2025-12-18T20:02:03","modified_gmt":"2025-12-18T19:02:03","slug":"universal-pistol-holster-right-ranger-green","status":"publish","type":"product","link":"https:\/\/airsoftspecialisten.admaxstage.com\/en\/shop\/stridsutrustning\/holster\/universal-pistol-holster-right-ranger-green\/","title":{"rendered":"Universal Pistol Holster Right - Ranger Green"},"content":{"rendered":"<p>Universal Belt Holster GB-80 from WoSport in right-handed (RH) version.<\/p>\n<p>The holster is adjustable for most full-size and compact pistols such as G17, G18C, G19, G19X, Baretta, CZ or Hi-Capa etc.<\/p>\n<p>MOLLE strap for attachment to belt or plate holder.<\/p>\n<p>Thumb retention in the style of UPH Warrior holsters for quick drawing.<\/p>","protected":false},"excerpt":{"rendered":"<p>Universal Belt Holster GB-80 fr\u00e5n WoSport i h\u00f6gerh\u00e4nt (RH) version. H\u00f6lstret \u00e4r justerbart f\u00f6r de flesta fullstora och kompakta pistoler som G17, G18C, G19, G19X, Baretta, CZ eller Hi-Capa mm. MOLLE-band f\u00f6r fasts\u00e4ttning i b\u00e4lte eller pl\u00e5th\u00e5llare. Tumretention i stil med UPH Warrior-h\u00f6lster f\u00f6r snabb ritning.<\/p>","protected":false},"featured_media":5874,"comment_status":"closed","ping_status":"closed","template":"","meta":[],"product_brand":[1257],"product_cat":[44],"product_tag":[167,1259,157,643,1258],"class_list":{"0":"post-5873","1":"product","2":"type-product","3":"status-publish","4":"has-post-thumbnail","6":"product_brand-wosport","7":"product_cat-holster","8":"product_tag-black","9":"product_tag-hoger-hant","10":"product_tag-holster","11":"product_tag-svart","12":"product_tag-universal-pistol-holster","13":"product_shipping_class-1-3-arbetsdagar","15":"first","16":"outofstock","17":"taxable","18":"shipping-taxable","19":"purchasable","20":"product-type-simple","21":"add-to-wishlist-before_image"},"_links":{"self":[{"href":"https:\/\/airsoftspecialisten.admaxstage.com\/en\/wp-json\/wp\/v2\/product\/5873","targetHints":{"allow":["GET"]}}],"collection":[{"href":"https:\/\/airsoftspecialisten.admaxstage.com\/en\/wp-json\/wp\/v2\/product"}],"about":[{"href":"https:\/\/airsoftspecialisten.admaxstage.com\/en\/wp-json\/wp\/v2\/types\/product"}],"replies":[{"embeddable":true,"href":"https:\/\/airsoftspecialisten.admaxstage.com\/en\/wp-json\/wp\/v2\/comments?post=5873"}],"wp:featuredmedia":[{"embeddable":true,"href":"https:\/\/airsoftspecialisten.admaxstage.com\/en\/wp-json\/wp\/v2\/media\/5874"}],"wp:attachment":[{"href":"https:\/\/airsoftspecialisten.admaxstage.com\/en\/wp-json\/wp\/v2\/media?parent=5873"}],"wp:term":[{"taxonomy":"product_brand","embeddable":true,"href":"https:\/\/airsoftspecialisten.admaxstage.com\/en\/wp-json\/wp\/v2\/product_brand?post=5873"},{"taxonomy":"product_cat","embeddable":true,"href":"https:\/\/airsoftspecialisten.admaxstage.com\/en\/wp-json\/wp\/v2\/product_cat?post=5873"},{"taxonomy":"product_tag","embeddable":true,"href":"https:\/\/airsoftspecialisten.admaxstage.com\/en\/wp-json\/wp\/v2\/product_tag?post=5873"}],"curies":[{"name":"wp","href":"https:\/\/api.w.org\/{rel}","templated":true}]}}