{"id":6023,"date":"2025-03-04T10:49:01","date_gmt":"2025-03-04T09:49:01","guid":{"rendered":"http:\/\/airsoftspecialisten.admaxstage.com\/?post_type=product&#038;p=6023"},"modified":"2025-12-18T20:02:05","modified_gmt":"2025-12-18T19:02:05","slug":"3-day-assault-pack-black","status":"publish","type":"product","link":"https:\/\/airsoftspecialisten.admaxstage.com\/en\/shop\/stridsutrustning\/vatskesystem-och-ryggsackar\/3-day-assault-pack-black\/","title":{"rendered":"3-Day Assault Pack - Black"},"content":{"rendered":"<p>A versatile tactical backpack that will prove useful on the Airsoft battlefield, as well as in everyday use or on a hiking trip. The backpack has a spacious main compartment with a pocket for liquid cartridges, closed with a two-way zip and two additional front pockets - also equipped with zips.<\/p>\n<p>The main pocket has been rubberised, giving the backpack partial water resistance.<\/p>\n<p>On the front and sides of the backpack, MOLLE modular system straps have been sewn on, allowing the attachment of additional pockets\/loaders. There are also compression straps on the sides and bottom, attached with fastex-type buckles, which can also serve as trousers to attach additional equipment to the outside of the backpack.<\/p>\n<p>The backpack's carrying system consists of adjustable suspenders and a hip belt.<\/p>","protected":false},"excerpt":{"rendered":"<p>En m\u00e5ngsidig taktisk ryggs\u00e4ck som kommer att visa sig anv\u00e4ndbar p\u00e5 Airsoft-slagf\u00e4ltet, s\u00e5v\u00e4l som i dagligt bruk eller p\u00e5 en vandrings resa. Ryggs\u00e4cken har ett rymligt huvud fack med en ficka f\u00f6r v\u00e4tskepatroner, st\u00e4ngd med en tv\u00e5v\u00e4gs dragkedja och tv\u00e5 extra fickor fram &#8211; \u00e4ven utrustade med dragkedjor. Huvud fickan har gummerats, vilket ger ryggs\u00e4cken [&hellip;]<\/p>","protected":false},"featured_media":6024,"comment_status":"closed","ping_status":"closed","template":"","meta":[],"product_brand":[1281],"product_cat":[86],"product_tag":[1282,1283],"class_list":{"0":"post-6023","1":"product","2":"type-product","3":"status-publish","4":"has-post-thumbnail","6":"product_brand-gtf","7":"product_cat-vatskesystem-och-ryggsackar","8":"product_tag-3-day-assault-pack-black","9":"product_tag-gtf","10":"product_shipping_class-1-3-arbetsdagar","12":"first","13":"instock","14":"taxable","15":"shipping-taxable","16":"purchasable","17":"product-type-simple","18":"add-to-wishlist-before_image"},"_links":{"self":[{"href":"https:\/\/airsoftspecialisten.admaxstage.com\/en\/wp-json\/wp\/v2\/product\/6023","targetHints":{"allow":["GET"]}}],"collection":[{"href":"https:\/\/airsoftspecialisten.admaxstage.com\/en\/wp-json\/wp\/v2\/product"}],"about":[{"href":"https:\/\/airsoftspecialisten.admaxstage.com\/en\/wp-json\/wp\/v2\/types\/product"}],"replies":[{"embeddable":true,"href":"https:\/\/airsoftspecialisten.admaxstage.com\/en\/wp-json\/wp\/v2\/comments?post=6023"}],"wp:featuredmedia":[{"embeddable":true,"href":"https:\/\/airsoftspecialisten.admaxstage.com\/en\/wp-json\/wp\/v2\/media\/6024"}],"wp:attachment":[{"href":"https:\/\/airsoftspecialisten.admaxstage.com\/en\/wp-json\/wp\/v2\/media?parent=6023"}],"wp:term":[{"taxonomy":"product_brand","embeddable":true,"href":"https:\/\/airsoftspecialisten.admaxstage.com\/en\/wp-json\/wp\/v2\/product_brand?post=6023"},{"taxonomy":"product_cat","embeddable":true,"href":"https:\/\/airsoftspecialisten.admaxstage.com\/en\/wp-json\/wp\/v2\/product_cat?post=6023"},{"taxonomy":"product_tag","embeddable":true,"href":"https:\/\/airsoftspecialisten.admaxstage.com\/en\/wp-json\/wp\/v2\/product_tag?post=6023"}],"curies":[{"name":"wp","href":"https:\/\/api.w.org\/{rel}","templated":true}]}}