{"id":6041,"date":"2025-03-04T12:28:40","date_gmt":"2025-03-04T11:28:40","guid":{"rendered":"http:\/\/airsoftspecialisten.admaxstage.com\/?post_type=product&#038;p=6041"},"modified":"2025-12-18T20:02:05","modified_gmt":"2025-12-18T19:02:05","slug":"bls-020-bio","status":"publish","type":"product","link":"https:\/\/airsoftspecialisten.admaxstage.com\/en\/shop\/ammunition-drivmedel\/kulor\/bio-kulor\/bls-020-bio\/","title":{"rendered":"BLS 0,20 BIO"},"content":{"rendered":"<p>BLS 0,20g BIO BBs are high quality biodegradable bullets, perfect for airsoft players who want precision and environmental awareness in one! These BBs are polished for an extremely smooth surface, ensuring better flight performance and minimal risk of jamming in the weapon.<\/p>\n<p>\ud83d\udd39 Vikt: 0,20g \u2013 Perfekt f\u00f6r b\u00e5de CQB &amp; utomhusspel<br \/>\n\ud83d\udd39 Biologiskt nedbrytbara \u2013 Milj\u00f6v\u00e4nliga utan att kompromissa p\u00e5 kvalitet<br \/>\n\ud83d\udd39 H\u00f6g precision &amp; polerad yta \u2013 F\u00f6r j\u00e4mn och stabil kulbana<br \/>\n\ud83d\udd39 Passar alla airsoftvapen \u2013 Idealisk f\u00f6r AEG, GBB &amp; snipers<br \/>\n\ud83d\udd39 Tillverkade av BLS \u2013 K\u00e4nda f\u00f6r sin f\u00f6rstklassiga BB-kvalitet<\/p>\n<p>Whether you're a beginner or experienced player, BLS 0.20 BIO BBs deliver reliable performance and precision in every shot!<\/p>","protected":false},"excerpt":{"rendered":"<p>BLS 0,20g BIO BBs \u00e4r biologiskt nedbrytbara kulor av h\u00f6g kvalitet, perfekta f\u00f6r airsoftspelare som vill ha precision och milj\u00f6medvetenhet i ett! Dessa BBs \u00e4r polerade f\u00f6r en extremt j\u00e4mn yta, vilket s\u00e4kerst\u00e4ller b\u00e4ttre flygprestanda och minimal risk f\u00f6r stopp i vapnet. \ud83d\udd39 Vikt: 0,20g \u2013 Perfekt f\u00f6r b\u00e5de CQB &amp; utomhusspel \ud83d\udd39 Biologiskt nedbrytbara [&hellip;]<\/p>","protected":false},"featured_media":6042,"comment_status":"closed","ping_status":"closed","template":"","meta":[],"product_brand":[1130],"product_cat":[60,40],"product_tag":[1291,633,543],"class_list":{"0":"post-6041","1":"product","2":"type-product","3":"status-publish","4":"has-post-thumbnail","6":"product_brand-bls","7":"product_cat-bio-kulor","8":"product_cat-kulor","9":"product_tag-0-20","10":"product_tag-bio","11":"product_tag-bls","12":"product_shipping_class-1-3-arbetsdagar","14":"first","15":"instock","16":"taxable","17":"shipping-taxable","18":"purchasable","19":"product-type-simple","20":"add-to-wishlist-before_image"},"_links":{"self":[{"href":"https:\/\/airsoftspecialisten.admaxstage.com\/en\/wp-json\/wp\/v2\/product\/6041","targetHints":{"allow":["GET"]}}],"collection":[{"href":"https:\/\/airsoftspecialisten.admaxstage.com\/en\/wp-json\/wp\/v2\/product"}],"about":[{"href":"https:\/\/airsoftspecialisten.admaxstage.com\/en\/wp-json\/wp\/v2\/types\/product"}],"replies":[{"embeddable":true,"href":"https:\/\/airsoftspecialisten.admaxstage.com\/en\/wp-json\/wp\/v2\/comments?post=6041"}],"wp:featuredmedia":[{"embeddable":true,"href":"https:\/\/airsoftspecialisten.admaxstage.com\/en\/wp-json\/wp\/v2\/media\/6042"}],"wp:attachment":[{"href":"https:\/\/airsoftspecialisten.admaxstage.com\/en\/wp-json\/wp\/v2\/media?parent=6041"}],"wp:term":[{"taxonomy":"product_brand","embeddable":true,"href":"https:\/\/airsoftspecialisten.admaxstage.com\/en\/wp-json\/wp\/v2\/product_brand?post=6041"},{"taxonomy":"product_cat","embeddable":true,"href":"https:\/\/airsoftspecialisten.admaxstage.com\/en\/wp-json\/wp\/v2\/product_cat?post=6041"},{"taxonomy":"product_tag","embeddable":true,"href":"https:\/\/airsoftspecialisten.admaxstage.com\/en\/wp-json\/wp\/v2\/product_tag?post=6041"}],"curies":[{"name":"wp","href":"https:\/\/api.w.org\/{rel}","templated":true}]}}