{"id":6072,"date":"2025-03-04T14:25:23","date_gmt":"2025-03-04T13:25:23","guid":{"rendered":"http:\/\/airsoftspecialisten.admaxstage.com\/?post_type=product&#038;p=6072"},"modified":"2025-12-18T20:02:05","modified_gmt":"2025-12-18T19:02:05","slug":"acetech-ac6000-mkiii-bt-chronograph","status":"publish","type":"product","link":"https:\/\/airsoftspecialisten.admaxstage.com\/en\/shop\/ammunition-drivmedel\/chronograph\/acetech-ac6000-mkiii-bt-chronograph\/","title":{"rendered":"AceTech AC6000 MKIII BT Chronograph"},"content":{"rendered":"<p>AceTech AC6000 MKIII BT Chronograph<\/p>\n<p>A mobile AceTech AC6000 MKIII BT Chronograph Bluetooth chronograph allows for an accurate BB nose speed measurement. The case was made of strong polymer. Low weight and compact size make it possible to take the device into the field - for example, to test a replica, a CQB arena or an airsoft game in the forest. The chronograph has a standard photographic 1\/4\" thread, which allows it to be mounted on an adjustable bipod included in the kit.<\/p>\n<p>The AceTech AC6000 MKIII BT Chronograph Bluetooth Chronograph features an integrated, clear LCD display powered by an integrated 400 mAh battery, charged with a Micro USB cable included in the kit.<\/p>\n<p>The AceTech AC6000 MKIII BT Chronograph chronograph is equipped with a Bluetooth 2.0 module that allows the device to be connected using a dedicated mobile phone app. The app allows you to quickly and conveniently use the chronograph's functions with a phone. The QR code, necessary for downloading the app, can be found on the cardboard box, in the manual and on the device's casing. The application supports Android 4.3 version and newer or iOS 8.0 or newer.<\/p>\n<p>SPECIFICATION:<\/p>\n<p>- Accurate measurement of BB muzzle velocity, rate of fire and projectile energy<br \/>- Bluetooth 2.0 communication with a dedicated phone app<br \/>- LCD screen<br \/>- dedicated bipod included in the kit<br \/>- polymer casing<br \/>- integrated 400mAh battery<br \/>- can be used in temperatures from 4\u00b0C to <br \/> \/&gt;- adjustable automatic switch-off time<\/p>\n<p>Measurement area:<\/p>\n<p>- Projectile energy: 0 - 999 J<br \/>- Range for 1 metre: 0 - 800 m<br \/>- BB weight: 0.01 - 20 g<br \/>- BB diameter: 0.01 - 20 mm<\/p>\n<p>Set includes:<\/p>\n<p>- chronograph<br \/>-\/&gt;- Micro USB cable<br \/>- User manual<\/p>","protected":false},"excerpt":{"rendered":"<p>AceTech AC6000 MKIII BT Chronograph En mobil AceTech AC6000 MKIII BT Chronograph Bluetooth-kronograf m\u00f6jligg\u00f6r en exakt BB-noshastighetsm\u00e4tning. H\u00f6ljet var tillverkat av stark polymer. L\u00e5g vikt och kompakt storlek g\u00f6r det m\u00f6jligt att ta med enheten i f\u00e4lt &#8211; till exempel f\u00f6r att testa en kopia, en CQB-arena eller ett airsoft-spel i skogen. Kronografen har en [&hellip;]<\/p>","protected":false},"featured_media":6071,"comment_status":"open","ping_status":"closed","template":"","meta":[],"product_brand":[1177],"product_cat":[75],"product_tag":[1297,685,684],"class_list":{"0":"post-6072","1":"product","2":"type-product","3":"status-publish","4":"has-post-thumbnail","6":"product_brand-acetech","7":"product_cat-chronograph","8":"product_tag-acetech-ac6000-mkiii-bt-chronograph","9":"product_tag-chronograf","10":"product_tag-kronograf","11":"product_shipping_class-1-3-arbetsdagar","13":"first","14":"outofstock","15":"taxable","16":"shipping-taxable","17":"purchasable","18":"product-type-simple","19":"add-to-wishlist-before_image"},"_links":{"self":[{"href":"https:\/\/airsoftspecialisten.admaxstage.com\/en\/wp-json\/wp\/v2\/product\/6072","targetHints":{"allow":["GET"]}}],"collection":[{"href":"https:\/\/airsoftspecialisten.admaxstage.com\/en\/wp-json\/wp\/v2\/product"}],"about":[{"href":"https:\/\/airsoftspecialisten.admaxstage.com\/en\/wp-json\/wp\/v2\/types\/product"}],"replies":[{"embeddable":true,"href":"https:\/\/airsoftspecialisten.admaxstage.com\/en\/wp-json\/wp\/v2\/comments?post=6072"}],"wp:featuredmedia":[{"embeddable":true,"href":"https:\/\/airsoftspecialisten.admaxstage.com\/en\/wp-json\/wp\/v2\/media\/6071"}],"wp:attachment":[{"href":"https:\/\/airsoftspecialisten.admaxstage.com\/en\/wp-json\/wp\/v2\/media?parent=6072"}],"wp:term":[{"taxonomy":"product_brand","embeddable":true,"href":"https:\/\/airsoftspecialisten.admaxstage.com\/en\/wp-json\/wp\/v2\/product_brand?post=6072"},{"taxonomy":"product_cat","embeddable":true,"href":"https:\/\/airsoftspecialisten.admaxstage.com\/en\/wp-json\/wp\/v2\/product_cat?post=6072"},{"taxonomy":"product_tag","embeddable":true,"href":"https:\/\/airsoftspecialisten.admaxstage.com\/en\/wp-json\/wp\/v2\/product_tag?post=6072"}],"curies":[{"name":"wp","href":"https:\/\/api.w.org\/{rel}","templated":true}]}}