{"id":6194,"date":"2025-03-14T10:14:45","date_gmt":"2025-03-14T09:14:45","guid":{"rendered":"http:\/\/airsoftspecialisten.admaxstage.com\/?post_type=product&#038;p=6194"},"modified":"2025-12-18T20:02:06","modified_gmt":"2025-12-18T19:02:06","slug":"light-drum-box-mag-pouch-olive-8fields","status":"publish","type":"product","link":"https:\/\/airsoftspecialisten.admaxstage.com\/en\/shop\/stridsutrustning\/taktiska-fickor\/light-drum-box-mag-pouch-olive-8fields\/","title":{"rendered":"Light Drum\/Box Mag Pouch - Olive [8FIELDS]"},"content":{"rendered":"<p>Light Drum\/Box Mag Pouch - Olive [8FIELDS] - Flexible &amp; Spacious Mag Pouch! <\/p>\n<p>This Light Drum\/Box Mag Pouch from 8FIELDS is designed to give you easy and quick access to your drum and box mags during play. Perfect for support gunners and players using high capacity magazines, this pouch combines durability, functionality and sleek design.<\/p>\n<p>Characteristics:<br \/>\nFits drum magazines &amp; box magazines - Ideal for LMG &amp; AEG firearms<br \/>\nAdjustable lid with quick release - For fast reloading in battle<br \/>\nMOLLE compatible - Easy to attach to vests, belts &amp; backpacks<br \/>\nDurable material - Made of durable 1000D polyester for long lasting use<br \/>\nColour: green - Tactical &amp; stylish look<\/p>\n<p>Want to keep up the pace in the field? With the 8FIELDS Light Drum\/Box Mag Pouch you always have your magazine ready!<br \/>\nNOTE the equipment in the pictures as magazine is not included.<\/p>","protected":false},"excerpt":{"rendered":"<p>Light Drum\/Box Mag Pouch &#8211; Olive [8FIELDS] \u2013 Smidig &#038; Rymlig Magasins ficka! Denna Light Drum\/Box Mag Pouch fr\u00e5n 8FIELDS \u00e4r designad f\u00f6r att ge dig enkel och snabb \u00e5tkomst till dina trummagasin och boxmagasin under spelet. Perfekt f\u00f6r support-gunners och spelare som anv\u00e4nder h\u00f6gkapacitetsmagasin, denna ficka kombinerar h\u00e5llbarhet, funktionalitet och smidig design. Egenskaper: Passar [&hellip;]<\/p>","protected":false},"featured_media":6195,"comment_status":"closed","ping_status":"closed","template":"","meta":[],"product_brand":[1050],"product_cat":[35,80],"product_tag":[116,1321,1322,1324,119,1323],"class_list":{"0":"post-6194","1":"product","2":"type-product","3":"status-publish","4":"has-post-thumbnail","6":"product_brand-8fields","7":"product_cat-taktiska-fickor","8":"product_cat-8fields","9":"product_tag-8fields","10":"product_tag-box-mag","11":"product_tag-drum-mag","12":"product_tag-light-drum-box-mag-pouch","13":"product_tag-olive","14":"product_tag-taktisk-ficka","15":"product_shipping_class-1-3-arbetsdagar","17":"first","18":"instock","19":"taxable","20":"shipping-taxable","21":"purchasable","22":"product-type-simple","23":"add-to-wishlist-before_image"},"_links":{"self":[{"href":"https:\/\/airsoftspecialisten.admaxstage.com\/en\/wp-json\/wp\/v2\/product\/6194","targetHints":{"allow":["GET"]}}],"collection":[{"href":"https:\/\/airsoftspecialisten.admaxstage.com\/en\/wp-json\/wp\/v2\/product"}],"about":[{"href":"https:\/\/airsoftspecialisten.admaxstage.com\/en\/wp-json\/wp\/v2\/types\/product"}],"replies":[{"embeddable":true,"href":"https:\/\/airsoftspecialisten.admaxstage.com\/en\/wp-json\/wp\/v2\/comments?post=6194"}],"wp:featuredmedia":[{"embeddable":true,"href":"https:\/\/airsoftspecialisten.admaxstage.com\/en\/wp-json\/wp\/v2\/media\/6195"}],"wp:attachment":[{"href":"https:\/\/airsoftspecialisten.admaxstage.com\/en\/wp-json\/wp\/v2\/media?parent=6194"}],"wp:term":[{"taxonomy":"product_brand","embeddable":true,"href":"https:\/\/airsoftspecialisten.admaxstage.com\/en\/wp-json\/wp\/v2\/product_brand?post=6194"},{"taxonomy":"product_cat","embeddable":true,"href":"https:\/\/airsoftspecialisten.admaxstage.com\/en\/wp-json\/wp\/v2\/product_cat?post=6194"},{"taxonomy":"product_tag","embeddable":true,"href":"https:\/\/airsoftspecialisten.admaxstage.com\/en\/wp-json\/wp\/v2\/product_tag?post=6194"}],"curies":[{"name":"wp","href":"https:\/\/api.w.org\/{rel}","templated":true}]}}