{"id":6296,"date":"2025-03-21T17:32:43","date_gmt":"2025-03-21T16:32:43","guid":{"rendered":"http:\/\/airsoftspecialisten.admaxstage.com\/?post_type=product&#038;p=6296"},"modified":"2025-12-18T20:02:06","modified_gmt":"2025-12-18T19:02:06","slug":"jefftron-scylla-v2-to-front","status":"publish","type":"product","link":"https:\/\/airsoftspecialisten.admaxstage.com\/en\/shop\/vapentillbehor-vapendelar\/interna-delar-aeg\/vaxellada-motor\/jefftron-scylla-v2-to-front\/","title":{"rendered":"JeffTron Scylla - V2 to front"},"content":{"rendered":"<p>Scylla - V2 optical is the most advanced ETU (electronic trigger unit) on the market<\/p>\n<p>It combines optical and magnetic sensors for better handling and durability<\/p>\n<p>Built-in wireless communication for quick installation with iOS or Android smartphones!<\/p>\n<p>Adapter with magnet is attached to the trigger so you can easily adjust its sensitivity from the app<\/p>\n<p>Scylla offers everything you would expect from a processing unit: binary trigger, burst fire, trigger sensitivity, rate of fire reduction, piston precocking, Li-Po alarm, statistics and much more<\/p>\n<p>Real-time response when changing settings -&gt; instant test result<\/p>\n<p>Easy installation in the gearbox (fully integrated in the gearbox instead of the original trigger contacts)<\/p>\n<p>New features are free for all users via online update<\/p>\n<p>Scylla - V2 gives you everything that is important for your gun!<\/p>\n<p>Scylla - V2 supports these airsoft guns:<\/p>\n<p>M4, M16, HK416, AR15 with V2 gearbox according to TM design<br \/>\nM4 with V2 gearbox from Krytac company<br \/>\nSR25 with TM design V2 gearbox<br \/>\nICS SSS gearbox V2<br \/>\nMP5 with V2 gearbox according to TM design<br \/>\nG3 with V2 gearbox of TM design<br \/>\nG&amp;G G2 gearbox V2<br \/>\nM249 with TM design V2 gearbox<br \/>\nM107 BARRETT from Snow wolf company<br \/>\nAnd others ...<br \/>\nScylla - V2 is not compatible with these gearboxes:<br \/>\nKWA gearbox V2.5<br \/>\nS&amp;T or Arcturus gearbox V2<br \/>\nAres Amoeba gearbox V2<br \/>\nAPS eSilver edge gearbox V2<br \/>\nGearbox V2 with microswitch<br \/>\nAnd others ...<\/p>\n<p>Translated with DeepL.com (free version)<\/p>\n<p><a href=\"https:\/\/play.google.com\/store\/apps\/details?id=com.trinerdis.leviathan&#038;hl=sv\" target=\"_blank\" title=\"Jefftron APP\" rel=\"noopener\">https:\/\/play.google.com\/store\/apps\/details?id=com.trinerdis.leviathan&#038;hl=sv<\/a><\/p>","protected":false},"excerpt":{"rendered":"<p>Scylla &#8211; V2 optical \u00e4r marknadens mest avancerade ETU (elektronisk avtryckarenhet) Den kombinerar optiska och magnetiska sensorer f\u00f6r b\u00e4ttre hantering och h\u00e5llbarhet Inbyggd tr\u00e5dl\u00f6s kommunikation f\u00f6r snabb installation med iOS- eller Android-smartphones! Adapter med magnet \u00e4r f\u00e4st p\u00e5 avtryckaren s\u00e5 att du enkelt kan justera dess k\u00e4nslighet fr\u00e5n appen Scylla erbjuder allt du kan f\u00f6rv\u00e4nta [&hellip;]<\/p>","protected":false},"featured_media":6281,"comment_status":"closed","ping_status":"closed","template":"","meta":[],"product_brand":[1354],"product_cat":[43,37,27],"product_tag":[1058,1355,1344,1357],"class_list":{"0":"post-6296","1":"product","2":"type-product","3":"status-publish","4":"has-post-thumbnail","6":"product_brand-jefftron","7":"product_cat-vaxellada-motor","8":"product_cat-interna-delar-aeg","9":"product_cat-vapentillbehor-vapendelar","10":"product_tag-front","11":"product_tag-jefftron","12":"product_tag-mosfet","13":"product_tag-scylla-v2-to-front","14":"product_shipping_class-1-3-arbetsdagar","16":"first","17":"instock","18":"taxable","19":"shipping-taxable","20":"purchasable","21":"product-type-simple","22":"add-to-wishlist-before_image"},"_links":{"self":[{"href":"https:\/\/airsoftspecialisten.admaxstage.com\/en\/wp-json\/wp\/v2\/product\/6296","targetHints":{"allow":["GET"]}}],"collection":[{"href":"https:\/\/airsoftspecialisten.admaxstage.com\/en\/wp-json\/wp\/v2\/product"}],"about":[{"href":"https:\/\/airsoftspecialisten.admaxstage.com\/en\/wp-json\/wp\/v2\/types\/product"}],"replies":[{"embeddable":true,"href":"https:\/\/airsoftspecialisten.admaxstage.com\/en\/wp-json\/wp\/v2\/comments?post=6296"}],"wp:featuredmedia":[{"embeddable":true,"href":"https:\/\/airsoftspecialisten.admaxstage.com\/en\/wp-json\/wp\/v2\/media\/6281"}],"wp:attachment":[{"href":"https:\/\/airsoftspecialisten.admaxstage.com\/en\/wp-json\/wp\/v2\/media?parent=6296"}],"wp:term":[{"taxonomy":"product_brand","embeddable":true,"href":"https:\/\/airsoftspecialisten.admaxstage.com\/en\/wp-json\/wp\/v2\/product_brand?post=6296"},{"taxonomy":"product_cat","embeddable":true,"href":"https:\/\/airsoftspecialisten.admaxstage.com\/en\/wp-json\/wp\/v2\/product_cat?post=6296"},{"taxonomy":"product_tag","embeddable":true,"href":"https:\/\/airsoftspecialisten.admaxstage.com\/en\/wp-json\/wp\/v2\/product_tag?post=6296"}],"curies":[{"name":"wp","href":"https:\/\/api.w.org\/{rel}","templated":true}]}}