{"id":6603,"date":"2025-06-19T14:43:49","date_gmt":"2025-06-19T12:43:49","guid":{"rendered":"http:\/\/airsoftspecialisten.admaxstage.com\/?post_type=product&#038;p=6603"},"modified":"2025-12-18T20:02:08","modified_gmt":"2025-12-18T19:02:08","slug":"maple-leaf-omega-nub-tensioner-rosa","status":"publish","type":"product","link":"https:\/\/airsoftspecialisten.admaxstage.com\/en\/shop\/vapentillbehor-vapendelar\/interna-delar-aeg\/hopuppipa\/maple-leaf-omega-nub-tensioner-rosa\/","title":{"rendered":"Maple Leaf OMEGA NUB Tensioner Pink"},"content":{"rendered":"<p>Silicone OMEGA NUB Tensioner from Maple Leaf in pink.<\/p>\n<p>Hardness 80 Shore.<\/p>\n<p>Provides a significant increase in accuracy.<\/p>\n<p>Ensures precise and even pressure on the BB.<\/p>\n<p>Designed for all Maple Leaf hop-up buckings (MR Hop, Super Macaron, Autobot, Decepticon and others).<\/p>\n<p>Compatible with most AEG\/HPA chambers (and GBB chambers with clamps).<\/p>\n<p>OMEGA NUB tensioner<br \/>\nThe OMEGA NUB cocking device from Maple Leaf is an essential upgrade to improve the accuracy of your airsoft gun. Its specially designed concave shape increases the contact surface with the bullet, ensuring precise and even pressure over the entire surface. This tensioner perfectly complements Maple Leaf hop-up buckings from all series, including Mr Hop, Super Macaron, Autobot and more. It replaces the original tensioner in the hop-up chamber.<\/p>\n<p>Types of OMEGA NUB clamps<br \/>\nSilicone with 50 Shore hardness (suitable for buckles with 50-60 Shore hardness and BB 0.20-0.25 g).<br \/>\nRubber with 60-70 Shore hardness (suitable for buckles with 60-75 Shore hardness and BB 0,25-0,36 g).<br \/>\nSilicone with 80 Shore hardness (suitable for buckles with 70-85 Shore hardness and BB 0.36-0.48 g).<\/p>","protected":false},"excerpt":{"rendered":"<p>Silikon OMEGA NUB Tensioner fr\u00e5n Maple Leaf i rosa. H\u00e5rdhet 80 Shore. Ger en betydande \u00f6kning av noggrannheten. S\u00e4kerst\u00e4ller ett exakt och j\u00e4mnt tryck p\u00e5 BB. Designad f\u00f6r alla Maple Leaf hop-up buckings (MR Hop, Super Macaron, Autobot, Decepticon och andra). Kompatibel med de flesta AEG\/HPA-kammare (och GBB-kammare med sp\u00e4nnare). OMEGA NUB-sp\u00e4nnare OMEGA NUB-sp\u00e4nnaren fr\u00e5n [&hellip;]<\/p>","protected":false},"featured_media":6605,"comment_status":"closed","ping_status":"closed","template":"","meta":[],"product_brand":[212],"product_cat":[42],"product_tag":[214,215,335,337,1399,334],"class_list":{"0":"post-6603","1":"product","2":"type-product","3":"status-publish","4":"has-post-thumbnail","6":"product_brand-maple-leaf","7":"product_cat-hopuppipa","8":"product_tag-hopup","9":"product_tag-maple-leaf","10":"product_tag-nub","11":"product_tag-omega","12":"product_tag-rosa","13":"product_tag-tensioner","14":"product_shipping_class-1-3-arbetsdagar","16":"first","17":"instock","18":"taxable","19":"shipping-taxable","20":"purchasable","21":"product-type-simple","22":"add-to-wishlist-before_image"},"_links":{"self":[{"href":"https:\/\/airsoftspecialisten.admaxstage.com\/en\/wp-json\/wp\/v2\/product\/6603","targetHints":{"allow":["GET"]}}],"collection":[{"href":"https:\/\/airsoftspecialisten.admaxstage.com\/en\/wp-json\/wp\/v2\/product"}],"about":[{"href":"https:\/\/airsoftspecialisten.admaxstage.com\/en\/wp-json\/wp\/v2\/types\/product"}],"replies":[{"embeddable":true,"href":"https:\/\/airsoftspecialisten.admaxstage.com\/en\/wp-json\/wp\/v2\/comments?post=6603"}],"wp:featuredmedia":[{"embeddable":true,"href":"https:\/\/airsoftspecialisten.admaxstage.com\/en\/wp-json\/wp\/v2\/media\/6605"}],"wp:attachment":[{"href":"https:\/\/airsoftspecialisten.admaxstage.com\/en\/wp-json\/wp\/v2\/media?parent=6603"}],"wp:term":[{"taxonomy":"product_brand","embeddable":true,"href":"https:\/\/airsoftspecialisten.admaxstage.com\/en\/wp-json\/wp\/v2\/product_brand?post=6603"},{"taxonomy":"product_cat","embeddable":true,"href":"https:\/\/airsoftspecialisten.admaxstage.com\/en\/wp-json\/wp\/v2\/product_cat?post=6603"},{"taxonomy":"product_tag","embeddable":true,"href":"https:\/\/airsoftspecialisten.admaxstage.com\/en\/wp-json\/wp\/v2\/product_tag?post=6603"}],"curies":[{"name":"wp","href":"https:\/\/api.w.org\/{rel}","templated":true}]}}