{"id":6769,"date":"2025-08-25T19:01:28","date_gmt":"2025-08-25T17:01:28","guid":{"rendered":"http:\/\/airsoftspecialisten.admaxstage.com\/?post_type=product&#038;p=6769"},"modified":"2025-12-18T20:02:09","modified_gmt":"2025-12-18T19:02:09","slug":"invader-gear-flannel-combat-shirt-black-xs","status":"publish","type":"product","link":"https:\/\/airsoftspecialisten.admaxstage.com\/en\/shop\/stridsutrustning\/stridsuniformer-klader\/invader-gear\/invader-gear-flannel-combat-shirt-black-xs\/","title":{"rendered":"Invader Gear Flannel Combat Shirt - Black - XS"},"content":{"rendered":"<p class=\"content\" data-hook=\"product-page-description-content\">Invader Gear's new Flannel Shirt for you who want to maximise your tacticool factor and look sharpest on the track!<\/p>\n<p class=\"content\" data-hook=\"product-page-description-content\">The jersey has a stretch material on the entire chest and stomach that allows you to move easily without the jersey riding up your trousers or struggling.<\/p>\n<p class=\"content\" data-hook=\"product-page-description-content\">There are pockets on both upper arms that can be used to store a mat or similar, and the pockets have Velcro to hold patches.<\/p>\n<p class=\"content\" data-hook=\"product-page-description-content\">The jumper is reinforced at the elbows and the cuffs have Velcro that can be tightened so you don't have excess fabric flapping around.<\/p>\n<p class=\"content\" data-hook=\"product-page-description-content\">The collar of the shirt is high, which can be comfortable as it protects the neck from bullets, chafing gun straps and also from the cold.<\/p>\n<p class=\"content\" data-hook=\"product-page-description-content\">For reference, one of us at<br \/>\nAirsoft specialist this shirt in size medium with a weight of 83kg and length of 183cm and a \"normal\" shoulder width.<\/p>\n<p class=\"content\" data-hook=\"product-page-description-content\">Size table:<br \/>\nSmall: Chest=92cm Arm=62cm<br \/>\nMedium: Chest=100cm Arm=64cm<br \/>\nLarge: Chest=108cm Arm=66cm<br \/>\nXL: Chest=116cm Arm=68cm<\/p>\n<p>XXL: Chest=124cm Arm=70cm<br \/>\nXXXL: Chest=132cm Arm=72cm<\/p>","protected":false},"excerpt":{"rendered":"<p>Invader Gear:s nya Flannel\u00a0 Shirt f\u00f6r dig som vill maxa din tacticool-faktor och se vassast ut p\u00e5 banan! Tr\u00f6jan hara stretchmaterial p\u00e5 hela br\u00f6stet och magen som g\u00f6r att du l\u00e4tt kan r\u00f6ra dig utan att tr\u00f6jan \u00e5ker upp ur byxan eller stretar emot. Fickor finns p\u00e5 b\u00e5da \u00f6verarmarna d\u00e4r tr\u00e4ffduk eller liknande kan f\u00f6rvaras, [&hellip;]<\/p>","protected":false},"featured_media":2673,"comment_status":"closed","ping_status":"closed","template":"","meta":[],"product_brand":[273],"product_cat":[70,51],"product_tag":[498,376,1401],"class_list":{"0":"post-6769","1":"product","2":"type-product","3":"status-publish","4":"has-post-thumbnail","6":"product_brand-invader-gear","7":"product_cat-invader-gear","8":"product_cat-stridsuniformer-klader","9":"product_tag-flannel","10":"product_tag-invader-gear","11":"product_tag-invader-gear-flannel-combat-shirt","12":"product_shipping_class-1-3-arbetsdagar","14":"first","15":"instock","16":"taxable","17":"shipping-taxable","18":"purchasable","19":"product-type-simple","20":"add-to-wishlist-before_image"},"_links":{"self":[{"href":"https:\/\/airsoftspecialisten.admaxstage.com\/en\/wp-json\/wp\/v2\/product\/6769","targetHints":{"allow":["GET"]}}],"collection":[{"href":"https:\/\/airsoftspecialisten.admaxstage.com\/en\/wp-json\/wp\/v2\/product"}],"about":[{"href":"https:\/\/airsoftspecialisten.admaxstage.com\/en\/wp-json\/wp\/v2\/types\/product"}],"replies":[{"embeddable":true,"href":"https:\/\/airsoftspecialisten.admaxstage.com\/en\/wp-json\/wp\/v2\/comments?post=6769"}],"wp:featuredmedia":[{"embeddable":true,"href":"https:\/\/airsoftspecialisten.admaxstage.com\/en\/wp-json\/wp\/v2\/media\/2673"}],"wp:attachment":[{"href":"https:\/\/airsoftspecialisten.admaxstage.com\/en\/wp-json\/wp\/v2\/media?parent=6769"}],"wp:term":[{"taxonomy":"product_brand","embeddable":true,"href":"https:\/\/airsoftspecialisten.admaxstage.com\/en\/wp-json\/wp\/v2\/product_brand?post=6769"},{"taxonomy":"product_cat","embeddable":true,"href":"https:\/\/airsoftspecialisten.admaxstage.com\/en\/wp-json\/wp\/v2\/product_cat?post=6769"},{"taxonomy":"product_tag","embeddable":true,"href":"https:\/\/airsoftspecialisten.admaxstage.com\/en\/wp-json\/wp\/v2\/product_tag?post=6769"}],"curies":[{"name":"wp","href":"https:\/\/api.w.org\/{rel}","templated":true}]}}